{"id":972,"date":"2018-12-25T18:07:55","date_gmt":"2018-12-25T21:07:55","guid":{"rendered":"https:\/\/isfd30-bue.infd.edu.ar\/sitio\/?page_id=972"},"modified":"2025-11-08T12:33:10","modified_gmt":"2025-11-08T15:33:10","slug":"inscripcion-2023","status":"publish","type":"page","link":"https:\/\/isfd30-bue.infd.edu.ar\/sitio\/inscripcion-2023\/","title":{"rendered":"Inscripci\u00f3n 2026"},"content":{"rendered":"\n<div class=\"alignnormal\"><div id=\"metaslider-id-2709\" style=\"width: 100%; margin: 0 auto;\" class=\"ml-slider-3-33-0 metaslider metaslider-flex metaslider-2709 ml-slider ms-theme-simply-dark has-dots-nav\" role=\"region\" aria-roledescription=\"Slideshow\" aria-label=\"Slideshow\">\n    <div id=\"metaslider_container_2709\">\n        <div id=\"metaslider_2709\" class=\"flexslider\">\n            <ul aria-live=\"polite\" class=\"slides\">\n                <li style=\"display: block; width: 100%;\" class=\"slide-2716 ms-image\" aria-roledescription=\"slide\" aria-label=\"slide-2716\"><img src=\"https:\/\/isfd30-bue.infd.edu.ar\/sitio\/wp-content\/uploads\/2025\/11\/Inscripciones-2026-\u2013-Instituto-Superior-N\u00b0-nombre-del-instituto6-900x510.png\" height=\"510\" width=\"900\" alt=\"\" class=\"slider-2709 slide-2716\" title=\"Inscripciones 2026 \u2013 Instituto Superior N\u00b0 (nombre del instituto)(6)\" \/><\/li>\n                <li style=\"display: none; width: 100%;\" class=\"slide-2722 ms-image\" aria-roledescription=\"slide\" aria-label=\"slide-2722\"><img src=\"https:\/\/isfd30-bue.infd.edu.ar\/sitio\/wp-content\/uploads\/2025\/11\/Inscripciones-2026-\u2013-Instituto-Superior-N\u00b0-nombre-del-instituto1-900x510.png\" height=\"510\" width=\"900\" alt=\"\" class=\"slider-2709 slide-2722\" title=\"Inscripciones 2026 \u2013 Instituto Superior N\u00b0 (nombre del instituto)(1)\" \/><\/li>\n                <li style=\"display: none; width: 100%;\" class=\"slide-2723 ms-image\" aria-roledescription=\"slide\" aria-label=\"slide-2723\"><img src=\"https:\/\/isfd30-bue.infd.edu.ar\/sitio\/wp-content\/uploads\/2025\/11\/3-3-900x510.png\" height=\"510\" width=\"900\" alt=\"\" class=\"slider-2709 slide-2723\" title=\"3\" \/><\/li>\n                <li style=\"display: none; width: 100%;\" class=\"slide-2724 ms-image\" aria-roledescription=\"slide\" aria-label=\"slide-2724\"><img src=\"https:\/\/isfd30-bue.infd.edu.ar\/sitio\/wp-content\/uploads\/2025\/11\/4-2-900x510.png\" height=\"510\" width=\"900\" alt=\"\" class=\"slider-2709 slide-2724\" title=\"4\" \/><\/li>\n                <li style=\"display: none; width: 100%;\" class=\"slide-2725 ms-image\" aria-roledescription=\"slide\" aria-label=\"slide-2725\"><img src=\"https:\/\/isfd30-bue.infd.edu.ar\/sitio\/wp-content\/uploads\/2025\/11\/Inscripciones-2026-\u2013-Instituto-Superior-N\u00b0-nombre-del-instituto4-900x510.png\" height=\"510\" width=\"900\" alt=\"\" class=\"slider-2709 slide-2725\" title=\"Inscripciones 2026 \u2013 Instituto Superior N\u00b0 (nombre del instituto)(4)\" \/><\/li>\n                <li style=\"display: none; width: 100%;\" class=\"slide-2726 ms-image\" aria-roledescription=\"slide\" aria-label=\"slide-2726\"><img src=\"https:\/\/isfd30-bue.infd.edu.ar\/sitio\/wp-content\/uploads\/2025\/11\/Inscripciones-2026-\u2013-Instituto-Superior-N\u00b0-nombre-del-instituto5-900x510.png\" height=\"510\" width=\"900\" alt=\"\" class=\"slider-2709 slide-2726\" title=\"Inscripciones 2026 \u2013 Instituto Superior N\u00b0 (nombre del instituto)(5)\" \/><\/li>\n            <\/ul>\n        <\/div>\n        \n    <\/div>\n<\/div><\/div>\n\n\n<p><\/p>\n<p>Accede al <span style=\"color: #993366;\"><strong>FORMULARIO DE PREINSCRIPCI\u00d3N<\/strong><\/span> mediante el&nbsp; siguiente c\u00f3digo QR o a trav\u00e9s&nbsp; link:&nbsp; <a href=\"https:\/\/forms.gle\/Vno3Kfkdecv1PXrk6\">formulario de Preinscripci\u00f3n Online.<\/a><\/p>\n<p style=\"text-align: center;\"><a href=\"https:\/\/isfd30-bue.infd.edu.ar\/sitio\/wp-content\/uploads\/2025\/11\/QR-pre.png\"><img decoding=\"async\" loading=\"lazy\" class=\"alignnone  wp-image-2732\" src=\"https:\/\/isfd30-bue.infd.edu.ar\/sitio\/wp-content\/uploads\/2025\/11\/QR-pre.png\" alt=\"\" width=\"193\" height=\"193\"><\/a><\/p>\n<p><\/p>\n\n\n<div class=\"wp-block-group is-layout-constrained\"><div class=\"wp-block-group__inner-container\">\n<div class=\"wp-block-group is-layout-constrained\"><div class=\"wp-block-group__inner-container\">\n<div class=\"wp-block-columns is-layout-flex wp-container-4\">\n<div class=\"wp-block-column is-layout-flow\" style=\"flex-basis:100%\">\n<figure class=\"wp-block-gallery has-nested-images columns-default is-cropped wp-block-gallery-1 is-layout-flex\">\n<figure class=\"wp-block-image size-large is-style-default\"><img decoding=\"async\" loading=\"lazy\" width=\"1343\" height=\"1900\" src=\"https:\/\/isfd30-bue.infd.edu.ar\/sitio\/wp-content\/uploads\/2025\/11\/flyer-carreras1-1-1343x1900.png\" alt=\"\" class=\"wp-image-2814\" srcset=\"https:\/\/isfd30-bue.infd.edu.ar\/sitio\/wp-content\/uploads\/2025\/11\/flyer-carreras1-1-1343x1900.png 1343w, https:\/\/isfd30-bue.infd.edu.ar\/sitio\/wp-content\/uploads\/2025\/11\/flyer-carreras1-1-707x1000.png 707w, https:\/\/isfd30-bue.infd.edu.ar\/sitio\/wp-content\/uploads\/2025\/11\/flyer-carreras1-1-768x1086.png 768w, https:\/\/isfd30-bue.infd.edu.ar\/sitio\/wp-content\/uploads\/2025\/11\/flyer-carreras1-1-1086x1536.png 1086w, https:\/\/isfd30-bue.infd.edu.ar\/sitio\/wp-content\/uploads\/2025\/11\/flyer-carreras1-1.png 1414w\" sizes=\"(max-width: 1343px) 100vw, 1343px\" \/><\/figure>\n<\/figure>\n<\/div>\n<\/div>\n<\/div><\/div>\n\n\n\n<h2 class=\"wp-block-heading alignwide\">                                           \u00a1Te esperamos!<\/h2>\n\n\n\n<p>Importante: No funciona el tel\u00e9fono. Por cualquier consulta pueden dirigirse a isfd30.da.vinci@gmail.com o venir al Instituto.<\/p>\n<\/div><\/div>\n","protected":false},"excerpt":{"rendered":"<p>Accede al FORMULARIO DE PREINSCRIPCI\u00d3N mediante el&nbsp; siguiente c\u00f3digo QR o a trav\u00e9s&nbsp; link:&nbsp; formulario de Preinscripci\u00f3n Online. \u00a1Te esperamos! Importante: No funciona el tel\u00e9fono. Por cualquier consulta pueden dirigirse a isfd30.da.vinci@gmail.com o venir al Instituto.<\/p>\n","protected":false},"author":334,"featured_media":0,"parent":0,"menu_order":0,"comment_status":"closed","ping_status":"closed","template":"","meta":[],"acf":[],"_links":{"self":[{"href":"https:\/\/isfd30-bue.infd.edu.ar\/sitio\/wp-json\/wp\/v2\/pages\/972"}],"collection":[{"href":"https:\/\/isfd30-bue.infd.edu.ar\/sitio\/wp-json\/wp\/v2\/pages"}],"about":[{"href":"https:\/\/isfd30-bue.infd.edu.ar\/sitio\/wp-json\/wp\/v2\/types\/page"}],"author":[{"embeddable":true,"href":"https:\/\/isfd30-bue.infd.edu.ar\/sitio\/wp-json\/wp\/v2\/users\/334"}],"replies":[{"embeddable":true,"href":"https:\/\/isfd30-bue.infd.edu.ar\/sitio\/wp-json\/wp\/v2\/comments?post=972"}],"version-history":[{"count":70,"href":"https:\/\/isfd30-bue.infd.edu.ar\/sitio\/wp-json\/wp\/v2\/pages\/972\/revisions"}],"predecessor-version":[{"id":2818,"href":"https:\/\/isfd30-bue.infd.edu.ar\/sitio\/wp-json\/wp\/v2\/pages\/972\/revisions\/2818"}],"wp:attachment":[{"href":"https:\/\/isfd30-bue.infd.edu.ar\/sitio\/wp-json\/wp\/v2\/media?parent=972"}],"curies":[{"name":"wp","href":"https:\/\/api.w.org\/{rel}","templated":true}]}}