{"id":873,"date":"2018-08-29T19:03:19","date_gmt":"2018-08-29T22:03:19","guid":{"rendered":"https:\/\/isfd30-bue.infd.edu.ar\/sitio\/plan-de-estudios-nuevo\/"},"modified":"2026-02-05T20:11:27","modified_gmt":"2026-02-05T23:11:27","slug":"plan-de-estudios-ing","status":"publish","type":"page","link":"https:\/\/isfd30-bue.infd.edu.ar\/sitio\/plan-de-estudios-ing\/","title":{"rendered":"Plan de Estudios"},"content":{"rendered":"<p><span style=\"font-size: 10pt; color: #000080;\"><strong><span style=\"font-family: arial, helvetica, sans-serif;\">Horario:\u00a0Lunes a Viernes de\u00a018:00 a 22:10 Hs.<\/span><\/strong><\/span><br \/>\n<span style=\"font-size: 10pt; color: #000080;\"><strong><span style=\"font-family: arial, helvetica, sans-serif;\">\u00a0 \u00a0 \u00a0 \u00a0 \u00a0 \u00a0 \u00a0S\u00e1bados de 8:00 a 12:10 Hs.<\/span><\/strong><\/span><\/p>\n<p style=\"text-align: justify;\"><span style=\"color: #000080;\"><strong><span style=\"font-family: arial, helvetica, sans-serif; font-size: 12pt;\">El Plan de estudios (<a href=\"https:\/\/isfd30-bue.infd.edu.ar\/sitio\/wp-content\/uploads\/2020\/07\/Res_1860-17.pdf\">ver Dise\u00f1o Curricular<\/a>) correspondiente a la carrera \u00abProfesorado de Ingl\u00e9s\u00bb ha sido aprobado por la Resoluci\u00f3n N\u00b0 1860\/17, y se compone de las siguientes asignaturas:<\/span><br \/>\n<\/strong><\/span><\/p>\n<p><span style=\"font-size: 10pt; color: #000080;\"><strong><span style=\"font-family: arial, helvetica, sans-serif;\">Curso de Formaci\u00f3n B\u00e1sica:<\/span><\/strong><\/span><\/p>\n<table id=\"table1\" style=\"width: 100%;\" border=\"1\" cellspacing=\"1\" cellpadding=\"2\">\n<tbody>\n<tr>\n<td style=\"text-align: center;\" width=\"70%\"><span style=\"font-size: 10pt; font-family: arial, helvetica, sans-serif; color: #000080;\">Materia<\/span><\/td>\n<td style=\"text-align: center;\" width=\"30%\"><span style=\"font-size: 10pt; font-family: arial, helvetica, sans-serif; color: #000080;\">Docente<\/span><\/td>\n<\/tr>\n<tr>\n<td width=\"70%\"><span style=\"font-size: 10pt; font-family: arial, helvetica, sans-serif; color: #000080;\">Expresi\u00f3n Oral (Grupo 1)<\/span><\/td>\n<td width=\"30%\"><span style=\"font-size: 10pt; font-family: arial, helvetica, sans-serif; color: #000080;\">Amartino, Marina\u00a0<\/span><\/td>\n<\/tr>\n<tr>\n<td width=\"70%\"><span style=\"font-size: 10pt; font-family: arial, helvetica, sans-serif; color: #000080;\">Expresi\u00f3n Escrita\u00a0(Grupo 1)<\/span><\/td>\n<td width=\"30%\"><span style=\"color: #000080; font-family: arial, helvetica, sans-serif;\"><span style=\"font-size: 13.3333px;\">Palacios, Melany (Ogi\u00e1n, Ariel)<\/span><\/span><\/td>\n<\/tr>\n<tr>\n<td width=\"70%\"><span style=\"font-size: 10pt; font-family: arial, helvetica, sans-serif; color: #000080;\">Expresi\u00f3n Oral\u00a0<span style=\"font-family: arial, helvetica, sans-serif;\">(Grupo 2)<\/span><\/span><\/td>\n<td width=\"30%\"><span style=\"font-size: 10pt; font-family: arial, helvetica, sans-serif; color: #000080;\">Amartino, Marina<\/span><\/td>\n<\/tr>\n<tr>\n<td width=\"70%\"><span style=\"font-size: 10pt; font-family: arial, helvetica, sans-serif; color: #000080;\">Expresi\u00f3n Escrita\u00a0(Grupo 2)<\/span><\/td>\n<td width=\"30%\"><span style=\"font-size: 10pt; font-family: arial, helvetica, sans-serif; color: #000080;\">Raspa, Jonathan<\/span><\/td>\n<\/tr>\n<\/tbody>\n<\/table>\n<p><span style=\"color: #000080;\"><strong><span style=\"font-size: 10pt; font-family: arial, helvetica, sans-serif;\">Primer a\u00f1o:<\/span><\/strong><\/span><\/p>\n<table id=\"table1\" style=\"width: 100%;\" border=\"1\" cellspacing=\"1\" cellpadding=\"2\">\n<tbody>\n<tr>\n<td style=\"text-align: center;\" width=\"70%\"><span style=\"font-size: 10pt; font-family: arial, helvetica, sans-serif; color: #000080;\">Materia<\/span><\/td>\n<td style=\"text-align: center;\" width=\"30%\"><span style=\"font-size: 10pt; font-family: arial, helvetica, sans-serif; color: #000080;\">Docente<\/span><\/td>\n<\/tr>\n<tr>\n<td width=\"70%\"><span style=\"font-family: arial, helvetica, sans-serif; font-size: 10pt; color: #000080;\"><b style=\"font-family: arial, helvetica, sans-serif; font-size: 10pt;\">CAMPO DE LA <\/b><span style=\"font-family: arial, helvetica, sans-serif;\"><span style=\"font-size: 13.3333px;\"><b>FORMACI\u00d3N<\/b><\/span><\/span><b style=\"font-family: arial, helvetica, sans-serif; font-size: 10pt;\">\u00a0GENERAL<\/b><\/span><\/td>\n<td width=\"30%\"><span style=\"font-size: 10pt; font-family: arial, helvetica, sans-serif; color: #000080;\">\u00a0<\/span><\/td>\n<\/tr>\n<tr>\n<td width=\"70%\"><span style=\"font-size: 10pt; font-family: arial, helvetica, sans-serif; color: #000080;\">\u00a0Pedagog\u00eda<\/span><\/td>\n<td width=\"30%\"><span style=\"font-family: arial, helvetica, sans-serif; font-size: 10pt; color: #000080;\">Bertolani, Jorge<\/span><\/td>\n<\/tr>\n<tr>\n<td width=\"70%\"><span style=\"font-size: 10pt; font-family: arial, helvetica, sans-serif; color: #000080;\">\u00a0Did\u00e1ctica General<\/span><\/td>\n<td width=\"30%\"><span style=\"font-family: arial, helvetica, sans-serif; font-size: 10pt; color: #000080;\">Arias Bol\u00e1\u00f1ez, Mar\u00eda Florencia<\/span><\/td>\n<\/tr>\n<tr>\n<td width=\"70%\"><span style=\"font-size: 10pt; font-family: arial, helvetica, sans-serif; color: #000080;\">\u00a0Problem\u00e1ticas Socio Institucionales<\/span><\/td>\n<td width=\"30%\"><span style=\"font-family: arial, helvetica, sans-serif; font-size: 10pt; color: #000080;\">Arias Bol\u00e1\u00f1ez, Mar\u00eda Florencia (Ghi, Lucas)\u00a0<\/span><\/td>\n<\/tr>\n<tr>\n<td width=\"70%\"><span style=\"font-family: arial, helvetica, sans-serif; font-size: 10pt; color: #000080;\"><b style=\"font-family: arial, helvetica, sans-serif; font-size: 10pt;\">CAMPO DE LA <\/b><span style=\"font-family: arial, helvetica, sans-serif;\"><span style=\"font-size: 13.3333px;\"><b>FORMACI\u00d3N<\/b><\/span><\/span><b style=\"font-family: arial, helvetica, sans-serif; font-size: 10pt;\">\u00a0ESPECIFICA<\/b><\/span><\/td>\n<td width=\"30%\"><span style=\"font-size: 10pt; font-family: arial, helvetica, sans-serif; color: #000080;\">\u00a0<\/span><\/td>\n<\/tr>\n<tr>\n<td width=\"70%\"><span style=\"font-size: 10pt; font-family: arial, helvetica, sans-serif; color: #000080;\">\u00a0Pr\u00e1cticas Discursivas de la Comunicaci\u00f3n Oral I<\/span><\/td>\n<td width=\"30%\"><span style=\"font-family: arial, helvetica, sans-serif; font-size: 10pt; color: #000080;\">Torres, Roberto Carlos\u00a0<\/span><\/td>\n<\/tr>\n<tr>\n<td width=\"70%\"><span style=\"font-family: arial, helvetica, sans-serif; font-size: 10pt; color: #000080;\">\u00a0Pr\u00e1cticas Discursivas de la Comunicaci\u00f3n\u00a0Escrita I<\/span><\/td>\n<td width=\"30%\"><span style=\"font-size: 10pt; font-family: arial, helvetica, sans-serif; color: #000080;\">Ogi\u00e1n, Ariel\u00a0<\/span><\/td>\n<\/tr>\n<tr>\n<td width=\"70%\"><span style=\"font-family: arial, helvetica, sans-serif; font-size: 10pt; color: #000080;\"> \u00a0Pr\u00e1cticas Discursivas del \u00c1mbito Acad\u00e9mico en Espa\u00f1ol<\/span><\/td>\n<td width=\"30%\"><span style=\"font-size: 10pt; font-family: arial, helvetica, sans-serif; color: #000080;\">Macri, Graciela\u00a0<\/span><\/td>\n<\/tr>\n<tr>\n<td width=\"70%\"><span style=\"font-size: 10pt; font-family: arial, helvetica, sans-serif; color: #000080;\">\u00a0Introducci\u00f3n al Ingl\u00e9s con Fines Acad\u00e9micos<\/span><\/td>\n<td width=\"30%\"><span style=\"font-size: 10pt; font-family: arial, helvetica, sans-serif; color: #000080;\">Sanjurjo, Mariana<\/span><\/td>\n<\/tr>\n<tr>\n<td width=\"70%\"><span style=\"font-size: 10pt; font-family: arial, helvetica, sans-serif; color: #000080;\">\u00a0Estudios Interculturales en Lengua Inglesa I<\/span><\/td>\n<td width=\"30%\"><span style=\"font-size: 10pt; font-family: arial, helvetica, sans-serif; color: #000080;\">Palacios, Melany<\/span><\/td>\n<\/tr>\n<tr>\n<td width=\"70%\"><span style=\"font-family: arial, helvetica, sans-serif; font-size: 10pt; color: #000080;\"><strong>CAMPO DE LA FORMACI\u00d3N EN LA PR\u00c1CTICA PROFESIONAL<\/strong><\/span><\/td>\n<td width=\"30%\"><\/td>\n<\/tr>\n<tr>\n<td width=\"70%\"><span style=\"font-size: 10pt; font-family: arial, helvetica, sans-serif; color: #000080;\">\u00a0CFPP 1: Componentes del Trabajo Docente<\/span><\/td>\n<td width=\"30%\"><span style=\"font-family: arial, helvetica, sans-serif; font-size: 10pt; color: #000080;\">De Cousandier, Martha\u00a0<\/span><\/td>\n<\/tr>\n<\/tbody>\n<\/table>\n<p><span style=\"color: #000080;\"><strong><span style=\"font-size: 10pt; font-family: arial, helvetica, sans-serif;\">Segundo\u00a0a\u00f1o:<\/span><\/strong><\/span><\/p>\n<table id=\"table1\" style=\"width: 1021px; height: 523px;\" border=\"1\" cellspacing=\"1\" cellpadding=\"2\">\n<tbody>\n<tr style=\"height: 13px;\">\n<td style=\"text-align: center; height: 13px;\" width=\"70%\"><span style=\"font-size: 10pt; font-family: arial, helvetica, sans-serif; color: #000080;\">Materia<\/span><\/td>\n<td style=\"text-align: center; height: 13px;\" width=\"30%\"><span style=\"font-size: 10pt; font-family: arial, helvetica, sans-serif; color: #000080;\">Docente<\/span><\/td>\n<\/tr>\n<tr style=\"height: 13px;\">\n<td style=\"height: 13px;\" width=\"70%\"><span style=\"font-size: 10pt; color: #000080;\"><span style=\"font-family: arial, helvetica, sans-serif;\"><span style=\"font-size: 10pt; font-family: arial, helvetica, sans-serif;\"><b>CAMPO DE LA <\/b><\/span><span style=\"font-family: arial, helvetica, sans-serif;\"><span style=\"font-size: 13.3333px;\"><b>FORMACI\u00d3N<\/b><\/span><\/span><span style=\"font-size: 10pt; font-family: arial, helvetica, sans-serif;\"><b>\u00a0GENERAL<\/b><\/span><\/span><\/span><\/td>\n<td style=\"height: 13px;\" width=\"30%\"><span style=\"font-size: 10pt; font-family: arial, helvetica, sans-serif; color: #000080;\">\u00a0<\/span><\/td>\n<\/tr>\n<tr style=\"height: 13px;\">\n<td style=\"height: 13px;\" width=\"70%\"><span style=\"font-size: 10pt; font-family: arial, helvetica, sans-serif; color: #000080;\">\u00a0Historia y Pol\u00edtica Argentinas<\/span><\/td>\n<td style=\"height: 13px;\" width=\"30%\"><span style=\"font-size: 10pt; font-family: arial, helvetica, sans-serif; color: #000080;\">\u00a0Messina, Edgardo<\/span><\/td>\n<\/tr>\n<tr style=\"height: 13px;\">\n<td style=\"height: 13px;\" width=\"70%\"><span style=\"font-size: 10pt; color: #000080;\"><span style=\"font-family: arial, helvetica, sans-serif;\">\u00a0<\/span><span style=\"font-family: arial, helvetica, sans-serif;\">Ense\u00f1ar con Tecnolog\u00edas<\/span><\/span><\/td>\n<td style=\"height: 13px;\" width=\"30%\"><span style=\"font-size: 10pt; font-family: arial, helvetica, sans-serif; color: #000080;\">\u00a0Trenti, Andrea<\/span><\/td>\n<\/tr>\n<tr style=\"height: 13px;\">\n<td style=\"height: 13px;\" width=\"70%\"><span style=\"font-size: 10pt; font-family: arial, helvetica, sans-serif; color: #000080;\">\u00a0Perspectivas Acerca de los Sujetos en la Educaci\u00f3n<\/span><\/td>\n<td style=\"height: 13px;\" width=\"30%\"><span style=\"font-size: 10pt; font-family: arial, helvetica, sans-serif; color: #000080;\">\u00a0Diaz Luciana (Ner\u00f3n Sementa, Dania)<\/span><\/td>\n<\/tr>\n<tr style=\"height: 13px;\">\n<td style=\"height: 13px;\" width=\"70%\"><span style=\"font-family: arial, helvetica, sans-serif; font-size: 10pt; color: #000080;\"><b style=\"font-family: arial, helvetica, sans-serif; font-size: 10pt;\">CAMPO DE LA <\/b><span style=\"font-family: arial, helvetica, sans-serif;\"><span style=\"font-size: 13.3333px;\"><b>FORMACI\u00d3N<\/b><\/span><\/span><b style=\"font-family: arial, helvetica, sans-serif; font-size: 10pt;\">\u00a0ESPECIFICA<\/b><\/span><\/td>\n<td style=\"height: 13px;\" width=\"30%\"><span style=\"font-size: 10pt; color: #000080;\">\u00a0<\/span><\/td>\n<\/tr>\n<tr style=\"height: 13px;\">\n<td style=\"height: 13px;\" width=\"70%\"><span style=\"font-family: arial, helvetica, sans-serif; font-size: 10pt; color: #000080;\">\u00a0Pr\u00e1cticas Discursivas de la Comunicaci\u00f3n Oral II<\/span><\/td>\n<td style=\"height: 13px;\" width=\"30%\"><span style=\"font-size: 10pt; font-family: arial, helvetica, sans-serif; color: #000080;\">\u00a0Viera, Paula<\/span><\/td>\n<\/tr>\n<tr style=\"height: 13px;\">\n<td style=\"height: 13px;\" width=\"70%\"><span style=\"font-family: arial, helvetica, sans-serif; font-size: 10pt; color: #000080;\">\u00a0Pr\u00e1cticas Discursivas de la Comunicaci\u00f3n\u00a0Escrita II<\/span><\/td>\n<td style=\"height: 13px;\" width=\"30%\"><span style=\"font-size: 10pt; font-family: arial, helvetica, sans-serif; color: #000080;\">\u00a0Foligna, Mercedes (Raspa, Jonathan)<\/span><\/td>\n<\/tr>\n<tr style=\"height: 13px;\">\n<td style=\"height: 13px;\" width=\"70%\"><span style=\"font-size: 10pt; font-family: arial, helvetica, sans-serif; color: #000080;\">\u00a0Fundamentos de la Ense\u00f1anza y el Aprendizaje en Ingl\u00e9s I<\/span><\/td>\n<td style=\"height: 13px;\" width=\"30%\"><span style=\"font-size: 10pt; font-family: arial, helvetica, sans-serif; color: #000080;\">\u00a0Sanjurjo, Mariana<\/span><\/td>\n<\/tr>\n<tr style=\"height: 13px;\">\n<td style=\"height: 13px;\" width=\"70%\"><span style=\"font-size: 10pt; font-family: arial, helvetica, sans-serif; color: #000080;\">\u00a0Literatura en Lengua Inglesa y Ni\u00f1ez<\/span><\/td>\n<td style=\"height: 13px;\" width=\"30%\"><span style=\"font-size: 10pt; font-family: arial, helvetica, sans-serif; color: #000080;\">\u00a0Conticello, Miriam (Sanjurjo, Mariana)<\/span><\/td>\n<\/tr>\n<tr style=\"height: 13px;\">\n<td style=\"height: 13px;\" width=\"70%\"><span style=\"font-size: 10pt; font-family: arial, helvetica, sans-serif; color: #000080;\">\u00a0Estudios Interculturales en Lengua Inglesa II<\/span><\/td>\n<td style=\"height: 13px;\" width=\"30%\"><span style=\"font-size: 10pt; font-family: arial, helvetica, sans-serif; color: #000080;\">\u00a0Amartino, Marina (Raspa, Jonathan)<\/span><\/td>\n<\/tr>\n<tr style=\"height: 13px;\">\n<td style=\"height: 13px;\" width=\"70%\"><span style=\"font-family: arial, helvetica, sans-serif; font-size: 10pt; color: #000080;\"><strong>CAMPO DE LA FORMACI\u00d3N EN LA PR\u00c1CTICA PROFESIONAL<\/strong><\/span><\/td>\n<td style=\"height: 13px;\" width=\"30%\"><span style=\"font-size: 10pt; font-family: arial, helvetica, sans-serif; color: #000080;\">\u00a0<\/span><\/td>\n<\/tr>\n<tr style=\"height: 13px;\">\n<td style=\"height: 13px;\" width=\"70%\"><span style=\"font-size: 10pt; font-family: arial, helvetica, sans-serif; color: #000080;\">\u00a0CFPP 2:\u00a0La Construcci\u00f3n del Trabajo Docente en la Escuela Primaria y Secundaria<\/span><\/td>\n<td style=\"height: 13px;\" width=\"30%\"><span style=\"font-size: 10pt; font-family: arial, helvetica, sans-serif; color: #000080;\">\u00a0Capace, Bel\u00e9n (Lucente, Mariela)<\/span><span style=\"font-size: 10pt; font-family: arial, helvetica, sans-serif; color: #000080;\"> \/ <\/span><span style=\"font-size: 10pt; font-family: arial, helvetica, sans-serif; color: #000080;\">Viera, Paula<\/span><\/td>\n<\/tr>\n<\/tbody>\n<\/table>\n<p><span style=\"color: #000080;\"><strong><span style=\"font-size: 10pt; font-family: arial, helvetica, sans-serif;\">Tercer a\u00f1o:<\/span><\/strong><\/span><\/p>\n<table id=\"table1\" style=\"width: 100%;\" border=\"1\" cellspacing=\"1\" cellpadding=\"2\">\n<tbody>\n<tr>\n<td style=\"text-align: center;\" width=\"70%\"><span style=\"font-size: 10pt; font-family: arial, helvetica, sans-serif; color: #000080;\">Materia<\/span><\/td>\n<td style=\"text-align: center;\" width=\"30%\"><span style=\"font-size: 10pt; font-family: arial, helvetica, sans-serif; color: #000080;\">Docente<\/span><\/td>\n<\/tr>\n<tr>\n<td width=\"70%\"><span style=\"font-size: 10pt; font-family: arial, helvetica, sans-serif; color: #000080;\">CAMPO DE LA FORMACI\u00d3N GENERAL<\/span><\/td>\n<td width=\"30%\"><span style=\"font-size: 10pt; font-family: arial, helvetica, sans-serif; color: #000080;\">\u00a0<\/span><\/td>\n<\/tr>\n<tr>\n<td width=\"70%\"><span style=\"font-size: 10pt; font-family: arial, helvetica, sans-serif; color: #000080;\">\u00a0Educaci\u00f3n para la Diversidad<\/span><\/td>\n<td width=\"30%\"><span style=\"color: #000080;\"><span style=\"font-size: 10pt; font-family: arial, helvetica, sans-serif; color: #000080;\">Alor Rojas, Beatriz<\/span><\/span><\/td>\n<\/tr>\n<tr>\n<td width=\"70%\"><span style=\"font-size: 10pt; font-family: arial, helvetica, sans-serif; color: #000080;\">\u00a0Filosof\u00eda y Educaci\u00f3n<\/span><\/td>\n<td width=\"30%\"><span style=\"font-size: 10pt; font-family: arial, helvetica, sans-serif; color: #000080;\">V\u00e1zquez, Muriel\u00a0<\/span><\/td>\n<\/tr>\n<tr>\n<td width=\"70%\"><span style=\"font-size: 10pt; font-family: arial, helvetica, sans-serif; color: #000080;\">Evaluaci\u00f3n de los Aprendizajes<\/span><\/td>\n<td width=\"30%\"><span style=\"font-size: 10pt; font-family: arial, helvetica, sans-serif; color: #000080;\">Arias Bola\u00f1ez Mar\u00eda Florencia<\/span><\/td>\n<\/tr>\n<tr>\n<td width=\"70%\"><span style=\"font-size: 10pt; font-family: arial, helvetica, sans-serif; color: #000080;\">\u00a0Oferta de Unidades Curriculares optativas para el Estudiante<\/span><\/td>\n<td width=\"30%\"><\/td>\n<\/tr>\n<tr>\n<td width=\"70%\"><span style=\"font-size: 10pt; font-family: arial, helvetica, sans-serif; color: #000080;\">\u00a0 \u00a0 \u00a0Opci\u00f3n 1: Segunda Lengua Extranjera<\/span><\/td>\n<td width=\"30%\"><span style=\"font-size: 10pt; font-family: arial, helvetica, sans-serif; color: #000080;\">Castro Azevedo, Maria<\/span><\/td>\n<\/tr>\n<tr>\n<td width=\"70%\"><span style=\"font-size: 10pt; font-family: arial, helvetica, sans-serif; color: #000080;\">\u00a0 \u00a0 \u00a0Opci\u00f3n 2: Oratoria y Ret\u00f3rica Docente<\/span><\/td>\n<td width=\"30%\"><span style=\"font-size: 10pt; font-family: arial, helvetica, sans-serif; color: #000080;\"> Carabajal, Emilia<\/span><\/td>\n<\/tr>\n<tr>\n<td width=\"70%\"><span style=\"font-size: 10pt; font-family: arial, helvetica, sans-serif; color: #000080;\">CAMPO DE LA FORMACI\u00d3N ESPECIFICA<\/span><\/td>\n<td width=\"30%\"><\/td>\n<\/tr>\n<tr>\n<td width=\"70%\"><span style=\"font-size: 10pt; font-family: arial, helvetica, sans-serif; color: #000080;\">\u00a0Pr\u00e1cticas Discursivas de la Comunicaci\u00f3n Oral III<\/span><\/td>\n<td width=\"30%\"><span style=\"font-size: 10pt; font-family: arial, helvetica, sans-serif; color: #000080;\">Torres, Roberto Carlos<\/span><\/td>\n<\/tr>\n<tr>\n<td width=\"70%\"><span style=\"font-size: 10pt; font-family: arial, helvetica, sans-serif; color: #000080;\">\u00a0Pr\u00e1cticas Discursivas de la Comunicaci\u00f3n\u00a0Escrita III<\/span><\/td>\n<td width=\"30%\"><span style=\"font-size: 10pt; font-family: arial, helvetica, sans-serif; color: #000080;\">Bigatti, Blas<\/span><\/td>\n<\/tr>\n<tr>\n<td width=\"70%\"><span style=\"font-size: 10pt; font-family: arial, helvetica, sans-serif; color: #000080;\">\u00a0Fundamentos de la Ense\u00f1anza y el Aprendizaje en Ingl\u00e9s II<\/span><\/td>\n<td width=\"30%\"><span style=\"font-size: 10pt; font-family: arial, helvetica, sans-serif; color: #000080;\">Sanjurjo, Mariana<\/span><\/td>\n<\/tr>\n<tr>\n<td width=\"70%\"><span style=\"font-size: 10pt; font-family: arial, helvetica, sans-serif; color: #000080;\">\u00a0Literatura en Lengua Inglesa y Juventud<\/span><\/td>\n<td width=\"30%\"><span style=\"font-size: 10pt; font-family: arial, helvetica, sans-serif; color: #000080;\">Amartino, Marina<\/span><\/td>\n<\/tr>\n<tr>\n<td width=\"70%\"><span style=\"font-size: 10pt; font-family: arial, helvetica, sans-serif; color: #000080;\">\u00a0Estudios Interculturales en Lengua Inglesa III<\/span><\/td>\n<td width=\"30%\"><span style=\"font-size: 10pt; font-family: arial, helvetica, sans-serif; color: #000080;\">Lucente, Mariela (Raspa, Jonathan)<\/span><\/td>\n<\/tr>\n<tr>\n<td width=\"70%\"><span style=\"font-family: arial, helvetica, sans-serif; color: #000080;\"><strong><span style=\"font-size: 10pt;\">CAMPO DE LA FORMACI\u00d3N EN LA PR\u00c1CTICA PROFESIONAL<\/span><\/strong><\/span><\/td>\n<td width=\"30%\"><\/td>\n<\/tr>\n<tr>\n<td width=\"70%\"><span style=\"font-size: 10pt; font-family: arial, helvetica, sans-serif; color: #000080;\">\u00a0 CFPP 3:\u00a0La Construcci\u00f3n del Rol Docente en la Ense\u00f1anza en el Nivel Primario<\/span><\/td>\n<td width=\"30%\"><span style=\"font-size: 10pt; font-family: arial, helvetica, sans-serif; color: #000080;\">Marrari, Andrea\u00a0<\/span><\/td>\n<\/tr>\n<\/tbody>\n<\/table>\n<p><span style=\"color: #000080;\"><strong><span style=\"font-size: 10pt; font-family: arial, helvetica, sans-serif;\">Cuarto a\u00f1o:<\/span><\/strong><\/span><\/p>\n<table id=\"table1\" style=\"width: 100%;\" border=\"1\" cellspacing=\"1\" cellpadding=\"2\">\n<tbody>\n<tr>\n<td style=\"text-align: center;\" width=\"70%\"><span style=\"font-size: 10pt; font-family: arial, helvetica, sans-serif; color: #000080;\">Materia<\/span><\/td>\n<td style=\"text-align: center;\" width=\"30%\"><span style=\"font-size: 10pt; font-family: arial, helvetica, sans-serif; color: #000080;\">Docente<\/span><\/td>\n<\/tr>\n<tr>\n<td width=\"70%\"><span style=\"font-size: 10pt; font-family: arial, helvetica, sans-serif; color: #000080;\"><b style=\"font-family: arial, helvetica, sans-serif; font-size: 10pt;\">CAMPO DE LA <\/b><span style=\"font-family: arial, helvetica, sans-serif;\"><span style=\"font-size: 13.3333px;\"><b>FORMACI\u00d3N<\/b><\/span><\/span><b style=\"font-family: arial, helvetica, sans-serif; font-size: 10pt;\">\u00a0GENERAL<\/b><\/span><\/td>\n<td width=\"30%\"><span style=\"font-size: 10pt; font-family: arial, helvetica, sans-serif; color: #000080;\">\u00a0<\/span><\/td>\n<\/tr>\n<tr>\n<td width=\"70%\"><span style=\"font-size: 10pt; font-family: arial, helvetica, sans-serif; color: #000080;\"><strong>\u00a0<\/strong>An\u00e1lisis e Intervenci\u00f3n en Situaciones de Convivencia Escolar<\/span><\/td>\n<td width=\"30%\"><span style=\"color: #000080;\"><span style=\"font-size: 10pt; font-family: arial, helvetica, sans-serif; color: #000080;\">Rodr\u00edguez, Mar\u00eda Fernanda<\/span><\/span><\/td>\n<\/tr>\n<tr>\n<td width=\"70%\"><span style=\"font-size: 10pt; font-family: arial, helvetica, sans-serif; color: #000080;\">\u00a0Espacio de Definici\u00f3n Institucional<\/span><\/td>\n<td width=\"30%\"><span style=\"font-size: 10pt; font-family: arial, helvetica, sans-serif; color: #000080;\">Menon, Florencia<\/span><\/td>\n<\/tr>\n<tr>\n<td width=\"70%\"><span style=\"font-size: 10pt; font-family: arial, helvetica, sans-serif; color: #000080;\">\u00a0Tutor\u00edas y Orientaci\u00f3n Escolar<\/span><\/td>\n<td width=\"30%\"><span style=\"font-size: 10pt; font-family: arial, helvetica, sans-serif; color: #000080;\">Palacios, Melany (Raspa, Jonathan)<\/span><\/td>\n<\/tr>\n<tr>\n<td width=\"70%\"><span style=\"font-family: arial, helvetica, sans-serif; color: #000080;\"><span style=\"font-size: 10pt;\"><span style=\"font-family: arial, helvetica, sans-serif; font-size: 10pt;\"><b>CAMPO DE LA <\/b><\/span><span style=\"font-family: arial, helvetica, sans-serif;\"><span style=\"font-size: 13.3333px;\"><b>FORMACI\u00d3N<\/b><\/span><\/span><span style=\"font-family: arial, helvetica, sans-serif; font-size: 10pt;\"><b>\u00a0ESPECIFICA<\/b><\/span><\/span><\/span><\/td>\n<td width=\"30%\"><\/td>\n<\/tr>\n<tr>\n<td width=\"70%\"><span style=\"font-size: 10pt; font-family: arial, helvetica, sans-serif; color: #000080;\">\u00a0Pr\u00e1cticas Discursivas de la Comunicaci\u00f3n Oral IV<\/span><\/td>\n<td width=\"30%\"><span style=\"font-size: 10pt; font-family: arial, helvetica, sans-serif; color: #000080;\">Blacutt, Cecilia (White, Nancy)<\/span><\/td>\n<\/tr>\n<tr>\n<td width=\"70%\"><span style=\"font-size: 10pt; font-family: arial, helvetica, sans-serif; color: #000080;\"> \u00a0Pr\u00e1cticas Discursivas de la Comunicaci\u00f3n Escrita IV<\/span><\/td>\n<td width=\"30%\"><span style=\"font-size: 10pt; font-family: arial, helvetica, sans-serif; color: #000080;\">Bigatti, Blas<\/span><\/td>\n<\/tr>\n<tr>\n<td width=\"70%\"><span style=\"font-size: 10pt; font-family: arial, helvetica, sans-serif; color: #000080;\"> \u00a0Fundamentos de la Ense\u00f1anza y el Aprendizaje en Ingl\u00e9s III<\/span><\/td>\n<td width=\"30%\"><span style=\"font-size: 10pt; font-family: arial, helvetica, sans-serif; color: #000080;\">Sanjurjo, Mariana<\/span><\/td>\n<\/tr>\n<tr>\n<td width=\"70%\"><\/td>\n<td width=\"30%\"><\/td>\n<\/tr>\n<tr>\n<td width=\"70%\"><span style=\"font-family: arial, helvetica, sans-serif; color: #000080;\"><strong><span style=\"font-size: 10pt;\">CAMPO DE LA FORMACI\u00d3N EN LA PR\u00c1CTICA PROFESIONAL<\/span><\/strong><\/span><\/td>\n<td width=\"30%\"><\/td>\n<\/tr>\n<tr>\n<td width=\"70%\"><span style=\"font-size: 10pt; font-family: arial, helvetica, sans-serif; color: #000080;\">\u00a0CFPP 4: La Construcci\u00f3n Del Rol Docente en la Ense\u00f1anza en el Nivel Secundario<\/span><\/td>\n<td width=\"30%\"><span style=\"font-size: 10pt; font-family: arial, helvetica, sans-serif; color: #000080;\">Amartino, Marina<\/span><\/td>\n<\/tr>\n<\/tbody>\n<\/table>\n<p><a href=\"https:\/\/drive.google.com\/file\/d\/1HhLOKShL6rbyWfJzwR2QUMUcNe-VIZw6\/view\"><span style=\"font-size: 10pt; font-family: arial, helvetica, sans-serif; color: #000080;\">R\u00e9gimen de Correlatividades (Modificaci\u00f3n &#8211; Anexo 6)<\/span><\/a><\/p>\n","protected":false},"excerpt":{"rendered":"<p>Horario:\u00a0Lunes a Viernes de\u00a018:00 a 22:10 Hs. \u00a0 \u00a0 \u00a0 \u00a0 \u00a0 \u00a0 \u00a0S\u00e1bados de 8:00 a 12:10 Hs. El Plan de estudios (ver Dise\u00f1o Curricular) correspondiente a la carrera \u00abProfesorado de Ingl\u00e9s\u00bb ha sido aprobado por la Resoluci\u00f3n N\u00b0 1860\/17, y se compone de las siguientes asignaturas: Curso de Formaci\u00f3n B\u00e1sica: Materia Docente Expresi\u00f3n &#8230; <a title=\"Plan de Estudios\" class=\"read-more\" href=\"https:\/\/isfd30-bue.infd.edu.ar\/sitio\/plan-de-estudios-ing\/\" aria-label=\"More on Plan de Estudios\">[+]<\/a><\/p>\n","protected":false},"author":904,"featured_media":0,"parent":0,"menu_order":0,"comment_status":"closed","ping_status":"closed","template":"","meta":[],"acf":[],"_links":{"self":[{"href":"https:\/\/isfd30-bue.infd.edu.ar\/sitio\/wp-json\/wp\/v2\/pages\/873"}],"collection":[{"href":"https:\/\/isfd30-bue.infd.edu.ar\/sitio\/wp-json\/wp\/v2\/pages"}],"about":[{"href":"https:\/\/isfd30-bue.infd.edu.ar\/sitio\/wp-json\/wp\/v2\/types\/page"}],"author":[{"embeddable":true,"href":"https:\/\/isfd30-bue.infd.edu.ar\/sitio\/wp-json\/wp\/v2\/users\/904"}],"replies":[{"embeddable":true,"href":"https:\/\/isfd30-bue.infd.edu.ar\/sitio\/wp-json\/wp\/v2\/comments?post=873"}],"version-history":[{"count":36,"href":"https:\/\/isfd30-bue.infd.edu.ar\/sitio\/wp-json\/wp\/v2\/pages\/873\/revisions"}],"predecessor-version":[{"id":2918,"href":"https:\/\/isfd30-bue.infd.edu.ar\/sitio\/wp-json\/wp\/v2\/pages\/873\/revisions\/2918"}],"wp:attachment":[{"href":"https:\/\/isfd30-bue.infd.edu.ar\/sitio\/wp-json\/wp\/v2\/media?parent=873"}],"curies":[{"name":"wp","href":"https:\/\/api.w.org\/{rel}","templated":true}]}}