{"id":868,"date":"2018-08-29T19:03:17","date_gmt":"2018-08-29T22:03:17","guid":{"rendered":"https:\/\/isfd30-bue.infd.edu.ar\/sitio\/ingreso-e-inscripcion-3\/"},"modified":"2025-11-10T21:56:37","modified_gmt":"2025-11-11T00:56:37","slug":"ingreso-e-inscripcion-et","status":"publish","type":"page","link":"https:\/\/isfd30-bue.infd.edu.ar\/sitio\/ingreso-e-inscripcion-et\/","title":{"rendered":"Ingreso e inscripci\u00f3n"},"content":{"rendered":"<p><a href=\"https:\/\/isfd30-bue.infd.edu.ar\/sitio\/wp-content\/uploads\/2025\/11\/incripcion-ingles.png\"><img decoding=\"async\" loading=\"lazy\" class=\"alignnone size-large wp-image-2804\" src=\"https:\/\/isfd30-bue.infd.edu.ar\/sitio\/wp-content\/uploads\/2025\/11\/incripcion-ingles-1900x1069.png\" alt=\"\" width=\"1200\" height=\"675\" srcset=\"https:\/\/isfd30-bue.infd.edu.ar\/sitio\/wp-content\/uploads\/2025\/11\/incripcion-ingles-1900x1069.png 1900w, https:\/\/isfd30-bue.infd.edu.ar\/sitio\/wp-content\/uploads\/2025\/11\/incripcion-ingles-1000x563.png 1000w, https:\/\/isfd30-bue.infd.edu.ar\/sitio\/wp-content\/uploads\/2025\/11\/incripcion-ingles-768x432.png 768w, https:\/\/isfd30-bue.infd.edu.ar\/sitio\/wp-content\/uploads\/2025\/11\/incripcion-ingles-1536x864.png 1536w, https:\/\/isfd30-bue.infd.edu.ar\/sitio\/wp-content\/uploads\/2025\/11\/incripcion-ingles.png 1920w\" sizes=\"(max-width: 1200px) 100vw, 1200px\" \/><\/a><\/p>\n<ul>\n<li>Accede al <span style=\"color: #ff6600;\"><strong>FORMULARIO DE PREINSCRIPCI\u00d3N<\/strong><\/span> mediante el c\u00f3digo QR o a trav\u00e9s del link:\u00a0 <a href=\"https:\/\/forms.gle\/Vno3Kfkdecv1PXrk6\">formulario de Preinscripci\u00f3n Online.<\/a><\/li>\n<\/ul>\n<p><a href=\"https:\/\/isfd30-bue.infd.edu.ar\/sitio\/wp-content\/uploads\/2025\/11\/3-4.png\"><img decoding=\"async\" loading=\"lazy\" class=\"alignnone wp-image-2890 size-large\" src=\"https:\/\/isfd30-bue.infd.edu.ar\/sitio\/wp-content\/uploads\/2025\/11\/3-4-1900x1069.png\" alt=\"\" width=\"1200\" height=\"675\" srcset=\"https:\/\/isfd30-bue.infd.edu.ar\/sitio\/wp-content\/uploads\/2025\/11\/3-4-1900x1069.png 1900w, https:\/\/isfd30-bue.infd.edu.ar\/sitio\/wp-content\/uploads\/2025\/11\/3-4-1000x563.png 1000w, https:\/\/isfd30-bue.infd.edu.ar\/sitio\/wp-content\/uploads\/2025\/11\/3-4-768x432.png 768w, https:\/\/isfd30-bue.infd.edu.ar\/sitio\/wp-content\/uploads\/2025\/11\/3-4-1536x864.png 1536w, https:\/\/isfd30-bue.infd.edu.ar\/sitio\/wp-content\/uploads\/2025\/11\/3-4.png 1920w\" sizes=\"(max-width: 1200px) 100vw, 1200px\" \/><\/a><\/p>\n<p><a href=\"https:\/\/isfd30-bue.infd.edu.ar\/sitio\/wp-content\/uploads\/2025\/11\/1-2.png\"><img decoding=\"async\" loading=\"lazy\" class=\"alignnone size-large wp-image-2901\" src=\"https:\/\/isfd30-bue.infd.edu.ar\/sitio\/wp-content\/uploads\/2025\/11\/1-2-1900x1069.png\" alt=\"\" width=\"1200\" height=\"675\" srcset=\"https:\/\/isfd30-bue.infd.edu.ar\/sitio\/wp-content\/uploads\/2025\/11\/1-2-1900x1069.png 1900w, https:\/\/isfd30-bue.infd.edu.ar\/sitio\/wp-content\/uploads\/2025\/11\/1-2-1000x563.png 1000w, https:\/\/isfd30-bue.infd.edu.ar\/sitio\/wp-content\/uploads\/2025\/11\/1-2-768x432.png 768w, https:\/\/isfd30-bue.infd.edu.ar\/sitio\/wp-content\/uploads\/2025\/11\/1-2-1536x864.png 1536w, https:\/\/isfd30-bue.infd.edu.ar\/sitio\/wp-content\/uploads\/2025\/11\/1-2.png 1920w\" sizes=\"(max-width: 1200px) 100vw, 1200px\" \/><\/a><\/p>\n<p style=\"text-align: start;\">\n<p style=\"text-align: justify;\"><span style=\"font-family: arial, helvetica, sans-serif; font-size: 10pt;\">Consultas: <a href=\"mailto:isfd30.da.vinci@gmail.com\">isfd30.da.vinci@gmail.com<\/a><\/span><\/p>\n","protected":false},"excerpt":{"rendered":"<p>Accede al FORMULARIO DE PREINSCRIPCI\u00d3N mediante el c\u00f3digo QR o a trav\u00e9s del link:\u00a0 formulario de Preinscripci\u00f3n Online. Consultas: isfd30.da.vinci@gmail.com<\/p>\n","protected":false},"author":904,"featured_media":0,"parent":0,"menu_order":0,"comment_status":"closed","ping_status":"closed","template":"","meta":[],"acf":[],"_links":{"self":[{"href":"https:\/\/isfd30-bue.infd.edu.ar\/sitio\/wp-json\/wp\/v2\/pages\/868"}],"collection":[{"href":"https:\/\/isfd30-bue.infd.edu.ar\/sitio\/wp-json\/wp\/v2\/pages"}],"about":[{"href":"https:\/\/isfd30-bue.infd.edu.ar\/sitio\/wp-json\/wp\/v2\/types\/page"}],"author":[{"embeddable":true,"href":"https:\/\/isfd30-bue.infd.edu.ar\/sitio\/wp-json\/wp\/v2\/users\/904"}],"replies":[{"embeddable":true,"href":"https:\/\/isfd30-bue.infd.edu.ar\/sitio\/wp-json\/wp\/v2\/comments?post=868"}],"version-history":[{"count":46,"href":"https:\/\/isfd30-bue.infd.edu.ar\/sitio\/wp-json\/wp\/v2\/pages\/868\/revisions"}],"predecessor-version":[{"id":2902,"href":"https:\/\/isfd30-bue.infd.edu.ar\/sitio\/wp-json\/wp\/v2\/pages\/868\/revisions\/2902"}],"wp:attachment":[{"href":"https:\/\/isfd30-bue.infd.edu.ar\/sitio\/wp-json\/wp\/v2\/media?parent=868"}],"curies":[{"name":"wp","href":"https:\/\/api.w.org\/{rel}","templated":true}]}}