{"id":862,"date":"2018-08-29T19:03:15","date_gmt":"2018-08-29T22:03:15","guid":{"rendered":"https:\/\/isfd30-bue.infd.edu.ar\/sitio\/ingreso\/"},"modified":"2025-11-10T22:11:09","modified_gmt":"2025-11-11T01:11:09","slug":"ingreso","status":"publish","type":"page","link":"https:\/\/isfd30-bue.infd.edu.ar\/sitio\/ingreso\/","title":{"rendered":"Informaci\u00f3n sobre el Ingreso"},"content":{"rendered":"\n<p><\/p>\n\n\n\n<div class=\"alignnormal\"><div id=\"metaslider-id-2791\" style=\"max-width: 900px; margin: 0 auto;\" class=\"ml-slider-3-33-0 metaslider metaslider-flex metaslider-2791 ml-slider ms-theme-highway has-dots-nav\" role=\"region\" aria-roledescription=\"Slideshow\" aria-label=\"Slideshow\">\n    <div id=\"metaslider_container_2791\">\n        <div id=\"metaslider_2791\" class=\"flexslider\">\n            <ul aria-live=\"polite\" class=\"slides\">\n                <li style=\"display: block; width: 100%;\" class=\"slide-2798 ms-image\" aria-roledescription=\"slide\" aria-label=\"slide-2798\"><img src=\"https:\/\/isfd30-bue.infd.edu.ar\/sitio\/wp-content\/uploads\/2025\/11\/incripcion-ingles3-900x510.png\" height=\"510\" width=\"900\" alt=\"\" class=\"slider-2791 slide-2798\" title=\"incripci\u00f3n ingl\u00e9s(3)\" \/><\/li>\n                <li style=\"display: none; width: 100%;\" class=\"slide-2799 ms-image\" aria-roledescription=\"slide\" aria-label=\"slide-2799\"><img src=\"https:\/\/isfd30-bue.infd.edu.ar\/sitio\/wp-content\/uploads\/2025\/11\/Inscripciones-2026-\u2013-Instituto-Superior-N\u00b0-nombre-del-instituto5-900x510.png\" height=\"510\" width=\"900\" alt=\"\" class=\"slider-2791 slide-2799\" title=\"Inscripciones 2026 \u2013 Instituto Superior N\u00b0 (nombre del instituto)(5)\" \/><\/li>\n            <\/ul>\n        <\/div>\n        \n    <\/div>\n<\/div><\/div>\n\n\n<ul>\n<li>Accede al <span style=\"color: #ff6600;\"><b>TEMARIO DE LA PRUEBA DE FORMACI\u00d3N B\u00c1SICA <\/b><\/span>mediante el c\u00f3digo QR o a trav\u00e9s del link: <a href=\"https:\/\/isfd30-bue.infd.edu.ar\/sitio\/wp-content\/uploads\/2019\/03\/Temario_Ingreso.pdf\">TEMARIO<\/a><\/li>\n<\/ul>\n<h1>\u00a0<\/h1>\n<h1>Inscripci\u00f3n<\/h1>\n<p><a href=\"https:\/\/isfd30-bue.infd.edu.ar\/sitio\/wp-content\/uploads\/2025\/11\/incripcion-ingles.png\"><img decoding=\"async\" loading=\"lazy\" class=\"alignnone size-large wp-image-2804\" src=\"https:\/\/isfd30-bue.infd.edu.ar\/sitio\/wp-content\/uploads\/2025\/11\/incripcion-ingles-1900x1069.png\" alt=\"\" width=\"1200\" height=\"675\" srcset=\"https:\/\/isfd30-bue.infd.edu.ar\/sitio\/wp-content\/uploads\/2025\/11\/incripcion-ingles-1900x1069.png 1900w, https:\/\/isfd30-bue.infd.edu.ar\/sitio\/wp-content\/uploads\/2025\/11\/incripcion-ingles-1000x563.png 1000w, https:\/\/isfd30-bue.infd.edu.ar\/sitio\/wp-content\/uploads\/2025\/11\/incripcion-ingles-768x432.png 768w, https:\/\/isfd30-bue.infd.edu.ar\/sitio\/wp-content\/uploads\/2025\/11\/incripcion-ingles-1536x864.png 1536w, https:\/\/isfd30-bue.infd.edu.ar\/sitio\/wp-content\/uploads\/2025\/11\/incripcion-ingles.png 1920w\" sizes=\"(max-width: 1200px) 100vw, 1200px\" \/><\/a><\/p>\n<ul>\n<li>Accede al <span style=\"color: #ff6600;\"><strong>FORMULARIO DE PREINSCRIPCI\u00d3N<\/strong><\/span> mediante el c\u00f3digo QR o a trav\u00e9s del link:\u00a0 <a href=\"https:\/\/forms.gle\/Vno3Kfkdecv1PXrk6\">formulario de Preinscripci\u00f3n Online.<\/a><\/li>\n<\/ul>\n<p><a href=\"https:\/\/isfd30-bue.infd.edu.ar\/sitio\/wp-content\/uploads\/2025\/11\/3-5.png\"><img decoding=\"async\" loading=\"lazy\" class=\"alignnone wp-image-2891 size-large\" src=\"https:\/\/isfd30-bue.infd.edu.ar\/sitio\/wp-content\/uploads\/2025\/11\/3-5-1900x1069.png\" alt=\"\" width=\"1200\" height=\"675\" srcset=\"https:\/\/isfd30-bue.infd.edu.ar\/sitio\/wp-content\/uploads\/2025\/11\/3-5-1900x1069.png 1900w, https:\/\/isfd30-bue.infd.edu.ar\/sitio\/wp-content\/uploads\/2025\/11\/3-5-1000x563.png 1000w, https:\/\/isfd30-bue.infd.edu.ar\/sitio\/wp-content\/uploads\/2025\/11\/3-5-768x432.png 768w, https:\/\/isfd30-bue.infd.edu.ar\/sitio\/wp-content\/uploads\/2025\/11\/3-5-1536x864.png 1536w, https:\/\/isfd30-bue.infd.edu.ar\/sitio\/wp-content\/uploads\/2025\/11\/3-5.png 1920w\" sizes=\"(max-width: 1200px) 100vw, 1200px\" \/><\/a><\/p>\n<p>\u00a0<\/p>\n<p><a href=\"https:\/\/isfd30-bue.infd.edu.ar\/sitio\/wp-content\/uploads\/2025\/11\/3-7.png\"><img decoding=\"async\" loading=\"lazy\" class=\"alignnone size-large wp-image-2907\" src=\"https:\/\/isfd30-bue.infd.edu.ar\/sitio\/wp-content\/uploads\/2025\/11\/3-7-1900x1069.png\" alt=\"\" width=\"1200\" height=\"675\" srcset=\"https:\/\/isfd30-bue.infd.edu.ar\/sitio\/wp-content\/uploads\/2025\/11\/3-7-1900x1069.png 1900w, https:\/\/isfd30-bue.infd.edu.ar\/sitio\/wp-content\/uploads\/2025\/11\/3-7-1000x563.png 1000w, https:\/\/isfd30-bue.infd.edu.ar\/sitio\/wp-content\/uploads\/2025\/11\/3-7-768x432.png 768w, https:\/\/isfd30-bue.infd.edu.ar\/sitio\/wp-content\/uploads\/2025\/11\/3-7-1536x864.png 1536w, https:\/\/isfd30-bue.infd.edu.ar\/sitio\/wp-content\/uploads\/2025\/11\/3-7.png 1920w\" sizes=\"(max-width: 1200px) 100vw, 1200px\" \/><\/a><\/p>\n<p>\u00a0<\/p>\n<p style=\"text-align: justify;\"><span style=\"font-family: arial, helvetica, sans-serif; font-size: 10pt;\">Consultas:\u00a0<a href=\"mailto:isfd30.da.vinci@gmail.com\">isfd30.da.vinci@gmail.com<\/a><\/span><\/p>","protected":false},"excerpt":{"rendered":"<p>Accede al TEMARIO DE LA PRUEBA DE FORMACI\u00d3N B\u00c1SICA mediante el c\u00f3digo QR o a trav\u00e9s del link: TEMARIO \u00a0 Inscripci\u00f3n Accede al FORMULARIO DE PREINSCRIPCI\u00d3N mediante el c\u00f3digo QR o a trav\u00e9s del link:\u00a0 formulario de Preinscripci\u00f3n Online. \u00a0 \u00a0 Consultas:\u00a0isfd30.da.vinci@gmail.com<\/p>\n","protected":false},"author":904,"featured_media":0,"parent":0,"menu_order":0,"comment_status":"closed","ping_status":"closed","template":"","meta":[],"acf":[],"_links":{"self":[{"href":"https:\/\/isfd30-bue.infd.edu.ar\/sitio\/wp-json\/wp\/v2\/pages\/862"}],"collection":[{"href":"https:\/\/isfd30-bue.infd.edu.ar\/sitio\/wp-json\/wp\/v2\/pages"}],"about":[{"href":"https:\/\/isfd30-bue.infd.edu.ar\/sitio\/wp-json\/wp\/v2\/types\/page"}],"author":[{"embeddable":true,"href":"https:\/\/isfd30-bue.infd.edu.ar\/sitio\/wp-json\/wp\/v2\/users\/904"}],"replies":[{"embeddable":true,"href":"https:\/\/isfd30-bue.infd.edu.ar\/sitio\/wp-json\/wp\/v2\/comments?post=862"}],"version-history":[{"count":35,"href":"https:\/\/isfd30-bue.infd.edu.ar\/sitio\/wp-json\/wp\/v2\/pages\/862\/revisions"}],"predecessor-version":[{"id":2908,"href":"https:\/\/isfd30-bue.infd.edu.ar\/sitio\/wp-json\/wp\/v2\/pages\/862\/revisions\/2908"}],"wp:attachment":[{"href":"https:\/\/isfd30-bue.infd.edu.ar\/sitio\/wp-json\/wp\/v2\/media?parent=862"}],"curies":[{"name":"wp","href":"https:\/\/api.w.org\/{rel}","templated":true}]}}