{"id":849,"date":"2018-08-29T19:03:10","date_gmt":"2018-08-29T22:03:10","guid":{"rendered":"https:\/\/isfd30-bue.infd.edu.ar\/sitio\/historia\/"},"modified":"2024-04-18T20:48:05","modified_gmt":"2024-04-18T23:48:05","slug":"historia","status":"publish","type":"page","link":"https:\/\/isfd30-bue.infd.edu.ar\/sitio\/historia\/","title":{"rendered":"Historia"},"content":{"rendered":"<p><span style=\"color: #000080;\">El ISFD N\u00b0 30 fue el primer Profesorado T\u00e9cnico de la Provincia de Buenos Aires y se cre\u00f3 el 8 de abril de 1989 con el objetivo de formar docentes para la Escuela T\u00e9cnica.<\/span><\/p>\n<p><span style=\"color: #000080;\">Originariamente estaba localizado en la EP N\u00ba 9 de San Antonio de Padua, y a partir del a\u00f1o 1996 se traslad\u00f3 a Ituzaing\u00f3 (primero compartiendo edificio con la EST N\u00ba 1, luego en su ubicaci\u00f3n actual).<\/span><\/p>\n<p><span style=\"color: #000080;\">En el a\u00f1o 1995 fue declarado de Inter\u00e9s Legislativo Provincial.<\/span><\/p>\n<p><span style=\"color: #000080;\">El d\u00eda 27 de agosto de 1995, por Resoluci\u00f3n N\u00ba 4000 de la D.G. C. Y E., y en el marco del Convenio 562-95, se aprob\u00f3 el convenio entre la U.T.N &#8211; Regional Haedo y establecimientos dependientes de la D.G.E. y C. (entre ellos el I.S.F.D. N\u00ba 30).<\/span><\/p>\n<p><span style=\"color: #000080;\">A partir del a\u00f1o 2007 sum\u00f3 a su oferta educativa de Profesorados T\u00e9cnicos el Profesorado de Ingl\u00e9s, carrera que complet\u00f3 en 2011.<\/span><\/p>\n<p><span style=\"color: #000080;\">Actualmente los Profesorados T\u00e9cnicos que se dictan ISFD N\u00ba 30 lo convierten en un Instituto \u00fanico en la Provincia de Buenos Aires, ya que hay s\u00f3lo seis Institutos en los que se dictan este tipo de carreras. Adem\u00e1s, es<\/span><span style=\"color: #000080;\"> el \u00fanico Instituto en el que se dictan tres carreras de este tipo y es el \u00fanico Instituto que dicta el Profesorado de Construcciones.\u00a0<\/span><\/p>\n","protected":false},"excerpt":{"rendered":"<p>El ISFD N\u00b0 30 fue el primer Profesorado T\u00e9cnico de la Provincia de Buenos Aires y se cre\u00f3 el 8 de abril de 1989 con el objetivo de formar docentes para la Escuela T\u00e9cnica. Originariamente estaba localizado en la EP N\u00ba 9 de San Antonio de Padua, y a partir del a\u00f1o 1996 se traslad\u00f3 &#8230; <a title=\"Historia\" class=\"read-more\" href=\"https:\/\/isfd30-bue.infd.edu.ar\/sitio\/historia\/\" aria-label=\"More on Historia\">[+]<\/a><\/p>\n","protected":false},"author":904,"featured_media":0,"parent":0,"menu_order":0,"comment_status":"closed","ping_status":"closed","template":"","meta":[],"acf":[],"_links":{"self":[{"href":"https:\/\/isfd30-bue.infd.edu.ar\/sitio\/wp-json\/wp\/v2\/pages\/849"}],"collection":[{"href":"https:\/\/isfd30-bue.infd.edu.ar\/sitio\/wp-json\/wp\/v2\/pages"}],"about":[{"href":"https:\/\/isfd30-bue.infd.edu.ar\/sitio\/wp-json\/wp\/v2\/types\/page"}],"author":[{"embeddable":true,"href":"https:\/\/isfd30-bue.infd.edu.ar\/sitio\/wp-json\/wp\/v2\/users\/904"}],"replies":[{"embeddable":true,"href":"https:\/\/isfd30-bue.infd.edu.ar\/sitio\/wp-json\/wp\/v2\/comments?post=849"}],"version-history":[{"count":3,"href":"https:\/\/isfd30-bue.infd.edu.ar\/sitio\/wp-json\/wp\/v2\/pages\/849\/revisions"}],"predecessor-version":[{"id":2314,"href":"https:\/\/isfd30-bue.infd.edu.ar\/sitio\/wp-json\/wp\/v2\/pages\/849\/revisions\/2314"}],"wp:attachment":[{"href":"https:\/\/isfd30-bue.infd.edu.ar\/sitio\/wp-json\/wp\/v2\/media?parent=849"}],"curies":[{"name":"wp","href":"https:\/\/api.w.org\/{rel}","templated":true}]}}