{"id":847,"date":"2019-08-22T12:00:09","date_gmt":"2019-08-22T15:00:09","guid":{"rendered":"https:\/\/isfd30-bue.infd.edu.ar\/sitio\/autoridades\/"},"modified":"2025-10-01T07:59:12","modified_gmt":"2025-10-01T10:59:12","slug":"autoridades","status":"publish","type":"page","link":"https:\/\/isfd30-bue.infd.edu.ar\/sitio\/autoridades\/","title":{"rendered":"Autoridades"},"content":{"rendered":"<pre><span style=\"font-family: arial, helvetica, sans-serif; font-size: 10pt;\"><span style=\"color: #000000;\"><strong>Equipo Directivo<\/strong><\/span><\/span><\/pre>\n<p><span style=\"font-family: arial, helvetica, sans-serif; font-size: 10pt;\"><span style=\"color: #000000;\"><strong>Director:<br \/>\n<\/strong><\/span><span style=\"font-family: Arial; font-size: 10pt; color: #000000;\" data-mce-mark=\"1\"><span style=\"font-family: arial,helvetica,sans-serif;\">Mag. Jonathan Raspa<\/span><\/span><\/span><\/p>\n<p><span style=\"font-family: arial, helvetica, sans-serif; font-size: 10pt;\"><span style=\"color: #000000;\"><strong>Regente:<br \/>\n<\/strong><\/span><span style=\"font-family: Arial; font-size: 10pt; color: #000000;\" data-mce-mark=\"1\"><span style=\"font-family: arial,helvetica,sans-serif;\">Lic. Mariana Sanjurjo<\/span><\/span><\/span><\/p>\n<pre><span style=\"font-family: arial, helvetica, sans-serif; font-size: 10pt;\"><span style=\"color: #000000;\"><strong>Equipo de Conducci\u00f3n<\/strong><\/span><\/span><\/pre>\n<p><span style=\"font-family: Arial; font-size: 10pt; color: #000000;\" data-mce-mark=\"1\"><span style=\"font-family: arial,helvetica,sans-serif;\"><strong>Secretaria:<\/strong><br \/>\nLic. Mar\u00eda Florencia Jeandet<\/span><\/span><\/p>\n<p><span style=\"font-family: arial, helvetica, sans-serif; font-size: 10pt;\"><span style=\"color: #000000;\" data-mce-mark=\"1\"><strong>Jefe de \u00c1rea:<br \/>\n<\/strong><\/span><span style=\"color: #000000;\" data-mce-mark=\"1\">Prof. Fernando Butler\u00a0\u00a0<\/span><\/span><\/p>\n<p><span style=\"color: #000000; font-family: arial, helvetica, sans-serif; font-size: 10pt;\"><strong>Jefe de \u00c1rea:<\/strong><br \/>\nVacante<\/span><\/p>\n<pre><span style=\"font-family: arial, helvetica, sans-serif; font-size: 10pt;\"><span style=\"color: #000000;\"><strong>Coordinador\/a Institucional de Pol\u00edticas Estudiantiles<\/strong><\/span><\/span><\/pre>\n<p><span style=\"color: #000000; font-family: Arial; font-size: 10pt;\" data-mce-mark=\"1\">Vacante<\/span><\/p>\n","protected":false},"excerpt":{"rendered":"<p>Equipo Directivo Director: Mag. Jonathan Raspa Regente: Lic. Mariana Sanjurjo Equipo de Conducci\u00f3n Secretaria: Lic. Mar\u00eda Florencia Jeandet Jefe de \u00c1rea: Prof. Fernando Butler\u00a0\u00a0 Jefe de \u00c1rea: Vacante Coordinador\/a Institucional de Pol\u00edticas Estudiantiles Vacante<\/p>\n","protected":false},"author":904,"featured_media":0,"parent":0,"menu_order":0,"comment_status":"closed","ping_status":"closed","template":"","meta":[],"acf":[],"_links":{"self":[{"href":"https:\/\/isfd30-bue.infd.edu.ar\/sitio\/wp-json\/wp\/v2\/pages\/847"}],"collection":[{"href":"https:\/\/isfd30-bue.infd.edu.ar\/sitio\/wp-json\/wp\/v2\/pages"}],"about":[{"href":"https:\/\/isfd30-bue.infd.edu.ar\/sitio\/wp-json\/wp\/v2\/types\/page"}],"author":[{"embeddable":true,"href":"https:\/\/isfd30-bue.infd.edu.ar\/sitio\/wp-json\/wp\/v2\/users\/904"}],"replies":[{"embeddable":true,"href":"https:\/\/isfd30-bue.infd.edu.ar\/sitio\/wp-json\/wp\/v2\/comments?post=847"}],"version-history":[{"count":20,"href":"https:\/\/isfd30-bue.infd.edu.ar\/sitio\/wp-json\/wp\/v2\/pages\/847\/revisions"}],"predecessor-version":[{"id":2536,"href":"https:\/\/isfd30-bue.infd.edu.ar\/sitio\/wp-json\/wp\/v2\/pages\/847\/revisions\/2536"}],"wp:attachment":[{"href":"https:\/\/isfd30-bue.infd.edu.ar\/sitio\/wp-json\/wp\/v2\/media?parent=847"}],"curies":[{"name":"wp","href":"https:\/\/api.w.org\/{rel}","templated":true}]}}