{"id":843,"date":"2018-08-29T19:03:08","date_gmt":"2018-08-29T22:03:08","guid":{"rendered":"https:\/\/isfd30-bue.infd.edu.ar\/sitio\/plan-de-estudios-2\/"},"modified":"2025-09-25T11:08:51","modified_gmt":"2025-09-25T14:08:51","slug":"plan-de-estudios-ct","status":"publish","type":"page","link":"https:\/\/isfd30-bue.infd.edu.ar\/sitio\/plan-de-estudios-ct\/","title":{"rendered":"Plan de estudios"},"content":{"rendered":"<p><span style=\"font-size: 10pt; color: #000080;\"><strong><span style=\"font-family: arial, helvetica, sans-serif;\">Horario: Lunes a Viernes de 18:20 a 22:20 Hs.<br \/>\nS\u00e1bados de 8:00 a 12:10 Hs.<\/span><\/strong><\/span><\/p>\n<ul>\n<li><span style=\"font-size: 12pt; color: #000080; font-family: Arial;\"><strong>El plan de estudios vigente, cuya implementaci\u00f3n comienza en 2024, se corresponde con la carrera Profesorado de Educaci\u00f3n Secundaria T\u00e9cnico Profesional en CONSTRUCCIONES. Para acceder al Dise\u00f1o Curricular pod\u00e9s hacer click <a href=\"https:\/\/drive.google.com\/file\/d\/1cs34mv_g7GLIMbzHtdzJ1EWqSIdtWS5C\/view?usp=sharing\">aqu\u00ed<\/a>.\u00a0<\/strong><\/span><\/li>\n<\/ul>\n<p><span style=\"color: #000080;\"><strong><span style=\"font-size: 10pt; font-family: arial, helvetica, sans-serif;\">Primer a\u00f1o:<\/span><\/strong><\/span><\/p>\n<table>\n<tbody>\n<tr>\n<td>\n<h6><span style=\"color: #333399;\"><b> Materia<\/b><\/span><\/h6>\n<\/td>\n<td>\n<h6><span style=\"color: #333399;\"><b>Docente\u00a0<\/b><\/span><\/h6>\n<\/td>\n<\/tr>\n<tr>\n<td>\n<h6><span style=\"color: #333399;\"><b>CAMPO DE FORMACI\u00d3N GENERAL<\/b><\/span><\/h6>\n<\/td>\n<td>\n<h6><span style=\"color: #333399;\"><b>\u00a0<\/b><\/span><\/h6>\n<\/td>\n<\/tr>\n<tr>\n<td>\n<h6><span style=\"color: #333399;\"><b> Pedagog\u00eda<\/b><\/span><\/h6>\n<\/td>\n<td>\n<h6><span style=\"color: #333399;\"><b>L\u00f3pez, Carolina<\/b><\/span><\/h6>\n<\/td>\n<\/tr>\n<tr>\n<td>\n<h6><span style=\"color: #333399;\"><b> Did\u00e1ctica y Curr\u00edculum<\/b><\/span><\/h6>\n<\/td>\n<td>\n<h6><\/h6>\n<\/td>\n<\/tr>\n<tr>\n<td>\n<h6><span style=\"color: #333399;\"><b> Educaci\u00f3n y transformaciones sociales contempor\u00e1neas\u00a0<\/b><\/span><\/h6>\n<\/td>\n<td>\n<h6><span style=\"color: #333399;\"><b>Miguez, Anah\u00ed<\/b><\/span><\/h6>\n<\/td>\n<\/tr>\n<tr>\n<td>\n<h6><span style=\"color: #333399;\"><b>CAMPO DE FORMACI\u00d3N ESPEC\u00cdFICA<\/b><\/span><\/h6>\n<\/td>\n<td><span style=\"font-weight: 400; color: #333399;\">\u00a0<\/span><\/td>\n<\/tr>\n<tr>\n<td>\n<h6><span style=\"color: #333399;\"><b>La educaci\u00f3n secundaria t\u00e9cnico profesional<\/b><\/span><\/h6>\n<\/td>\n<td>\n<h6><span style=\"color: #333399;\"><b>Santachita, Sandra<\/b><\/span><\/h6>\n<\/td>\n<\/tr>\n<tr>\n<td>\n<h6><span style=\"color: #333399;\"><b>Estudios socio-t\u00e9cnicos<\/b><\/span><\/h6>\n<\/td>\n<td>\n<h6><span style=\"color: #333399;\"><b> Messina, Edgardo<\/b><\/span><\/h6>\n<\/td>\n<\/tr>\n<tr>\n<td>\n<h6><span style=\"color: #333399;\"><b> Construcciones<\/b><\/span><\/h6>\n<\/td>\n<td>\n<h6><span style=\"color: #333399;\"><b> Silvestri, Jos\u00e9 Luis<\/b><\/span><\/h6>\n<\/td>\n<\/tr>\n<tr>\n<td>\n<h6><span style=\"color: #333399;\"><b> F\u00edsica en las construcciones\u00a0<\/b><\/span><\/h6>\n<\/td>\n<td>\n<h6><span style=\"color: #333399;\"><b>S\u00e1nchez, H\u00e9ctor\u00a0<\/b><\/span><\/h6>\n<\/td>\n<\/tr>\n<tr>\n<td>\n<h6><span style=\"color: #333399;\"><b> Qu\u00edmica de los materiales de construcci\u00f3n<\/b><\/span><\/h6>\n<\/td>\n<td>\n<h6><span style=\"color: #333399;\"><b>Popp, Gerardo<\/b><\/span><\/h6>\n<\/td>\n<\/tr>\n<tr>\n<td>\n<h6><span style=\"color: #333399;\"><b> Matem\u00e1tica en las construcciones<\/b><\/span><\/h6>\n<\/td>\n<td>\n<h6><span style=\"color: #333399;\"><b>Hernandez Vivas, Diana (Mongelos, Karen)<\/b><\/span><\/h6>\n<\/td>\n<\/tr>\n<tr>\n<td>\n<h6><span style=\"color: #333399;\"><b> Sistemas de representaci\u00f3n<\/b><\/span><\/h6>\n<\/td>\n<td>\n<h6><span style=\"color: #333399;\"><b>Aguirre, Enrique<\/b><\/span><\/h6>\n<\/td>\n<\/tr>\n<tr>\n<td>\n<h6><span style=\"color: #333399;\"><b>CAMPO DE FORMACI\u00d3N DE PR\u00c1CTICA DOCENTE<\/b><\/span><\/h6>\n<\/td>\n<td>\n<h6><\/h6>\n<\/td>\n<\/tr>\n<tr>\n<td>\n<h6><span style=\"color: #333399;\"><b> Pr\u00e1ctica Docente I<\/b><\/span><\/h6>\n<\/td>\n<td>\n<h6><b><span style=\"color: #333399;\">De Cousandier, Martha \/ Alonso, Laura<\/span><\/b><\/h6>\n<\/td>\n<\/tr>\n<\/tbody>\n<\/table>\n<table id=\"table1\" style=\"width: 100%;\" border=\"1\" cellspacing=\"1\" cellpadding=\"2\"><\/table>\n<p><span style=\"color: #000080;\"><strong><span style=\"font-size: 10pt; font-family: arial,helvetica,sans-serif;\">Segundo a\u00f1o:<\/span><\/strong><\/span><\/p>\n<table style=\"height: 1184px;\" width=\"866\">\n<tbody>\n<tr>\n<td><span style=\"font-weight: 400; color: #000080;\">Materia<\/span><\/td>\n<td><span style=\"font-weight: 400; color: #000080;\">Docente<\/span><\/td>\n<\/tr>\n<tr>\n<td><span style=\"color: #000080;\"><b>CAMPO DE LA FORMACI\u00d3N GENERAL<\/b><\/span><\/td>\n<td><\/td>\n<\/tr>\n<tr>\n<td><span style=\"font-weight: 400; color: #000080;\">Pensamiento pol\u00edtico pedag\u00f3gico latinoamericano\u00a0<\/span><\/td>\n<td><span style=\"font-weight: 400; color: #000080;\"> Arias Bola\u00f1ez, Mar\u00eda Florencia<\/span><\/td>\n<\/tr>\n<tr>\n<td><span style=\"font-weight: 400; color: #000080;\">Psicolog\u00eda del aprendizaje\u00a0<\/span><\/td>\n<td><span style=\"font-weight: 400; color: #000080;\">Diaz, Luciana<\/span><\/td>\n<\/tr>\n<tr>\n<td><span style=\"font-weight: 400; color: #000080;\">An\u00e1lisis de las instituciones educativas\u00a0<\/span><\/td>\n<td><span style=\"font-weight: 400; color: #000080;\">De Cousandier, Martha<\/span><\/td>\n<\/tr>\n<tr>\n<td><span style=\"font-weight: 400; color: #000080;\">Educaci\u00f3n Sexual Integral (ESI)\u00a0<\/span><\/td>\n<td><span style=\"color: #000080;\">Dard\u00f3n Castro Juan Mar\u00eda<\/span><\/td>\n<\/tr>\n<tr>\n<td><span style=\"font-weight: 400; color: #000080;\">Cultura digital y educaci\u00f3n<\/span><\/td>\n<td><span style=\"color: #000080;\">Lachner Gould, Nadia Romina<\/span><\/td>\n<\/tr>\n<tr>\n<td><span style=\"color: #000080;\"><b>CAMPO DE LA FORMACI\u00d3N ESPEC\u00cdFICA<\/b><\/span><\/td>\n<td><\/td>\n<\/tr>\n<tr>\n<td><span style=\"font-weight: 400; color: #000080;\">La ense\u00f1anza en la Educaci\u00f3n T\u00e9cnico Profesional<\/span><\/td>\n<td><\/td>\n<\/tr>\n<tr>\n<td><span style=\"font-weight: 400; color: #000080;\">Tecnolog\u00eda, sociedad y ambiente\u00a0<\/span><\/td>\n<td><span style=\"font-weight: 400; color: #000080;\">P\u00e9rez, Alejandro<\/span><\/td>\n<\/tr>\n<tr>\n<td><span style=\"font-weight: 400; color: #000080;\">Resistencia y ensayo de los materiales\u00a0<\/span><\/td>\n<td><span style=\"font-weight: 400; color: #000080;\"> Fari\u00f1a, Silvia<\/span><\/td>\n<\/tr>\n<tr>\n<td><span style=\"font-weight: 400; color: #000080;\">Dise\u00f1o y Construcci\u00f3n\u00a0<\/span><\/td>\n<td><span style=\"font-weight: 400; color: #000080;\">P\u00e9rez, Alejandro<\/span><\/td>\n<\/tr>\n<tr>\n<td><span style=\"font-weight: 400; color: #000080;\">Representaci\u00f3n de proyectos\u00a0<\/span><\/td>\n<td><span style=\"font-weight: 400; color: #000080;\">Duran, Jos\u00e9<\/span><\/td>\n<\/tr>\n<tr>\n<td><span style=\"font-weight: 400; color: #000080;\">Medici\u00f3n, suelos y fundaciones\u00a0<\/span><\/td>\n<td><span style=\"font-weight: 400; color: #000080;\">Cerbino, Luis\u00a0<\/span><\/td>\n<\/tr>\n<tr>\n<td><span style=\"font-weight: 400; color: #000080;\">Instalaciones sanitarias\u00a0<\/span><\/td>\n<td><span style=\"color: #333399;\">P\u00e9rez, Alejandro<\/span><\/td>\n<\/tr>\n<tr>\n<td><span style=\"color: #000080;\"><b>CAMPO DE LA FORMACI\u00d3N DOCENTE<\/b><\/span><\/td>\n<td><\/td>\n<\/tr>\n<tr>\n<td><span style=\"font-weight: 400; color: #000080;\">Pr\u00e1ctica Docente II<\/span><\/td>\n<td><span style=\"font-weight: 400; color: #000080;\">Fari\u00f1a \/ A designar<\/span><\/td>\n<\/tr>\n<\/tbody>\n<\/table>\n<ul>\n<li><span style=\"color: #000080;\"><strong>El plan de estudios anterior (<a style=\"color: #000080;\" href=\"https:\/\/isfd30-bue.infd.edu.ar\/sitio\/wp-content\/uploads\/2020\/07\/Anexo_I-Res_4435.pdf\">ver Dise\u00f1o Curricular<\/a>) correspondiente a la carrera Profesorado de Educaci\u00f3n Secundaria en Tecnolog\u00edas (de Construcciones) fue aprobado por las Resoluciones N\u00b0 2789\/09, 4435\/00 y N\u00b0368\/03 y se compone de las siguientes asignaturas:<\/strong><\/span><\/li>\n<\/ul>\n<p><span style=\"color: #000080;\"><strong><span style=\"font-size: 10pt; font-family: arial,helvetica,sans-serif;\">Tercer a\u00f1o:<\/span><\/strong><\/span><\/p>\n<table id=\"table1\" style=\"width: 100%;\" border=\"1\" cellspacing=\"1\" cellpadding=\"2\">\n<tbody>\n<tr>\n<td style=\"text-align: center;\" width=\"60%\"><span style=\"font-size: 10pt; font-family: arial, helvetica, sans-serif; color: #000080;\">\u00a0Materia<\/span><\/td>\n<td style=\"text-align: center;\" width=\"30%\"><span style=\"font-size: 10pt; font-family: arial, helvetica, sans-serif; color: #000080;\">Docente\u00a0<\/span><\/td>\n<td style=\"text-align: center;\" width=\"10%\"><span style=\"font-size: 10pt; font-family: arial, helvetica, sans-serif; color: #000080;\">\u00a0<\/span><\/td>\n<\/tr>\n<tr>\n<td width=\"60%\"><span style=\"color: #000080;\"><strong><span style=\"font-size: 10pt; font-family: arial,helvetica,sans-serif;\">ESPACIO DE LA FUNDAMENTACI\u00d3N\u00a0<\/span><\/strong><span style=\"font-family: arial, helvetica, sans-serif;\"><span style=\"font-size: 13.3333px;\"><b>PEDAG\u00d3GICA<\/b><\/span><\/span><\/span><\/td>\n<td width=\"30%\"><span style=\"font-size: 10pt; font-family: arial, helvetica, sans-serif; color: #000080;\">\u00a0<\/span><\/td>\n<td width=\"10%\"><span style=\"font-size: 10pt; font-family: arial, helvetica, sans-serif; color: #000080;\">\u00a0<\/span><\/td>\n<\/tr>\n<tr>\n<td width=\"60%\"><span style=\"font-size: 10pt; font-family: arial, helvetica, sans-serif; color: #000080;\">\u00a0Perspectiva Filos\u00f3fico Pedag\u00f3gica Did\u00e1ctica<\/span><\/td>\n<td width=\"30%\"><\/td>\n<td width=\"10%\"><span style=\"font-size: 10pt; font-family: arial, helvetica, sans-serif; color: #000080;\">\u00a0<\/span><\/td>\n<\/tr>\n<tr>\n<td width=\"60%\"><span style=\"font-size: 10pt; font-family: arial, helvetica, sans-serif; color: #000080;\">\u00a0Perspectiva\u00a0 Pol\u00edtico Institucional<\/span><\/td>\n<td width=\"30%\"><span style=\"font-size: 10pt; font-family: arial, helvetica, sans-serif; color: #000080;\">Messina, Edgardo (Miguez, Anah\u00ed)<\/span><\/td>\n<td width=\"10%\"><span style=\"font-size: 10pt; font-family: arial, helvetica, sans-serif; color: #000080;\">\u00a0<\/span><\/td>\n<\/tr>\n<tr>\n<td width=\"60%\"><span style=\"color: #000080;\"><strong><span style=\"font-size: 10pt; font-family: arial,helvetica,sans-serif;\">ESPACIO DE LA\u00a0<\/span><\/strong><span style=\"font-family: arial, helvetica, sans-serif;\"><span style=\"font-size: 13.3333px;\"><b>ORIENTACI\u00d3N<\/b><\/span><\/span><\/span><\/td>\n<td width=\"30%\"><span style=\"font-size: 10pt; font-family: arial, helvetica, sans-serif; color: #000080;\">\u00a0<\/span><\/td>\n<td width=\"10%\"><span style=\"font-size: 10pt; font-family: arial, helvetica, sans-serif; color: #000080;\">\u00a0<\/span><\/td>\n<\/tr>\n<tr>\n<td width=\"60%\"><span style=\"font-size: 10pt; font-family: arial, helvetica, sans-serif; color: #000080;\"><span style=\"font-family: arial, helvetica, sans-serif;\"><span style=\"font-size: 10pt;\"><b>\u00a0<\/b><\/span><span style=\"font-size: 13.3333px;\"><b>FORMACI\u00d3N<\/b><\/span><span style=\"font-size: 10pt;\"><b>\u00a0GENERAL<\/b><\/span><\/span><\/span><\/td>\n<td width=\"30%\"><span style=\"font-size: 10pt; font-family: arial, helvetica, sans-serif; color: #000080;\">\u00a0<\/span><\/td>\n<td width=\"10%\"><span style=\"font-size: 10pt; font-family: arial, helvetica, sans-serif; color: #000080;\">\u00a0<\/span><\/td>\n<\/tr>\n<tr>\n<td width=\"60%\"><span style=\"font-size: 10pt; font-family: arial, helvetica, sans-serif; color: #000080;\">\u00a0Econom\u00eda y gesti\u00f3n de la Producci\u00f3n<\/span><\/td>\n<td width=\"30%\"><span style=\"font-size: 10pt; font-family: arial, helvetica, sans-serif; color: #000080;\">Gonz\u00e1lez, Mar\u00eda Florencia<\/span><\/td>\n<td style=\"text-align: center;\" width=\"10%\"><span style=\"font-size: 10pt; font-family: arial, helvetica, sans-serif; color: #000080;\">X<\/span><\/td>\n<\/tr>\n<tr>\n<td width=\"60%\"><span style=\"font-size: 10pt; font-family: arial, helvetica, sans-serif; color: #000080;\">\u00a0Proyecto Tecnol\u00f3gico II<\/span><\/td>\n<td width=\"30%\"><span style=\"font-size: 10pt; font-family: arial, helvetica, sans-serif; color: #000080;\">Lovillo, Edgardo<\/span><\/td>\n<td style=\"text-align: center;\" width=\"10%\"><span style=\"font-size: 10pt; font-family: arial, helvetica, sans-serif; color: #000080;\">X<\/span><\/td>\n<\/tr>\n<tr>\n<td width=\"60%\"><span style=\"font-size: 10pt; font-family: arial, helvetica, sans-serif; color: #000080;\"><span style=\"font-family: arial, helvetica, sans-serif;\"><span style=\"font-size: 10pt;\"><b>\u00a0<\/b><\/span><span style=\"font-size: 13.3333px;\"><b>FORMACI\u00d3N<\/b><\/span><span style=\"font-size: 10pt;\"><b>\u00a0ESPECIFICA<\/b><\/span><\/span><\/span><\/td>\n<td width=\"30%\"><span style=\"font-size: 10pt; font-family: arial, helvetica, sans-serif; color: #000080;\">\u00a0<\/span><\/td>\n<td style=\"text-align: center;\" width=\"10%\"><span style=\"font-size: 10pt; font-family: arial, helvetica, sans-serif; color: #000080;\">\u00a0<\/span><\/td>\n<\/tr>\n<tr>\n<td width=\"60%\"><span style=\"font-size: 10pt; font-family: arial, helvetica, sans-serif; color: #000080;\">\u00a0Espacio de Definici\u00f3n Instituc<\/span><\/td>\n<td width=\"30%\"><span style=\"font-size: 10pt; font-family: arial, helvetica, sans-serif; color: #000080;\">Silvestri, Jos\u00e9 Luis<\/span><\/td>\n<td style=\"text-align: center;\" width=\"10%\"><span style=\"font-size: 10pt; font-family: arial, helvetica, sans-serif; color: #000080;\">X<\/span><\/td>\n<\/tr>\n<tr>\n<td width=\"60%\"><span style=\"font-size: 10pt; font-family: arial, helvetica, sans-serif; color: #000080;\">\u00a0Instalaciones Sanitarias y El\u00e9ctricas<\/span><\/td>\n<td width=\"30%\"><span style=\"font-size: 10pt; font-family: arial, helvetica, sans-serif; color: #000080;\">P\u00e9rez, Alejandro<\/span><\/td>\n<td style=\"text-align: center;\" width=\"10%\"><span style=\"font-size: 10pt; font-family: arial, helvetica, sans-serif; color: #000080;\">X<\/span><\/td>\n<\/tr>\n<tr>\n<td width=\"60%\"><span style=\"font-size: 10pt; font-family: arial, helvetica, sans-serif; color: #000080;\">\u00a0Estructuras de Hormig\u00f3n Armado I<\/span><\/td>\n<td width=\"30%\"><span style=\"font-size: 10pt; font-family: arial, helvetica, sans-serif; color: #000080;\">Carbone, Roque<\/span><\/td>\n<td style=\"text-align: center;\" width=\"10%\"><span style=\"font-size: 10pt; font-family: arial, helvetica, sans-serif; color: #000080;\">X<\/span><\/td>\n<\/tr>\n<tr>\n<td width=\"60%\"><span style=\"font-size: 10pt; font-family: arial, helvetica, sans-serif; color: #000080;\">\u00a0Alba\u00f1iler\u00eda y Construcciones complementarias<\/span><\/td>\n<td width=\"30%\"><span style=\"font-size: 10pt; font-family: arial, helvetica, sans-serif; color: #000080;\">Alonso, Laura<\/span><\/td>\n<td style=\"text-align: center;\" width=\"10%\"><span style=\"font-size: 10pt; font-family: arial, helvetica, sans-serif; color: #000080;\">X<\/span><\/td>\n<\/tr>\n<tr>\n<td width=\"60%\"><span style=\"color: #000080;\"><strong><span style=\"font-size: 10pt; font-family: arial,helvetica,sans-serif;\">ESPACIO DE LA PR\u00c1CTICA<\/span><\/strong><\/span><\/td>\n<td width=\"30%\"><span style=\"font-size: 10pt; font-family: arial, helvetica, sans-serif; color: #000080;\">\u00a0<\/span><\/td>\n<td width=\"10%\"><span style=\"font-size: 10pt; font-family: arial, helvetica, sans-serif; color: #000080;\">\u00a0<\/span><\/td>\n<\/tr>\n<tr>\n<td width=\"60%\"><span style=\"font-size: 10pt; font-family: arial, helvetica, sans-serif; color: #000080;\">\u00a0Espacio de la Pr\u00e1ctica Docente III<\/span><\/td>\n<td width=\"30%\"><span style=\"font-size: 10pt; font-family: arial, helvetica, sans-serif; color: #000080;\">Alonso Laura\u00a0 (Ag\u00fcero, Juan Carlos)<\/span><\/td>\n<td width=\"10%\"><span style=\"font-size: 10pt; font-family: arial, helvetica, sans-serif; color: #000080;\">\u00a0<\/span><\/td>\n<\/tr>\n<\/tbody>\n<\/table>\n<p><span style=\"color: #000080;\"><strong><span style=\"font-size: 10pt; font-family: arial,helvetica,sans-serif;\">Cuarto a\u00f1o:<\/span><\/strong><\/span><\/p>\n<table id=\"table1\" style=\"width: 100%;\" border=\"1\" cellspacing=\"1\" cellpadding=\"2\">\n<tbody>\n<tr>\n<td style=\"text-align: center;\" width=\"60%\"><span style=\"font-size: 10pt; font-family: arial, helvetica, sans-serif; color: #000080;\">\u00a0Materia<\/span><\/td>\n<td style=\"text-align: center;\" width=\"30%\"><span style=\"font-size: 10pt; font-family: arial, helvetica, sans-serif; color: #000080;\">Docente\u00a0<\/span><\/td>\n<td style=\"text-align: center;\" width=\"10%\"><span style=\"font-size: 10pt; font-family: arial, helvetica, sans-serif; color: #000080;\">\u00a0<\/span><\/td>\n<\/tr>\n<tr>\n<td width=\"60%\"><span style=\"color: #000080;\"><strong><span style=\"font-size: 10pt; font-family: arial,helvetica,sans-serif;\">ESPACIO DE LA\u00a0<\/span><\/strong><span style=\"font-family: arial, helvetica, sans-serif;\"><span style=\"font-size: 13.3333px;\"><b>ORIENTACI\u00d3N<\/b><\/span><\/span><\/span><\/td>\n<td width=\"30%\"><span style=\"font-size: 10pt; font-family: arial, helvetica, sans-serif; color: #000080;\">\u00a0<\/span><\/td>\n<td width=\"10%\"><span style=\"font-size: 10pt; font-family: arial, helvetica, sans-serif; color: #000080;\">\u00a0<\/span><\/td>\n<\/tr>\n<tr>\n<td width=\"60%\"><span style=\"font-size: 10pt; font-family: arial, helvetica, sans-serif; color: #000080;\"><span style=\"font-family: arial, helvetica, sans-serif;\"><span style=\"font-size: 10pt;\"><b>\u00a0<\/b><\/span><span style=\"font-size: 13.3333px;\"><b>FORMACI\u00d3N<\/b><\/span><span style=\"font-size: 10pt;\"><b>\u00a0GENERAL<\/b><\/span><\/span><\/span><\/td>\n<td width=\"30%\"><span style=\"font-size: 10pt; font-family: arial, helvetica, sans-serif; color: #000080;\">\u00a0<\/span><\/td>\n<td width=\"10%\"><span style=\"font-size: 10pt; font-family: arial, helvetica, sans-serif; color: #000080;\">\u00a0<\/span><\/td>\n<\/tr>\n<tr>\n<td width=\"60%\"><span style=\"font-size: 10pt; font-family: arial, helvetica, sans-serif; color: #000080;\">\u00a0Emprendimientos Productivos<\/span><\/td>\n<td width=\"30%\"><span style=\"font-size: 10pt; font-family: arial, helvetica, sans-serif; color: #000080;\">Caminos, Juan Pablo<\/span><\/td>\n<td style=\"text-align: center;\" width=\"10%\"><span style=\"font-size: 10pt; font-family: arial, helvetica, sans-serif; color: #000080;\">X<\/span><\/td>\n<\/tr>\n<tr>\n<td width=\"60%\"><span style=\"font-size: 10pt; font-family: arial, helvetica, sans-serif; color: #000080;\"><span style=\"font-family: arial, helvetica, sans-serif;\"><span style=\"font-size: 10pt;\"><b>\u00a0<\/b><\/span><span style=\"font-size: 13.3333px;\"><b>FORMACI\u00d3N<\/b><\/span><span style=\"font-size: 10pt;\"><b>\u00a0ESPECIFICA<\/b><\/span><\/span><\/span><\/td>\n<td width=\"30%\"><span style=\"font-size: 10pt; font-family: arial, helvetica, sans-serif; color: #000080;\">\u00a0\u00a0<\/span><\/td>\n<td width=\"10%\"><span style=\"font-size: 10pt; font-family: arial, helvetica, sans-serif; color: #000080;\">\u00a0<\/span><\/td>\n<\/tr>\n<tr>\n<td width=\"60%\"><span style=\"font-size: 10pt; font-family: arial, helvetica, sans-serif; color: #000080;\">\u00a0Espacio de Definici\u00f3n Institucional<\/span><\/td>\n<td width=\"30%\"><span style=\"font-size: 10pt; font-family: arial, helvetica, sans-serif; color: #000080;\">Silvestri, Jos\u00e9 Luis<\/span><\/td>\n<td style=\"text-align: center;\" width=\"10%\"><span style=\"font-size: 10pt; font-family: arial, helvetica, sans-serif; color: #000080;\">X<\/span><\/td>\n<\/tr>\n<tr>\n<td width=\"60%\"><span style=\"font-size: 10pt; font-family: arial, helvetica, sans-serif; color: #000080;\">\u00a0Estructuras Met\u00e1licas y de Madera<\/span><\/td>\n<td width=\"30%\"><span style=\"font-size: 10pt; font-family: arial, helvetica, sans-serif; color: #000080;\">Fari\u00f1a, Silvia<\/span><\/td>\n<td style=\"text-align: center;\" width=\"10%\"><span style=\"font-size: 10pt; font-family: arial, helvetica, sans-serif; color: #000080;\">X<\/span><\/td>\n<\/tr>\n<tr>\n<td width=\"60%\"><span style=\"font-size: 10pt; font-family: arial, helvetica, sans-serif; color: #000080;\">\u00a0Estructuras de Hormig\u00f3n Armado II<\/span><\/td>\n<td width=\"30%\"><span style=\"font-size: 10pt; font-family: arial, helvetica, sans-serif; color: #000080;\">Carbone, Roque<\/span><\/td>\n<td style=\"text-align: center;\" width=\"10%\"><span style=\"font-size: 10pt; font-family: arial, helvetica, sans-serif; color: #000080;\">X<\/span><\/td>\n<\/tr>\n<tr>\n<td width=\"60%\"><span style=\"font-size: 10pt; font-family: arial, helvetica, sans-serif; color: #000080;\">\u00a0Sistemas Insdustrializados<\/span><\/td>\n<td width=\"30%\"><span style=\"font-size: 10pt; font-family: arial, helvetica, sans-serif; color: #000080;\">Garreta, Virginia<\/span><\/td>\n<td style=\"text-align: center;\" width=\"10%\"><span style=\"font-size: 10pt; font-family: arial, helvetica, sans-serif; color: #000080;\">X<\/span><\/td>\n<\/tr>\n<tr>\n<td width=\"60%\"><span style=\"font-size: 10pt; font-family: arial, helvetica, sans-serif; color: #000080;\">\u00a0Instalaciones de Gas y Calefacci\u00f3n<\/span><\/td>\n<td width=\"30%\"><span style=\"font-size: 10pt; font-family: arial, helvetica, sans-serif; color: #000080;\">P\u00e9rez, Alejandro\u00a0<\/span><\/td>\n<td style=\"text-align: center;\" width=\"10%\"><span style=\"font-size: 10pt; font-family: arial, helvetica, sans-serif; color: #000080;\">X<\/span><\/td>\n<\/tr>\n<tr>\n<td width=\"60%\"><span style=\"font-size: 10pt; font-family: arial, helvetica, sans-serif; color: #000080;\">\u00a0Organizaci\u00f3n y Control de Obra<\/span><\/td>\n<td width=\"30%\"><span style=\"font-size: 10pt; font-family: arial, helvetica, sans-serif; color: #000080;\">Dur\u00e1n, Jos\u00e9<\/span><\/td>\n<td style=\"text-align: center;\" width=\"10%\"><span style=\"font-size: 10pt; font-family: arial, helvetica, sans-serif; color: #000080;\">X<\/span><\/td>\n<\/tr>\n<tr>\n<td width=\"60%\"><span style=\"font-size: 10pt; font-family: arial, helvetica, sans-serif; color: #000080;\">\u00a0Proyecto Tecnol\u00f3gico III<\/span><\/td>\n<td width=\"30%\"><span style=\"font-size: 10pt; font-family: arial, helvetica, sans-serif; color: #000080;\">Garreta, Virginia<\/span><\/td>\n<td style=\"text-align: center;\" width=\"10%\"><span style=\"font-size: 10pt; font-family: arial, helvetica, sans-serif; color: #000080;\">X<\/span><\/td>\n<\/tr>\n<tr>\n<td width=\"60%\"><span style=\"color: #000080;\"><strong><span style=\"font-size: 10pt; font-family: arial,helvetica,sans-serif;\">ESPACIO DE LA PR\u00c1CTICA<\/span><\/strong><\/span><\/td>\n<td width=\"30%\"><span style=\"font-size: 10pt; font-family: arial, helvetica, sans-serif; color: #000080;\">\u00a0<\/span><\/td>\n<td width=\"10%\"><span style=\"font-size: 10pt; font-family: arial, helvetica, sans-serif; color: #000080;\">\u00a0<\/span><\/td>\n<\/tr>\n<tr>\n<td width=\"60%\"><span style=\"font-size: 10pt; font-family: arial, helvetica, sans-serif; color: #000080;\">\u00a0Espacio de la Pr\u00e1ctica Docente IV<\/span><\/td>\n<td width=\"30%\"><span style=\"color: #000080; font-family: arial, helvetica, sans-serif;\"><span style=\"font-size: 13.3333px;\">Santachita, Sandra<\/span><\/span><\/td>\n<td width=\"10%\"><span style=\"font-size: 10pt; font-family: arial, helvetica, sans-serif; color: #000080;\">\u00a0<\/span><\/td>\n<\/tr>\n<\/tbody>\n<\/table>\n<p><span style=\"font-size: 10pt; font-family: arial, helvetica, sans-serif; color: #000080;\"><a style=\"color: #000080;\" title=\"upload\/Correlativas_Co.pdf\" href=\"upload\/Correlativas_Co.pdf\" target=\"_blank\" rel=\"noopener\">R\u00e9gimen de correlatividades<\/a><\/span><\/p>\n","protected":false},"excerpt":{"rendered":"<p>Horario: Lunes a Viernes de 18:20 a 22:20 Hs. S\u00e1bados de 8:00 a 12:10 Hs. El plan de estudios vigente, cuya implementaci\u00f3n comienza en 2024, se corresponde con la carrera Profesorado de Educaci\u00f3n Secundaria T\u00e9cnico Profesional en CONSTRUCCIONES. Para acceder al Dise\u00f1o Curricular pod\u00e9s hacer click aqu\u00ed.\u00a0 Primer a\u00f1o: Materia Docente\u00a0 CAMPO DE FORMACI\u00d3N GENERAL &#8230; <a title=\"Plan de estudios\" class=\"read-more\" href=\"https:\/\/isfd30-bue.infd.edu.ar\/sitio\/plan-de-estudios-ct\/\" aria-label=\"More on Plan de estudios\">[+]<\/a><\/p>\n","protected":false},"author":904,"featured_media":0,"parent":0,"menu_order":0,"comment_status":"closed","ping_status":"closed","template":"","meta":[],"acf":[],"_links":{"self":[{"href":"https:\/\/isfd30-bue.infd.edu.ar\/sitio\/wp-json\/wp\/v2\/pages\/843"}],"collection":[{"href":"https:\/\/isfd30-bue.infd.edu.ar\/sitio\/wp-json\/wp\/v2\/pages"}],"about":[{"href":"https:\/\/isfd30-bue.infd.edu.ar\/sitio\/wp-json\/wp\/v2\/types\/page"}],"author":[{"embeddable":true,"href":"https:\/\/isfd30-bue.infd.edu.ar\/sitio\/wp-json\/wp\/v2\/users\/904"}],"replies":[{"embeddable":true,"href":"https:\/\/isfd30-bue.infd.edu.ar\/sitio\/wp-json\/wp\/v2\/comments?post=843"}],"version-history":[{"count":38,"href":"https:\/\/isfd30-bue.infd.edu.ar\/sitio\/wp-json\/wp\/v2\/pages\/843\/revisions"}],"predecessor-version":[{"id":2531,"href":"https:\/\/isfd30-bue.infd.edu.ar\/sitio\/wp-json\/wp\/v2\/pages\/843\/revisions\/2531"}],"wp:attachment":[{"href":"https:\/\/isfd30-bue.infd.edu.ar\/sitio\/wp-json\/wp\/v2\/media?parent=843"}],"curies":[{"name":"wp","href":"https:\/\/api.w.org\/{rel}","templated":true}]}}