{"id":841,"date":"2018-08-29T19:03:07","date_gmt":"2018-08-29T22:03:07","guid":{"rendered":"https:\/\/isfd30-bue.infd.edu.ar\/sitio\/plan-de-estudios\/"},"modified":"2025-09-25T11:11:17","modified_gmt":"2025-09-25T14:11:17","slug":"plan-de-estudios-et","status":"publish","type":"page","link":"https:\/\/isfd30-bue.infd.edu.ar\/sitio\/plan-de-estudios-et\/","title":{"rendered":"Plan de estudios"},"content":{"rendered":"<p><span style=\"font-size: 10pt; color: #000080;\"><strong><span style=\"font-family: arial, helvetica, sans-serif;\">Horario: Lunes a Viernes de 18:20 a 22:20 Hs.<br \/>\nS\u00e1bados de 8:00 a 12:10 Hs.<\/span><\/strong><\/span><\/p>\n<ul>\n<li><span style=\"color: #000080;\"><strong>El plan de estudios vigente, cuya implementaci\u00f3n comienza en 2024, se corresponde con la carrera Profesorado de Educaci\u00f3n Secundaria T\u00e9cnico Profesional en Electr\u00f3nica. Para acceder al Dise\u00f1o Curricular pod\u00e9s hacer click <span style=\"color: #3366ff;\"><a style=\"color: #3366ff;\" href=\"https:\/\/drive.google.com\/file\/d\/1_RXi_1SnCAkfW8HtFY8Jt8FcG5_m3o2Z\/view?usp=sharing\">aqu\u00ed<\/a><\/span><\/strong><\/span><\/li>\n<\/ul>\n<p><span style=\"color: #000080;\"><strong><span style=\"font-size: 10pt; font-family: arial, helvetica, sans-serif;\">Primer a\u00f1o:<\/span><\/strong><\/span><\/p>\n<table>\n<tbody>\n<tr>\n<td><span style=\"color: #000080;\"><b> MATERIA<\/b><\/span><\/td>\n<td><span style=\"color: #000080;\"><b>DOCENTE\u00a0 \u00a0 <\/b><span style=\"font-weight: 400;\">\u00a0\u00a0\u00a0\u00a0\u00a0\u00a0\u00a0\u00a0\u00a0\u00a0\u00a0\u00a0\u00a0\u00a0\u00a0\u00a0\u00a0\u00a0\u00a0\u00a0\u00a0\u00a0\u00a0<\/span><\/span><\/td>\n<\/tr>\n<tr>\n<td><span style=\"color: #000080;\"><b>\u00a0 CAMPO DE LA FORMACI\u00d3N GENERAL<\/b><\/span><\/td>\n<td><\/td>\n<\/tr>\n<tr>\n<td><span style=\"font-weight: 400; color: #000080;\">Pedagog\u00eda<\/span><\/td>\n<td><span style=\"font-weight: 400; color: #000080;\">Bertolani, Jorge<\/span><\/td>\n<\/tr>\n<tr>\n<td><span style=\"font-weight: 400; color: #000080;\">Did\u00e1ctica y Curr\u00edculum<\/span><\/td>\n<td><\/td>\n<\/tr>\n<tr>\n<td><span style=\"font-weight: 400; color: #000080;\">Educaci\u00f3n y transformaciones contempor\u00e1neas<\/span><\/td>\n<td><span style=\"font-weight: 400; color: #000080;\">Su\u00e1rez L\u00f3pez, Leandro<\/span><\/td>\n<\/tr>\n<tr>\n<td><span style=\"color: #000080;\"><b>CAMPO DE LA FORMACI\u00d3N ESPEC\u00cdFICA<\/b><\/span><\/td>\n<td><\/td>\n<\/tr>\n<tr>\n<td><span style=\"font-weight: 400; color: #000080;\">La educaci\u00f3n t\u00e9cnica profesional<\/span><\/td>\n<td><span style=\"font-weight: 400; color: #000080;\">Santachita, Sandra<\/span><\/td>\n<\/tr>\n<tr>\n<td><span style=\"font-weight: 400; color: #000080;\">Estudios socio-t\u00e9cnicos<\/span><\/td>\n<td><span style=\"font-weight: 400; color: #000080;\">Messina, Edgardo<\/span><\/td>\n<\/tr>\n<tr>\n<td><span style=\"font-weight: 400; color: #000080;\">El campo de la electr\u00f3nica<\/span><\/td>\n<td><span style=\"font-weight: 400; color: #000080;\">Messina, Edgardo<\/span><\/td>\n<\/tr>\n<tr>\n<td><span style=\"font-weight: 400; color: #000080;\">Laboratorio de mediciones el\u00e9ctricas y electr\u00f3nicas<\/span><\/td>\n<td><span style=\"font-weight: 400; color: #000080;\">Lovillo, Edgardo<\/span><\/td>\n<\/tr>\n<tr>\n<td><span style=\"font-weight: 400; color: #000080;\">F\u00edsica orientada a la Electr\u00f3nica<\/span><\/td>\n<td><span style=\"font-weight: 400; color: #000080;\">S\u00e1nchez, Hector<\/span><\/td>\n<\/tr>\n<tr>\n<td><span style=\"font-weight: 400; color: #000080;\">Introducci\u00f3n a los circuitos electr\u00f3nicos<\/span><\/td>\n<td><span style=\"font-weight: 400; color: #000080;\"> Coll Do\u00f1etz, Juan Manuel<\/span><\/td>\n<\/tr>\n<tr>\n<td><span style=\"font-weight: 400; color: #000080;\">Matem\u00e1tica orientada a la Electr\u00f3nica\u00a0<\/span><\/td>\n<td><span style=\"font-weight: 400; color: #000080;\">Hernandez Vivas Diana (Mongelos, Karen)<\/span><\/td>\n<\/tr>\n<tr>\n<td><span style=\"color: #000080;\"><b>CAMPO DE LA FORMACI\u00d3N DOCENTE<\/b><\/span><\/td>\n<td><\/td>\n<\/tr>\n<tr>\n<td><span style=\"font-weight: 400; color: #000080;\">Pr\u00e1ctica Docente I<\/span><\/td>\n<td><span style=\"font-weight: 400; color: #000080;\">Bertolani, Jorge \/ Alegre, Miguel<\/span><\/td>\n<\/tr>\n<\/tbody>\n<\/table>\n<p><span style=\"font-size: 10pt; color: #000080; font-family: arial, helvetica, sans-serif;\"><strong>Segundo a\u00f1o:<\/strong><\/span><\/p>\n<table style=\"height: 984px;\" width=\"981\">\n<tbody>\n<tr>\n<td>\n<h6><span style=\"font-weight: 400; color: #000080;\">Materia<\/span><\/h6>\n<\/td>\n<td>\n<h6><span style=\"font-weight: 400; color: #000080;\">Docente<\/span><\/h6>\n<\/td>\n<\/tr>\n<tr>\n<td>\n<h6><span style=\"color: #000080;\"><b>CAMPO DE LA FORMACI\u00d3N GENERAL<\/b><\/span><\/h6>\n<\/td>\n<td><\/td>\n<\/tr>\n<tr>\n<td>\n<h6><span style=\"font-weight: 400; color: #000080;\">Pensamiento pol\u00edtico pedag\u00f3gico latinoamericano\u00a0<\/span><\/h6>\n<\/td>\n<td>\n<h6><span style=\"font-weight: 400; color: #000080;\"> Arias Bola\u00f1ez, Maria Florencia<\/span><\/h6>\n<\/td>\n<\/tr>\n<tr>\n<td>\n<h6><span style=\"font-weight: 400; color: #000080;\">Psicolog\u00eda del aprendizaje\u00a0<\/span><\/h6>\n<\/td>\n<td>\n<h6><span style=\"font-weight: 400; color: #000080;\">Diaz, Luciana<\/span><\/h6>\n<\/td>\n<\/tr>\n<tr>\n<td>\n<h6><span style=\"font-weight: 400; color: #000080;\">An\u00e1lisis de las instituciones educativas\u00a0<\/span><\/h6>\n<\/td>\n<td>\n<h6><span style=\"font-weight: 400; color: #000080;\"> Arias Bola\u00f1ez, Maria Florencia<\/span><\/h6>\n<\/td>\n<\/tr>\n<tr>\n<td>\n<h6><span style=\"font-weight: 400; color: #000080;\">Educaci\u00f3n Sexual Integral (ESI)\u00a0<\/span><\/h6>\n<\/td>\n<td>\n<h6><span style=\"font-weight: 400; color: #000080;\"> Aguilar Mar\u00eda Agustina<\/span><\/h6>\n<\/td>\n<\/tr>\n<tr>\n<td>\n<h6><span style=\"font-weight: 400; color: #000080;\">Cultura digital y educaci\u00f3n<\/span><\/h6>\n<\/td>\n<td>\n<h6><span style=\"color: #000080;\"><span style=\"font-weight: 400;\">Lachner Gould, Nadia Romina<\/span><\/span><\/h6>\n<\/td>\n<\/tr>\n<tr>\n<td>\n<h6><span style=\"color: #000080;\"><b>CAMPO DE LA FORMACI\u00d3N ESPEC\u00cdFICA<\/b><\/span><\/h6>\n<\/td>\n<td><\/td>\n<\/tr>\n<tr>\n<td><span style=\"font-weight: 400; color: #000080;\">La ense\u00f1anza en la Educaci\u00f3n T\u00e9cnico Profesional<\/span><\/td>\n<td><\/td>\n<\/tr>\n<tr>\n<td><span style=\"font-weight: 400; color: #000080;\">Tecnolog\u00eda, sociedad y ambiente\u00a0<\/span><\/td>\n<td><span style=\"font-weight: 400; color: #000080;\"> Rozencveig, Pablo<\/span><\/td>\n<\/tr>\n<tr>\n<td><span style=\"font-weight: 400; color: #000080;\">Circuitos electr\u00f3nicos\u00a0<\/span><\/td>\n<td><span style=\"font-weight: 400; color: #000080;\"> Iatosti, Antonio<\/span><\/td>\n<\/tr>\n<tr>\n<td><span style=\"font-weight: 400; color: #000080;\">Lenguajes electr\u00f3nicos\u00a0<\/span><\/td>\n<td><span style=\"font-weight: 400; color: #000080;\">De Luca, Pablo<\/span><\/td>\n<\/tr>\n<tr>\n<td><span style=\"font-weight: 400; color: #000080;\">Electr\u00f3nica Digital\u00a0<\/span><\/td>\n<td><span style=\"font-weight: 400; color: #000080;\">Coll Do\u00f1etz, Juan Manuel<\/span><\/td>\n<\/tr>\n<tr>\n<td><span style=\"font-weight: 400; color: #000080;\">Electr\u00f3nica Anal\u00f3gica\u00a0<\/span><\/td>\n<td><span style=\"font-weight: 400; color: #000080;\">Vallejos, H\u00e9ctor<\/span><\/td>\n<\/tr>\n<tr>\n<td><span style=\"color: #000080;\"><b>CAMPO DE LA FORMACI\u00d3N DOCENTE<\/b><\/span><\/td>\n<td><\/td>\n<\/tr>\n<tr>\n<td><span style=\"font-weight: 400; color: #000080;\">Pr\u00e1ctica Docente II<\/span><\/td>\n<td><span style=\"font-weight: 400; color: #000080;\">Coll Do\u00f1etz, Juan Manuel<\/span><\/td>\n<\/tr>\n<\/tbody>\n<\/table>\n<ul>\n<li><strong style=\"color: #000080; font-family: Arial; font-size: 12pt; text-align: justify;\">El Plan de estudios (<a href=\"https:\/\/isfd30-bue.infd.edu.ar\/sitio\/wp-content\/uploads\/2020\/07\/Anexo_I-Res_4435.pdf\">ver Dise\u00f1o Curricular<\/a>) correspondiente a la carrera \u00abProfesorado de Educaci\u00f3n Secundaria en Tecnolog\u00edas (de Electr\u00f3nica)\u00bb ha sido aprobado por las Resoluciones N\u00b0 2789\/09, 4435\/00 y\u00a0N\u00b0379\/03 y se compone de las siguientes asignaturas:<\/strong><\/li>\n<\/ul>\n<p><span style=\"font-size: 10pt; color: #000080; font-family: arial, helvetica, sans-serif;\"><strong>Tercer a\u00f1o:<\/strong><\/span><\/p>\n<table id=\"table1\" style=\"width: 100%;\" border=\"1\" cellspacing=\"1\" cellpadding=\"2\">\n<tbody>\n<tr>\n<td style=\"text-align: center;\" width=\"60%\"><span style=\"font-size: 10pt; font-family: arial, helvetica, sans-serif; color: #000080;\">\u00a0Materia<\/span><\/td>\n<td style=\"text-align: center;\" width=\"30%\"><span style=\"font-size: 10pt; font-family: arial, helvetica, sans-serif; color: #000080;\">Docente\u00a0<\/span><\/td>\n<td style=\"text-align: center;\" width=\"10%\"><span style=\"font-size: 10pt; font-family: arial, helvetica, sans-serif; color: #000080;\">\u00a0<\/span><\/td>\n<\/tr>\n<tr>\n<td width=\"60%\"><span style=\"color: #000080;\"><strong><span style=\"font-size: 10pt; font-family: arial,helvetica,sans-serif;\">ESPACIO DE LA FUNDAMENTACI\u00d3N\u00a0<\/span><\/strong><span style=\"font-family: arial, helvetica, sans-serif;\"><span style=\"font-size: 13.3333px;\"><b>PEDAG\u00d3GICA<\/b><\/span><\/span><\/span><\/td>\n<td width=\"30%\"><span style=\"font-size: 10pt; font-family: arial, helvetica, sans-serif; color: #000080;\">\u00a0<\/span><\/td>\n<td width=\"10%\"><span style=\"font-size: 10pt; font-family: arial, helvetica, sans-serif; color: #000080;\">\u00a0<\/span><\/td>\n<\/tr>\n<tr>\n<td width=\"60%\"><span style=\"font-size: 10pt; font-family: arial, helvetica, sans-serif; color: #000080;\">\u00a0Perspectiva Filos\u00f3fico Pedag\u00f3gica Did\u00e1ctica<\/span><\/td>\n<td width=\"30%\"><\/td>\n<td width=\"10%\"><span style=\"font-size: 10pt; font-family: arial, helvetica, sans-serif; color: #000080;\">\u00a0<\/span><\/td>\n<\/tr>\n<tr>\n<td width=\"60%\"><span style=\"font-size: 10pt; font-family: arial, helvetica, sans-serif; color: #000080;\">\u00a0Perspectiva Pol\u00edtico Institucional<\/span><\/td>\n<td width=\"30%\"><span style=\"font-size: 10pt; font-family: arial, helvetica, sans-serif; color: #000080;\">Messina, Edgardo<\/span><\/td>\n<td width=\"10%\"><span style=\"font-size: 10pt; font-family: arial, helvetica, sans-serif; color: #000080;\">\u00a0<\/span><\/td>\n<\/tr>\n<tr>\n<td width=\"60%\"><span style=\"color: #000080;\"><strong><span style=\"font-size: 10pt; font-family: arial,helvetica,sans-serif;\">ESPACIO DE LA\u00a0<\/span><\/strong><span style=\"font-family: arial, helvetica, sans-serif;\"><span style=\"font-size: 13.3333px;\"><b>ORIENTACI\u00d3N<\/b><\/span><\/span><\/span><\/td>\n<td width=\"30%\"><span style=\"font-size: 10pt; font-family: arial, helvetica, sans-serif; color: #000080;\">\u00a0<\/span><\/td>\n<td width=\"10%\"><span style=\"font-size: 10pt; font-family: arial, helvetica, sans-serif; color: #000080;\">\u00a0<\/span><\/td>\n<\/tr>\n<tr>\n<td width=\"60%\"><span style=\"font-size: 10pt; font-family: arial, helvetica, sans-serif; color: #000080;\"><b style=\"font-family: arial, helvetica, sans-serif; font-size: 10pt;\">\u00a0<\/b><span style=\"font-family: arial, helvetica, sans-serif;\"><span style=\"font-size: 13.3333px;\"><b>FORMACI\u00d3N<\/b><\/span><\/span><b style=\"font-family: arial, helvetica, sans-serif; font-size: 10pt;\">\u00a0GENERAL<\/b><\/span><\/td>\n<td width=\"30%\"><\/td>\n<td width=\"10%\"><span style=\"font-size: 10pt; font-family: arial, helvetica, sans-serif; color: #000080;\">\u00a0<\/span><\/td>\n<\/tr>\n<tr>\n<td width=\"60%\"><span style=\"font-size: 10pt; font-family: arial, helvetica, sans-serif; color: #000080;\">\u00a0Econom\u00eda y gesti\u00f3n de la Producci\u00f3n<\/span><\/td>\n<td width=\"30%\"><span style=\"font-size: 10pt; font-family: arial, helvetica, sans-serif; color: #000080;\">Gonz\u00e1lez, Mar\u00eda Florencia<\/span><\/td>\n<td style=\"text-align: center;\" width=\"10%\"><span style=\"font-size: 10pt; font-family: arial, helvetica, sans-serif; color: #000080;\">X<\/span><\/td>\n<\/tr>\n<tr>\n<td width=\"60%\"><span style=\"font-size: 10pt; font-family: arial, helvetica, sans-serif; color: #000080;\">\u00a0Proyecto Tecnol\u00f3gico II<\/span><\/td>\n<td width=\"30%\"><span style=\"font-size: 10pt; font-family: arial, helvetica, sans-serif; color: #000080;\">Gribodo, Pablo<\/span><\/td>\n<td style=\"text-align: center;\" width=\"10%\"><span style=\"font-size: 10pt; font-family: arial, helvetica, sans-serif; color: #000080;\">X<\/span><\/td>\n<\/tr>\n<tr>\n<td width=\"60%\"><span style=\"font-size: 10pt; font-family: arial, helvetica, sans-serif; color: #000080;\"><b style=\"font-family: arial, helvetica, sans-serif; font-size: 10pt;\">\u00a0<\/b><span style=\"font-family: arial, helvetica, sans-serif;\"><span style=\"font-size: 13.3333px;\"><b>FORMACI\u00d3N<\/b><\/span><\/span><b style=\"font-family: arial, helvetica, sans-serif; font-size: 10pt;\">\u00a0ESPEC\u00cdFICA<\/b><\/span><\/td>\n<td width=\"30%\"><\/td>\n<td style=\"text-align: center;\" width=\"10%\"><\/td>\n<\/tr>\n<tr>\n<td width=\"60%\"><span style=\"font-size: 10pt; font-family: arial, helvetica, sans-serif; color: #000080;\">\u00a0Espacio de Definici\u00f3n Institucional<\/span><\/td>\n<td width=\"30%\"><span style=\"font-size: 10pt; font-family: arial, helvetica, sans-serif; color: #000080;\">Rozencveig, Pablo<\/span><\/td>\n<td style=\"text-align: center;\" width=\"10%\"><span style=\"font-size: 10pt; font-family: arial, helvetica, sans-serif; color: #000080;\">X<\/span><\/td>\n<\/tr>\n<tr>\n<td width=\"60%\"><span style=\"font-size: 10pt; font-family: arial, helvetica, sans-serif; color: #000080;\">\u00a0An\u00e1lisis de Modelos Circuitales II<\/span><\/td>\n<td width=\"30%\"><span style=\"font-size: 10pt; font-family: arial, helvetica, sans-serif; color: #000080;\">Lovillo, Adri\u00e1n<\/span><\/td>\n<td style=\"text-align: center;\" width=\"10%\"><span style=\"font-size: 10pt; font-family: arial, helvetica, sans-serif; color: #000080;\">X<\/span><\/td>\n<\/tr>\n<tr>\n<td width=\"60%\"><span style=\"font-size: 10pt; font-family: arial, helvetica, sans-serif; color: #000080;\">\u00a0Sistemas Electr\u00f3nicos Anal\u00f3gicos<\/span><\/td>\n<td width=\"30%\"><span style=\"font-size: 10pt; font-family: arial, helvetica, sans-serif; color: #000080;\">Celedon Walter<\/span><\/td>\n<td style=\"text-align: center;\" width=\"10%\"><span style=\"font-size: 10pt; font-family: arial, helvetica, sans-serif; color: #000080;\">X<\/span><\/td>\n<\/tr>\n<tr>\n<td width=\"60%\"><span style=\"font-size: 10pt; font-family: arial, helvetica, sans-serif; color: #000080;\">\u00a0Sistemas Electr\u00f3nicos Digitales<\/span><\/td>\n<td width=\"30%\"><span style=\"font-size: 10pt; font-family: arial, helvetica, sans-serif; color: #000080;\"><span style=\"font-size: 10pt; font-family: arial,helvetica,sans-serif;\">Coll Do\u00f1etz, Juan<\/span><\/span><\/td>\n<td style=\"text-align: center;\" width=\"10%\"><span style=\"font-size: 10pt; font-family: arial, helvetica, sans-serif; color: #000080;\">X<\/span><\/td>\n<\/tr>\n<tr>\n<td width=\"60%\"><span style=\"font-size: 10pt; font-family: arial, helvetica, sans-serif; color: #000080;\">\u00a0Comunicaciones y Sistemas de Modulaci\u00f3n<\/span><\/td>\n<td width=\"30%\"><span style=\"font-size: 10pt; font-family: arial, helvetica, sans-serif; color: #000080;\"><span style=\"font-size: 10pt; font-family: arial,helvetica,sans-serif;\">Coll Do\u00f1etz, Juan<\/span><\/span><\/td>\n<td style=\"text-align: center;\" width=\"10%\"><span style=\"font-size: 10pt; font-family: arial, helvetica, sans-serif; color: #000080;\">X<\/span><\/td>\n<\/tr>\n<tr>\n<td width=\"60%\"><span style=\"font-size: 10pt; font-family: arial, helvetica, sans-serif; color: #000080;\">\u00a0Simulaci\u00f3n, An\u00e1lisis y S\u00edntesis de Circuitos &#8211; Sistemas autom\u00e1ticos<\/span><\/td>\n<td width=\"30%\"><span style=\"font-size: 10pt; font-family: arial, helvetica, sans-serif; color: #000080;\">Vallejos, H\u00e9ctor<\/span><\/td>\n<td style=\"text-align: center;\" width=\"10%\"><span style=\"font-size: 10pt; font-family: arial, helvetica, sans-serif; color: #000080;\">X<\/span><\/td>\n<\/tr>\n<tr>\n<td width=\"60%\"><span style=\"color: #000080;\"><strong><span style=\"font-size: 10pt; font-family: arial,helvetica,sans-serif;\">ESPACIO DE LA PR\u00c1CTICA<\/span><\/strong><\/span><\/td>\n<td width=\"30%\"><span style=\"font-size: 10pt; font-family: arial, helvetica, sans-serif; color: #000080;\">\u00a0<\/span><\/td>\n<td width=\"10%\"><span style=\"font-size: 10pt; font-family: arial, helvetica, sans-serif; color: #000080;\">\u00a0<\/span><\/td>\n<\/tr>\n<tr>\n<td width=\"60%\"><span style=\"font-size: 10pt; font-family: arial, helvetica, sans-serif; color: #000080;\">\u00a0Espacio de la Pr\u00e1ctica Docente III<\/span><\/td>\n<td width=\"30%\"><span style=\"font-size: 10pt; font-family: arial, helvetica, sans-serif; color: #000080;\"><span style=\"font-size: 10pt; font-family: arial,helvetica,sans-serif;\">Coll Do\u00f1etz, Juan Manuel<\/span><\/span><\/td>\n<td width=\"10%\"><span style=\"font-size: 10pt; font-family: arial, helvetica, sans-serif; color: #000080;\">\u00a0<\/span><\/td>\n<\/tr>\n<\/tbody>\n<\/table>\n<p><span style=\"font-size: 10pt; color: #000080; font-family: arial, helvetica, sans-serif;\"><strong>Cuarto a\u00f1o:<\/strong><\/span><\/p>\n<table id=\"table1\" style=\"width: 100%;\" border=\"1\" cellspacing=\"1\" cellpadding=\"2\">\n<tbody>\n<tr>\n<td style=\"text-align: center;\" width=\"60%\"><span style=\"font-size: 10pt; font-family: arial, helvetica, sans-serif; color: #000080;\">\u00a0Materia<\/span><\/td>\n<td style=\"text-align: center;\" width=\"30%\"><span style=\"font-size: 10pt; font-family: arial, helvetica, sans-serif; color: #000080;\">Docente\u00a0<\/span><\/td>\n<td style=\"text-align: center;\" width=\"10%\"><span style=\"font-size: 10pt; font-family: arial, helvetica, sans-serif; color: #000080;\">\u00a0<\/span><\/td>\n<\/tr>\n<tr>\n<td width=\"60%\"><span style=\"color: #000080;\"><strong><span style=\"font-size: 10pt; font-family: arial,helvetica,sans-serif;\">ESPACIO DE LA\u00a0<\/span><\/strong><span style=\"font-family: arial, helvetica, sans-serif;\"><span style=\"font-size: 13.3333px;\"><b>ORIENTACI\u00d3N<\/b><\/span><\/span><\/span><\/td>\n<td width=\"30%\"><span style=\"font-size: 10pt; font-family: arial, helvetica, sans-serif; color: #000080;\">\u00a0<\/span><\/td>\n<td width=\"10%\"><span style=\"font-size: 10pt; font-family: arial, helvetica, sans-serif; color: #000080;\">\u00a0<\/span><\/td>\n<\/tr>\n<tr>\n<td width=\"60%\"><span style=\"font-size: 10pt; font-family: arial, helvetica, sans-serif; color: #000080;\"><b style=\"font-family: arial, helvetica, sans-serif; font-size: 10pt;\">\u00a0<\/b><span style=\"font-family: arial, helvetica, sans-serif;\"><span style=\"font-size: 13.3333px;\"><b>FORMACI\u00d3N<\/b><\/span><\/span><b style=\"font-family: arial, helvetica, sans-serif; font-size: 10pt;\">\u00a0GENERAL<\/b><\/span><\/td>\n<td width=\"30%\"><span style=\"font-size: 10pt; font-family: arial, helvetica, sans-serif; color: #000080;\">\u00a0<\/span><\/td>\n<td width=\"10%\"><span style=\"font-size: 10pt; font-family: arial, helvetica, sans-serif; color: #000080;\">\u00a0<\/span><\/td>\n<\/tr>\n<tr>\n<td width=\"60%\"><span style=\"font-size: 10pt; font-family: arial, helvetica, sans-serif; color: #000080;\">\u00a0Emprendimientos Productivos<\/span><\/td>\n<td width=\"30%\"><span style=\"font-size: 10pt; font-family: arial, helvetica, sans-serif; color: #000080;\">Caminos, Juan Pablo<\/span><\/td>\n<td style=\"text-align: center;\" width=\"10%\"><span style=\"font-size: 10pt; font-family: arial, helvetica, sans-serif; color: #000080;\">X<\/span><\/td>\n<\/tr>\n<tr>\n<td width=\"60%\"><span style=\"font-size: 10pt; font-family: arial, helvetica, sans-serif; color: #000080;\"><span style=\"font-family: arial, helvetica, sans-serif;\"><span style=\"font-size: 10pt;\"><b>\u00a0<\/b><\/span><span style=\"font-size: 13.3333px;\"><b>FORMACI\u00d3N<\/b><\/span><span style=\"font-size: 10pt;\"><b>\u00a0ESPEC\u00cdFICA<\/b><\/span><\/span><\/span><\/td>\n<td width=\"30%\"><span style=\"font-size: 10pt; font-family: arial, helvetica, sans-serif; color: #000080;\">\u00a0\u00a0<\/span><\/td>\n<td width=\"10%\"><span style=\"font-size: 10pt; font-family: arial, helvetica, sans-serif; color: #000080;\">\u00a0<\/span><\/td>\n<\/tr>\n<tr>\n<td width=\"60%\"><span style=\"font-size: 10pt; font-family: arial, helvetica, sans-serif; color: #000080;\">\u00a0Espacio de Definici\u00f3n Institucional<\/span><\/td>\n<td width=\"30%\"><span style=\"font-size: 10pt; font-family: arial, helvetica, sans-serif; color: #000080;\">De Luca, Pablo<\/span><\/td>\n<td style=\"text-align: center;\" width=\"10%\"><span style=\"font-size: 10pt; font-family: arial, helvetica, sans-serif; color: #000080;\">X<\/span><\/td>\n<\/tr>\n<tr>\n<td width=\"60%\"><span style=\"font-size: 10pt; font-family: arial, helvetica, sans-serif; color: #000080;\">\u00a0Instrumentaci\u00f3n y Sistemas Electr\u00f3nicos de Control<\/span><\/td>\n<td width=\"30%\"><span style=\"font-size: 10pt; font-family: arial, helvetica, sans-serif; color: #000080;\">Lovillo, Adri\u00e1n<\/span><\/td>\n<td style=\"text-align: center;\" width=\"10%\"><span style=\"font-size: 10pt; font-family: arial, helvetica, sans-serif; color: #000080;\">X<\/span><\/td>\n<\/tr>\n<tr>\n<td width=\"60%\"><span style=\"font-size: 10pt; font-family: arial, helvetica, sans-serif; color: #000080;\">\u00a0Tecnolog\u00edas de la Informaci\u00f3n y la Comunicaci\u00f3n<\/span><\/td>\n<td width=\"30%\"><span style=\"font-size: 10pt; font-family: arial, helvetica, sans-serif; color: #000080;\">De Luca, Pablo<\/span><\/td>\n<td style=\"text-align: center;\" width=\"10%\"><span style=\"font-size: 10pt; font-family: arial, helvetica, sans-serif; color: #000080;\">X<\/span><\/td>\n<\/tr>\n<tr>\n<td width=\"60%\"><span style=\"font-size: 10pt; font-family: arial, helvetica, sans-serif; color: #000080;\">\u00a0Tecnolog\u00eda de los Sistemas de Comunicaci\u00f3n<\/span><\/td>\n<td width=\"30%\"><span style=\"font-size: 10pt; font-family: arial, helvetica, sans-serif; color: #000080;\"><span style=\"font-size: 10pt; font-family: arial,helvetica,sans-serif;\">Rozencveig, Pablo<\/span><\/span><\/td>\n<td style=\"text-align: center;\" width=\"10%\"><span style=\"font-size: 10pt; font-family: arial, helvetica, sans-serif; color: #000080;\">X<\/span><\/td>\n<\/tr>\n<tr>\n<td width=\"60%\"><span style=\"font-size: 10pt; font-family: arial, helvetica, sans-serif; color: #000080;\">\u00a0Fundamentos y T\u00e9cnicas de la Electr\u00f3nica Industrial<\/span><\/td>\n<td width=\"30%\"><span style=\"font-size: 10pt; font-family: arial, helvetica, sans-serif; color: #000080;\">Vallejos, H\u00e9ctor<\/span><\/td>\n<td style=\"text-align: center;\" width=\"10%\"><span style=\"font-size: 10pt; font-family: arial, helvetica, sans-serif; color: #000080;\">X<\/span><\/td>\n<\/tr>\n<tr>\n<td width=\"60%\"><span style=\"font-size: 10pt; font-family: arial, helvetica, sans-serif; color: #000080;\">\u00a0Proyecto Tecnol\u00f3gico III<\/span><\/td>\n<td width=\"30%\"><span style=\"font-size: 10pt; font-family: arial, helvetica, sans-serif; color: #000080;\">Iatosti, Antonio<\/span><\/td>\n<td style=\"text-align: center;\" width=\"10%\"><span style=\"font-size: 10pt; font-family: arial, helvetica, sans-serif; color: #000080;\">X<\/span><\/td>\n<\/tr>\n<tr>\n<td width=\"60%\"><span style=\"color: #000080;\"><strong><span style=\"font-size: 10pt; font-family: arial,helvetica,sans-serif;\">ESPACIO DE LA PR\u00c1CTICA<\/span><\/strong><\/span><\/td>\n<td width=\"30%\"><span style=\"font-size: 10pt; font-family: arial, helvetica, sans-serif; color: #000080;\">\u00a0<\/span><\/td>\n<td width=\"10%\"><span style=\"font-size: 10pt; font-family: arial, helvetica, sans-serif; color: #000080;\">\u00a0<\/span><\/td>\n<\/tr>\n<tr>\n<td width=\"60%\"><span style=\"font-size: 10pt; font-family: arial, helvetica, sans-serif; color: #000080;\">\u00a0Espacio de la Pr\u00e1ctica Docente IV<\/span><\/td>\n<td width=\"30%\"><span style=\"font-size: 10pt; font-family: arial, helvetica, sans-serif; color: #000080;\">De Luca, Pablo<\/span><\/td>\n<td width=\"10%\"><span style=\"font-size: 10pt; font-family: arial, helvetica, sans-serif; color: #000080;\">\u00a0<\/span><\/td>\n<\/tr>\n<\/tbody>\n<\/table>\n<p><span style=\"font-size: 10pt; font-family: arial, helvetica, sans-serif; color: #000080;\"><a style=\"color: #000080;\" title=\"upload\/Correlativas_ET.pdf\" href=\"upload\/Correlativas_ET.pdf\" target=\"_blank\" rel=\"noopener\">R\u00e9gimen de correlatividades<\/a><\/span><\/p>\n","protected":false},"excerpt":{"rendered":"<p>Horario: Lunes a Viernes de 18:20 a 22:20 Hs. S\u00e1bados de 8:00 a 12:10 Hs. El plan de estudios vigente, cuya implementaci\u00f3n comienza en 2024, se corresponde con la carrera Profesorado de Educaci\u00f3n Secundaria T\u00e9cnico Profesional en Electr\u00f3nica. Para acceder al Dise\u00f1o Curricular pod\u00e9s hacer click aqu\u00ed Primer a\u00f1o: MATERIA DOCENTE\u00a0 \u00a0 \u00a0\u00a0\u00a0\u00a0\u00a0\u00a0\u00a0\u00a0\u00a0\u00a0\u00a0\u00a0\u00a0\u00a0\u00a0\u00a0\u00a0\u00a0\u00a0\u00a0\u00a0\u00a0\u00a0 \u00a0 CAMPO &#8230; <a title=\"Plan de estudios\" class=\"read-more\" href=\"https:\/\/isfd30-bue.infd.edu.ar\/sitio\/plan-de-estudios-et\/\" aria-label=\"More on Plan de estudios\">[+]<\/a><\/p>\n","protected":false},"author":904,"featured_media":0,"parent":0,"menu_order":0,"comment_status":"closed","ping_status":"closed","template":"","meta":[],"acf":[],"_links":{"self":[{"href":"https:\/\/isfd30-bue.infd.edu.ar\/sitio\/wp-json\/wp\/v2\/pages\/841"}],"collection":[{"href":"https:\/\/isfd30-bue.infd.edu.ar\/sitio\/wp-json\/wp\/v2\/pages"}],"about":[{"href":"https:\/\/isfd30-bue.infd.edu.ar\/sitio\/wp-json\/wp\/v2\/types\/page"}],"author":[{"embeddable":true,"href":"https:\/\/isfd30-bue.infd.edu.ar\/sitio\/wp-json\/wp\/v2\/users\/904"}],"replies":[{"embeddable":true,"href":"https:\/\/isfd30-bue.infd.edu.ar\/sitio\/wp-json\/wp\/v2\/comments?post=841"}],"version-history":[{"count":34,"href":"https:\/\/isfd30-bue.infd.edu.ar\/sitio\/wp-json\/wp\/v2\/pages\/841\/revisions"}],"predecessor-version":[{"id":2532,"href":"https:\/\/isfd30-bue.infd.edu.ar\/sitio\/wp-json\/wp\/v2\/pages\/841\/revisions\/2532"}],"wp:attachment":[{"href":"https:\/\/isfd30-bue.infd.edu.ar\/sitio\/wp-json\/wp\/v2\/media?parent=841"}],"curies":[{"name":"wp","href":"https:\/\/api.w.org\/{rel}","templated":true}]}}