{"id":836,"date":"2019-08-13T12:00:04","date_gmt":"2019-08-13T15:00:04","guid":{"rendered":"https:\/\/isfd30-bue.infd.edu.ar\/sitio\/concursos-docentes\/"},"modified":"2026-04-09T13:21:29","modified_gmt":"2026-04-09T16:21:29","slug":"concursos-docentes","status":"publish","type":"page","link":"https:\/\/isfd30-bue.infd.edu.ar\/sitio\/concursos-docentes\/","title":{"rendered":"Concursos docentes"},"content":{"rendered":"<p><strong><span style=\"color: #000080; font-family: arial,helvetica,sans-serif; font-size: 10pt;\"><span style=\"text-decoration: underline;\">Ponemos a disposici\u00f3n de las\/los interesadas\/os en concursar el siguiente archivo:<\/span><\/span><\/strong><\/p>\n<p><span style=\"color: #000080; font-family: arial,helvetica,sans-serif; font-size: 10pt;\"><a href=\"https:\/\/drive.google.com\/file\/d\/1xnJ5WHytWbUXBIkjD9f2SyXIlj0TE-3U\/view?usp=sharing\">Resoluci\u00f3n 6179\/25<\/a> (rige todo el sistema de coberturas de c\u00e1tedra para la Educaci\u00f3n Superior de la Provincia de Buenos Aires)<\/span><\/p>\n<ul>\n<li><strong><span style=\"color: #000080; font-family: arial,helvetica,sans-serif; font-size: 10pt;\">Se deber\u00e1 completar el formulario en l\u00ednea compartido en el llamado a concurso publicado por SAD.<\/span><\/strong><strong><span style=\"color: #000080; font-family: arial,helvetica,sans-serif; font-size: 10pt;\"> En ese formulario, adem\u00e1s, se deben adjuntar <\/span><\/strong><strong><span style=\"color: #000080; font-family: arial,helvetica,sans-serif; font-size: 10pt;\">\u00fanicamente 2 (dos) archivos en formato pdf <\/span><span style=\"color: #000080; font-family: arial,helvetica,sans-serif; font-size: 10pt;\">(la documentaci\u00f3n enviada por otros medios no se considerar\u00e1), a saber<\/span><\/strong><strong><span style=\"color: #000080; font-family: arial,helvetica,sans-serif; font-size: 10pt;\">:\u00a0<\/span><\/strong><\/li>\n<\/ul>\n<ol>\n<li><span style=\"color: #000080;\"><span style=\"color: #000080; font-family: arial,helvetica,sans-serif; font-size: 10pt;\"><span style=\"font-weight: 400;\">Formularios 1 y 2, y las probanzas (copia de las constancias de lo declarado comenzando por el DNI (anverso y reverso), oblea de Nivel Superior vigente, y los t\u00edtulos y cursos en anverso y reverso comenzando por el t\u00edtulo secundario). Nombrar al archivo: Apellido, Nombre-Documentaci\u00f3n.<\/span><\/span><\/span><\/li>\n<li><span style=\"color: #000080; font-family: arial,helvetica,sans-serif; font-size: 10pt;\"><span style=\"font-weight: 400;\">Propuesta pedag\u00f3gica. Nombrar al archivo: Apellido, Nombre-Propuesta. <\/span>\u00a0<\/span><\/li>\n<\/ol>\n<p><strong>Nota:<\/strong> <strong><span style=\"color: #000080; font-family: arial,helvetica,sans-serif; font-size: 10pt;\">El formulario estar\u00e1 disponible solo en las fechas de inscripci\u00f3n. No se aceptar\u00e1n formularios incompletos o enviados fuera de t\u00e9rmino.\u00a0<\/span><\/strong><\/p>\n<p style=\"text-align: center;\"><span style=\"font-size: 12pt;\"><strong><span style=\"color: #000080; font-family: arial, helvetica, sans-serif;\"><span style=\"text-decoration: underline;\">La difusi\u00f3n se realiza en <a href=\"https:\/\/abc.gob.ar\/sad\/ituzaingo\/inicio\">SAD Ituzaing\u00f3<\/a><\/span><\/span><\/strong><\/span><\/p>\n<p>\u00a0<\/p>\n\n\n<p><\/p>\n","protected":false},"excerpt":{"rendered":"<p>Ponemos a disposici\u00f3n de las\/los interesadas\/os en concursar el siguiente archivo: Resoluci\u00f3n 6179\/25 (rige todo el sistema de coberturas de c\u00e1tedra para la Educaci\u00f3n Superior de la Provincia de Buenos Aires) Se deber\u00e1 completar el formulario en l\u00ednea compartido en el llamado a concurso publicado por SAD. En ese formulario, adem\u00e1s, se deben adjuntar \u00fanicamente &#8230; <a title=\"Concursos docentes\" class=\"read-more\" href=\"https:\/\/isfd30-bue.infd.edu.ar\/sitio\/concursos-docentes\/\" aria-label=\"More on Concursos docentes\">[+]<\/a><\/p>\n","protected":false},"author":904,"featured_media":0,"parent":0,"menu_order":0,"comment_status":"closed","ping_status":"closed","template":"","meta":[],"acf":[],"_links":{"self":[{"href":"https:\/\/isfd30-bue.infd.edu.ar\/sitio\/wp-json\/wp\/v2\/pages\/836"}],"collection":[{"href":"https:\/\/isfd30-bue.infd.edu.ar\/sitio\/wp-json\/wp\/v2\/pages"}],"about":[{"href":"https:\/\/isfd30-bue.infd.edu.ar\/sitio\/wp-json\/wp\/v2\/types\/page"}],"author":[{"embeddable":true,"href":"https:\/\/isfd30-bue.infd.edu.ar\/sitio\/wp-json\/wp\/v2\/users\/904"}],"replies":[{"embeddable":true,"href":"https:\/\/isfd30-bue.infd.edu.ar\/sitio\/wp-json\/wp\/v2\/comments?post=836"}],"version-history":[{"count":89,"href":"https:\/\/isfd30-bue.infd.edu.ar\/sitio\/wp-json\/wp\/v2\/pages\/836\/revisions"}],"predecessor-version":[{"id":2933,"href":"https:\/\/isfd30-bue.infd.edu.ar\/sitio\/wp-json\/wp\/v2\/pages\/836\/revisions\/2933"}],"wp:attachment":[{"href":"https:\/\/isfd30-bue.infd.edu.ar\/sitio\/wp-json\/wp\/v2\/media?parent=836"}],"curies":[{"name":"wp","href":"https:\/\/api.w.org\/{rel}","templated":true}]}}