{"id":834,"date":"2018-08-29T19:03:04","date_gmt":"2018-08-29T22:03:04","guid":{"rendered":"https:\/\/isfd30-bue.infd.edu.ar\/sitio\/profesorado-de-ingles\/"},"modified":"2025-11-08T11:41:24","modified_gmt":"2025-11-08T14:41:24","slug":"profesorado-de-ingles","status":"publish","type":"page","link":"https:\/\/isfd30-bue.infd.edu.ar\/sitio\/profesorado-de-ingles\/","title":{"rendered":"Profesorado de Ingl\u00e9s"},"content":{"rendered":"<h4><a href=\"https:\/\/isfd30-bue.infd.edu.ar\/sitio\/wp-content\/uploads\/2025\/11\/1.png\"><img decoding=\"async\" loading=\"lazy\" class=\"alignnone size-large wp-image-2662\" src=\"https:\/\/isfd30-bue.infd.edu.ar\/sitio\/wp-content\/uploads\/2025\/11\/1-1343x1900.png\" alt=\"\" width=\"1200\" height=\"1698\" srcset=\"https:\/\/isfd30-bue.infd.edu.ar\/sitio\/wp-content\/uploads\/2025\/11\/1-1343x1900.png 1343w, https:\/\/isfd30-bue.infd.edu.ar\/sitio\/wp-content\/uploads\/2025\/11\/1-707x1000.png 707w, https:\/\/isfd30-bue.infd.edu.ar\/sitio\/wp-content\/uploads\/2025\/11\/1-768x1086.png 768w, https:\/\/isfd30-bue.infd.edu.ar\/sitio\/wp-content\/uploads\/2025\/11\/1-1086x1536.png 1086w, https:\/\/isfd30-bue.infd.edu.ar\/sitio\/wp-content\/uploads\/2025\/11\/1.png 1414w\" sizes=\"(max-width: 1200px) 100vw, 1200px\" \/><\/a><\/h4>\n<h4><\/h4>\n<h4><span style=\"font-size: 12; color: #cc6600; font-family: Arial;\"><strong>Profesorado de Ingl\u00e9s<\/strong><\/span><\/h4>\n<p><span style=\"font-weight: 400; color: #000080;\">Las\/los egresados de la carrera del Profesorado de Ingl\u00e9s puede desempe\u00f1arse tanto en el Nivel Primario como en el Nivel Secundario. La duraci\u00f3n de la carrera es de 4 a\u00f1os. De acuerdo con el Dise\u00f1o Curricular, la carrera est\u00e1 dividida en tres Campos de Formaci\u00f3n:\u00a0<\/span><\/p>\n<ul>\n<li style=\"font-weight: 400;\" aria-level=\"1\"><span style=\"font-weight: 400; color: #000080;\">Formaci\u00f3n General: Los conocimientos que lo integran provienen de distintas disciplinas (filosof\u00eda, historia, pedagog\u00eda, sociolog\u00eda, did\u00e1ctica, pol\u00edtica educativa, tecnolog\u00eda, psicolog\u00eda educacional).\u00a0<\/span><\/li>\n<li style=\"font-weight: 400;\" aria-level=\"1\"><span style=\"font-weight: 400; color: #000080;\">Formaci\u00f3n Espec\u00edfica: Tiene como prop\u00f3sito principal brindar aportes para conocer y comprender la especialidad de la ense\u00f1anza en la educaci\u00f3n primaria y secundaria. Las materias pertenecientes a este campo son dictadas en idioma ingl\u00e9s.\u00a0<\/span><\/li>\n<li style=\"font-weight: 400;\" aria-level=\"1\"><span style=\"font-weight: 400; color: #000080;\">Formaci\u00f3n Pr\u00e1ctica Profesional: Las\/los estudiantes realizar\u00e1n sus pr\u00e1cticas pedag\u00f3gicas en escuelas primarias y secundarias. Para ingresar, las\/los aspirantes deber\u00e1n rendir una Prueba de Formaci\u00f3n B\u00e1sica.\u00a0<\/span><\/li>\n<\/ul>\n<p><span style=\"font-weight: 400; color: #000080;\">Tambi\u00e9n ofrecemos el <strong>Curso de Formaci\u00f3n B\u00e1sica<\/strong>: Un curso opcional de un a\u00f1o de duraci\u00f3n que brindar\u00e1 herramientas a las\/los aspirantes para la Prueba de Formaci\u00f3n B\u00e1sica y sus primeros pasos en el Profesorado.<\/span><\/p>\n<p style=\"text-align: justify;\">\n","protected":false},"excerpt":{"rendered":"<p>Profesorado de Ingl\u00e9s Las\/los egresados de la carrera del Profesorado de Ingl\u00e9s puede desempe\u00f1arse tanto en el Nivel Primario como en el Nivel Secundario. La duraci\u00f3n de la carrera es de 4 a\u00f1os. De acuerdo con el Dise\u00f1o Curricular, la carrera est\u00e1 dividida en tres Campos de Formaci\u00f3n:\u00a0 Formaci\u00f3n General: Los conocimientos que lo integran &#8230; <a title=\"Profesorado de Ingl\u00e9s\" class=\"read-more\" href=\"https:\/\/isfd30-bue.infd.edu.ar\/sitio\/profesorado-de-ingles\/\" aria-label=\"More on Profesorado de Ingl\u00e9s\">[+]<\/a><\/p>\n","protected":false},"author":904,"featured_media":0,"parent":0,"menu_order":0,"comment_status":"closed","ping_status":"closed","template":"","meta":[],"acf":[],"_links":{"self":[{"href":"https:\/\/isfd30-bue.infd.edu.ar\/sitio\/wp-json\/wp\/v2\/pages\/834"}],"collection":[{"href":"https:\/\/isfd30-bue.infd.edu.ar\/sitio\/wp-json\/wp\/v2\/pages"}],"about":[{"href":"https:\/\/isfd30-bue.infd.edu.ar\/sitio\/wp-json\/wp\/v2\/types\/page"}],"author":[{"embeddable":true,"href":"https:\/\/isfd30-bue.infd.edu.ar\/sitio\/wp-json\/wp\/v2\/users\/904"}],"replies":[{"embeddable":true,"href":"https:\/\/isfd30-bue.infd.edu.ar\/sitio\/wp-json\/wp\/v2\/comments?post=834"}],"version-history":[{"count":10,"href":"https:\/\/isfd30-bue.infd.edu.ar\/sitio\/wp-json\/wp\/v2\/pages\/834\/revisions"}],"predecessor-version":[{"id":2803,"href":"https:\/\/isfd30-bue.infd.edu.ar\/sitio\/wp-json\/wp\/v2\/pages\/834\/revisions\/2803"}],"wp:attachment":[{"href":"https:\/\/isfd30-bue.infd.edu.ar\/sitio\/wp-json\/wp\/v2\/media?parent=834"}],"curies":[{"name":"wp","href":"https:\/\/api.w.org\/{rel}","templated":true}]}}