{"id":818,"date":"2018-08-29T19:02:56","date_gmt":"2018-08-29T22:02:56","guid":{"rendered":"https:\/\/isfd30-bue.infd.edu.ar\/sitio\/profesorado-y-tecnicatura-sup-de-electronica\/"},"modified":"2025-11-07T22:45:45","modified_gmt":"2025-11-08T01:45:45","slug":"profesorado-y-tecnicatura-sup-de-electronica","status":"publish","type":"page","link":"https:\/\/isfd30-bue.infd.edu.ar\/sitio\/profesorado-y-tecnicatura-sup-de-electronica\/","title":{"rendered":"Profesorado de Electr\u00f3nica"},"content":{"rendered":"\n<figure class=\"wp-block-image size-large\"><img decoding=\"async\" loading=\"lazy\" width=\"1343\" height=\"1900\" src=\"https:\/\/isfd30-bue.infd.edu.ar\/sitio\/wp-content\/uploads\/2025\/11\/3-1343x1900.png\" alt=\"\" class=\"wp-image-2660\" srcset=\"https:\/\/isfd30-bue.infd.edu.ar\/sitio\/wp-content\/uploads\/2025\/11\/3-1343x1900.png 1343w, https:\/\/isfd30-bue.infd.edu.ar\/sitio\/wp-content\/uploads\/2025\/11\/3-707x1000.png 707w, https:\/\/isfd30-bue.infd.edu.ar\/sitio\/wp-content\/uploads\/2025\/11\/3-768x1086.png 768w, https:\/\/isfd30-bue.infd.edu.ar\/sitio\/wp-content\/uploads\/2025\/11\/3-1086x1536.png 1086w, https:\/\/isfd30-bue.infd.edu.ar\/sitio\/wp-content\/uploads\/2025\/11\/3.png 1414w\" sizes=\"(max-width: 1343px) 100vw, 1343px\" \/><\/figure>\n\n\n<p>\u00a0<\/p>\n<h3><span style=\"color: #ff6600;\">Profesorado de Educaci\u00f3n Secundaria T\u00e9cnico Profesional en Electr\u00f3nica<\/span><\/h3>\n<p>\u00a0<\/p>\n<p><span style=\"color: #003366;\">El Profesorado de Educaci\u00f3n Secundaria T\u00e9cnico Profesional en Electr\u00f3nica permitir\u00e1, a quien egrese, articular los saberes propios del campo profesional y pedag\u00f3gicos de la Educaci\u00f3n T\u00e9cnico Profesional abordando la ense\u00f1anza en di\u00e1logo con el contexto social, pol\u00edtico, cultural y acad\u00e9mico.<\/span><\/p>\n<p><span style=\"color: #003366;\">Sobre la base de que el trabajo docente tiene entre sus principales prop\u00f3sitos promover una escuela comprometida con la igualdad y con la democratizaci\u00f3n del conocimiento, quien posea esta titulaci\u00f3n podr\u00e1 desenvolverse en por lo menos dos niveles. El primero consiste en un nivel intersubjetivo o social. En este sentido, se espera que la profesora o el profesor pueda asumir el desaf\u00edo pedag\u00f3gico de elaborar, coordinar y evaluar las propuestas de ense\u00f1anza que fortalezcan las trayectorias educativas reconociendo a la docencia como un trabajo intr\u00ednsecamente colectivo. Sus propuestas pondr\u00e1n el eje en la relaci\u00f3n estrecha entre las econom\u00edas regionales y la Educaci\u00f3n T\u00e9cnico Profesional y entre los procesos socio-productivos y el ambiente. A su vez, situar\u00e1 la discusi\u00f3n respecto de las posiciones que ocupan los diversos g\u00e9neros en la producci\u00f3n y sobre los saberes populares que fueron desplazados tanto por los grandes actores econ\u00f3micos como por los procesos socio-productivos hegem\u00f3nicos.<\/span><\/p>\n<p><span style=\"color: #003366;\">El segundo nivel reside en un plano subjetivo. Ser\u00e1 capaz de problematizar su v\u00ednculo con el conocimiento tanto cient\u00edfico-tecnol\u00f3gico como el de su pr\u00e1ctica docente, bas\u00e1ndose en la reflexi\u00f3n sobre la acci\u00f3n y contemplando la actualizaci\u00f3n del propio campo. Esto supone tambi\u00e9n un trabajo con otras y otros que posibilite la producci\u00f3n de conocimiento pedag\u00f3gico transformador.<\/span><\/p>\n<p><span style=\"color: #003366;\">En funci\u00f3n de lo anterior, la presente propuesta busca formar Profesoras y Profesores de Educaci\u00f3n Secundaria T\u00e9cnico Profesional en Electr\u00f3nica que asuman responsablemente:<\/span><\/p>\n<ul>\n<li><span style=\"color: #003366;\">Las tareas de ense\u00f1ar, producir y transmitir conocimientos para la formaci\u00f3n de profesionales t\u00e9cnicos de nivel secundario en \u00e1reas de conocimiento, saberes y pr\u00e1cticas relativos a la electr\u00f3nica desde el compromiso con la igualdad y la construcci\u00f3n de sociedades m\u00e1s justas;<\/span><\/li>\n<\/ul>\n<ul>\n<li><span style=\"color: #003366;\">La elaboraci\u00f3n, coordinaci\u00f3n y evaluaci\u00f3n de propuestas de ense\u00f1anza que integren los conocimientos te\u00f3ricos y pr\u00e1cticos vinculados al perfil t\u00e9cnico profesional de nivel secundario de las tecnicaturas vinculadas a la electr\u00f3nica;<\/span><\/li>\n<\/ul>\n<ul>\n<li><span style=\"color: #003366;\">El dise\u00f1o, implementaci\u00f3n y evaluaci\u00f3n de proyectos formativos en vinculaci\u00f3n con el perfil t\u00e9cnico profesional y el sector productivo local, en el marco de las pr\u00e1cticas profesionalizantes, promoviendo el trabajo grupal y colaborativo entre pares;<\/span><\/li>\n<\/ul>\n<ul>\n<li><span style=\"color: #003366;\">La funci\u00f3n de acompa\u00f1amiento a las trayectorias educativas como una de las bases para su actuaci\u00f3n docente, con el prop\u00f3sito de favorecer aprendizajes y afianzar la autonom\u00eda de las y los adolescentes y j\u00f3venes para transitar la escolaridad secundaria;<\/span><\/li>\n<\/ul>\n<ul>\n<li><span style=\"color: #003366;\">La selecci\u00f3n y utilizaci\u00f3n de tecnolog\u00edas digitales en las propuestas pedag\u00f3gicas, de manera contextualizada, a fin de desarrollar capacidades propias de la especialidad;<\/span><\/li>\n<\/ul>\n<ul>\n<li><span style=\"color: #003366;\">La planificaci\u00f3n, ejecuci\u00f3n y evaluaci\u00f3n de proyectos colectivos relacionados con la formaci\u00f3n t\u00e9cnico profesional, tanto vinculados a la labor docente como a la cultural;<\/span><\/li>\n<\/ul>\n<ul>\n<li><span style=\"color: #003366;\">La participaci\u00f3n activa en la mejora institucional proponiendo alternativas, estrategias y proyectos educativos en vinculaci\u00f3n con la comunidad y el sector t\u00e9cnico profesional de referencia;<\/span><\/li>\n<\/ul>\n<ul>\n<li><span style=\"color: #003366;\">La integraci\u00f3n de equipos de asesoramiento profesional y t\u00e9cnico acerca de la ense\u00f1anza t\u00e9cnico profesional en distintas instituciones;<\/span><\/li>\n<\/ul>\n<ul>\n<li><span style=\"color: #003366;\">La reflexi\u00f3n individual y colectiva en relaci\u00f3n a los procesos de ense\u00f1anza, as\u00ed como su sistematizaci\u00f3n en diferentes soportes y actividades (jornadas de trabajo intraescolares e interescolares, espacios de intercambio acad\u00e9mico, art\u00edculos, entre otros).<\/span><\/li>\n<\/ul>","protected":false},"excerpt":{"rendered":"<p>\u00a0 Profesorado de Educaci\u00f3n Secundaria T\u00e9cnico Profesional en Electr\u00f3nica \u00a0 El Profesorado de Educaci\u00f3n Secundaria T\u00e9cnico Profesional en Electr\u00f3nica permitir\u00e1, a quien egrese, articular los saberes propios del campo profesional y pedag\u00f3gicos de la Educaci\u00f3n T\u00e9cnico Profesional abordando la ense\u00f1anza en di\u00e1logo con el contexto social, pol\u00edtico, cultural y acad\u00e9mico. Sobre la base de que &#8230; <a title=\"Profesorado de Electr\u00f3nica\" class=\"read-more\" href=\"https:\/\/isfd30-bue.infd.edu.ar\/sitio\/profesorado-y-tecnicatura-sup-de-electronica\/\" aria-label=\"More on Profesorado de Electr\u00f3nica\">[+]<\/a><\/p>\n","protected":false},"author":904,"featured_media":0,"parent":0,"menu_order":0,"comment_status":"closed","ping_status":"closed","template":"","meta":[],"acf":[],"_links":{"self":[{"href":"https:\/\/isfd30-bue.infd.edu.ar\/sitio\/wp-json\/wp\/v2\/pages\/818"}],"collection":[{"href":"https:\/\/isfd30-bue.infd.edu.ar\/sitio\/wp-json\/wp\/v2\/pages"}],"about":[{"href":"https:\/\/isfd30-bue.infd.edu.ar\/sitio\/wp-json\/wp\/v2\/types\/page"}],"author":[{"embeddable":true,"href":"https:\/\/isfd30-bue.infd.edu.ar\/sitio\/wp-json\/wp\/v2\/users\/904"}],"replies":[{"embeddable":true,"href":"https:\/\/isfd30-bue.infd.edu.ar\/sitio\/wp-json\/wp\/v2\/comments?post=818"}],"version-history":[{"count":9,"href":"https:\/\/isfd30-bue.infd.edu.ar\/sitio\/wp-json\/wp\/v2\/pages\/818\/revisions"}],"predecessor-version":[{"id":2753,"href":"https:\/\/isfd30-bue.infd.edu.ar\/sitio\/wp-json\/wp\/v2\/pages\/818\/revisions\/2753"}],"wp:attachment":[{"href":"https:\/\/isfd30-bue.infd.edu.ar\/sitio\/wp-json\/wp\/v2\/media?parent=818"}],"curies":[{"name":"wp","href":"https:\/\/api.w.org\/{rel}","templated":true}]}}