{"id":816,"date":"2018-08-29T19:02:56","date_gmt":"2018-08-29T22:02:56","guid":{"rendered":"https:\/\/isfd30-bue.infd.edu.ar\/sitio\/el-instituto\/"},"modified":"2023-11-25T11:39:30","modified_gmt":"2023-11-25T14:39:30","slug":"el-instituto","status":"publish","type":"page","link":"https:\/\/isfd30-bue.infd.edu.ar\/sitio\/el-instituto\/","title":{"rendered":"Datos Institucionales"},"content":{"rendered":"<p><span style=\"font-family: arial, helvetica, sans-serif; font-size: 10pt; color: #000080;\"><strong>El Instituto Superior de Formaci\u00f3n Docente N\u00b0 30 se encuentra ubicado en la ciudad de Ituzaing\u00f3, cabecera del distrito de igual nombre, Provincia de Buenos Aires.<\/strong><\/span><\/p>\n<p><span style=\"font-family: arial, helvetica, sans-serif; font-size: 10pt; color: #000080;\"><strong>Domicilios:<\/strong><\/span><\/p>\n<p style=\"padding-left: 30px;\"><span style=\"font-family: arial, helvetica, sans-serif; font-size: 10pt; color: #000080;\"><strong>Sede:<\/strong> Las Heras 210 (esq. Mansilla) &#8211; Ciudad de Ituzaing\u00f3<br \/>\n<strong>Tel\u00e9fono:<\/strong> 4458-4345<\/span><\/p>\n<p style=\"padding-left: 30px;\"><span style=\"font-family: arial, helvetica, sans-serif; font-size: 10pt; color: #000080;\"><strong>Anexo:<\/strong> Rondeau 575 &#8211; Ciudad de Ituzaing\u00f3<\/span><\/p>\n<p><span style=\"font-family: arial, helvetica, sans-serif; font-size: 10pt; color: #000080;\"><strong>Horario:<\/strong> Lunes a Viernes de 18:20 a 22:20 Hs. \/ S\u00e1bados de 8:00 a 12:10 Hs.<br \/>\n<strong>Correo electr\u00f3nico:<\/strong> <a style=\"color: #000080;\" href=\"mailto:isfd30.da.vinci@gmail.com\">isfd30.da.vinci@gmail.com<\/a><\/span><\/p>\n<p><span style=\"font-family: arial, helvetica, sans-serif; font-size: 10pt; color: #000080;\"><strong>\u00bfC\u00f3mo se puede llegar?<\/strong><br \/>\nLos medios de transporte con los que se puede llegar al Instituto son:<\/span><\/p>\n<p><span style=\"font-family: arial, helvetica, sans-serif; font-size: 10pt; color: #000080;\">Tren:<br \/>\nEx-Ferrocarril Sarmiento<\/span><\/p>\n<p><span style=\"font-family: arial, helvetica, sans-serif; font-size: 10pt; color: #000080;\">Colectivos:<br \/>\nL\u00edneas 57 (ex 52), 136, 153, 238, 269, 312, 321, 395, 441<\/span><\/p>\n<p><img decoding=\"async\" loading=\"lazy\" class=\"alignright size-full wp-image-1050\" src=\"https:\/\/isfd30-bue.infd.edu.ar\/sitio\/wp-content\/uploads\/2019\/03\/Ubicaci\u00f3n_ISFD_30.jpg\" alt=\"\" width=\"938\" height=\"627\" srcset=\"https:\/\/isfd30-bue.infd.edu.ar\/sitio\/wp-content\/uploads\/2019\/03\/Ubicaci\u00f3n_ISFD_30.jpg 938w, https:\/\/isfd30-bue.infd.edu.ar\/sitio\/wp-content\/uploads\/2019\/03\/Ubicaci\u00f3n_ISFD_30-768x513.jpg 768w\" sizes=\"(max-width: 938px) 100vw, 938px\" \/><\/p>\n","protected":false},"excerpt":{"rendered":"<p>El Instituto Superior de Formaci\u00f3n Docente N\u00b0 30 se encuentra ubicado en la ciudad de Ituzaing\u00f3, cabecera del distrito de igual nombre, Provincia de Buenos Aires. Domicilios: Sede: Las Heras 210 (esq. Mansilla) &#8211; Ciudad de Ituzaing\u00f3 Tel\u00e9fono: 4458-4345 Anexo: Rondeau 575 &#8211; Ciudad de Ituzaing\u00f3 Horario: Lunes a Viernes de 18:20 a 22:20 Hs. &#8230; <a title=\"Datos Institucionales\" class=\"read-more\" href=\"https:\/\/isfd30-bue.infd.edu.ar\/sitio\/el-instituto\/\" aria-label=\"More on Datos Institucionales\">[+]<\/a><\/p>\n","protected":false},"author":904,"featured_media":0,"parent":0,"menu_order":0,"comment_status":"closed","ping_status":"closed","template":"","meta":[],"acf":[],"_links":{"self":[{"href":"https:\/\/isfd30-bue.infd.edu.ar\/sitio\/wp-json\/wp\/v2\/pages\/816"}],"collection":[{"href":"https:\/\/isfd30-bue.infd.edu.ar\/sitio\/wp-json\/wp\/v2\/pages"}],"about":[{"href":"https:\/\/isfd30-bue.infd.edu.ar\/sitio\/wp-json\/wp\/v2\/types\/page"}],"author":[{"embeddable":true,"href":"https:\/\/isfd30-bue.infd.edu.ar\/sitio\/wp-json\/wp\/v2\/users\/904"}],"replies":[{"embeddable":true,"href":"https:\/\/isfd30-bue.infd.edu.ar\/sitio\/wp-json\/wp\/v2\/comments?post=816"}],"version-history":[{"count":9,"href":"https:\/\/isfd30-bue.infd.edu.ar\/sitio\/wp-json\/wp\/v2\/pages\/816\/revisions"}],"predecessor-version":[{"id":2036,"href":"https:\/\/isfd30-bue.infd.edu.ar\/sitio\/wp-json\/wp\/v2\/pages\/816\/revisions\/2036"}],"wp:attachment":[{"href":"https:\/\/isfd30-bue.infd.edu.ar\/sitio\/wp-json\/wp\/v2\/media?parent=816"}],"curies":[{"name":"wp","href":"https:\/\/api.w.org\/{rel}","templated":true}]}}