{"id":1841,"date":"2022-09-12T00:00:00","date_gmt":"2022-09-12T03:00:00","guid":{"rendered":"https:\/\/isfd30-bue.infd.edu.ar\/sitio\/?page_id=1841"},"modified":"2024-04-18T20:25:59","modified_gmt":"2024-04-18T23:25:59","slug":"jornada_accesibilidad","status":"publish","type":"page","link":"https:\/\/isfd30-bue.infd.edu.ar\/sitio\/proyectos\/jornada_accesibilidad\/","title":{"rendered":"2\u00b0 Jornada de Accesibilidad"},"content":{"rendered":"<p style=\"text-align: center;\"><span style=\"color: #000080;\"><span style=\"font-family: arial, helvetica, sans-serif; font-size: 16pt;\"><strong>Gesti\u00f3n de la Accesibilidad en Entornos Educativos y Formativos<\/strong><\/span><\/span><\/p>\n<p style=\"text-align: center;\"><strong><span style=\"color: #000080;\"><span style=\"font-family: arial, helvetica, sans-serif; font-size: 14pt;\">Mi\u00e9rcoles 28 de septiembre de 2022 a las 18:00 Hs. (actividad presencial y gratuita)<\/span><\/span><\/strong><\/p>\n<p style=\"text-align: center;\"><span style=\"color: #000080;\"><span style=\"font-family: arial, helvetica, sans-serif; font-size: 12pt;\"><strong>Requiere inscripci\u00f3n previa<\/strong><br \/>\n<\/span><span style=\"color: #000080;\">Fecha l\u00edmite de para la inscripci\u00f3n: jueves 22 de septiembre (inclusive)<\/span><\/span><\/p>\n<p style=\"text-align: justify;\"><a href=\"https:\/\/isfd30-bue.infd.edu.ar\/sitio\/2da-jornada-de-accesibilidad\/\"><span style=\"color: #000080;\"><span style=\"font-family: arial, helvetica, sans-serif; font-size: 11pt;\">Para ver la s\u00edntesis de la Jornada (click aqu\u00ed)<\/span><\/span><\/a><\/p>\n<p style=\"text-align: justify;\"><strong><span style=\"color: #000080;\"><span style=\"font-family: arial, helvetica, sans-serif; font-size: 10pt;\">Invitan y organizan:&nbsp;<\/span><\/span><\/strong><\/p>\n<p style=\"text-align: justify;\"><span style=\"color: #000080;\"><span style=\"font-family: arial, helvetica, sans-serif; font-size: 10pt;\">Instituto Superior de Formaci\u00f3n Docente N\u00ba 30 \u00abLeonardo Da Vinci\u00bb<\/span><\/span><\/p>\n<p style=\"text-align: justify;\"><span style=\"color: #000080;\"><span style=\"font-family: arial, helvetica, sans-serif; font-size: 10pt;\">Colegio de Arquitectos de la Provincia de Buenos Aires &#8211; Distrito III<\/span><\/span><\/p>\n<p style=\"text-align: justify;\"><span style=\"color: #000080;\"><span style=\"font-family: arial, helvetica, sans-serif; font-size: 10pt;\"><strong>Coordinaci\u00f3n:<\/strong> Arq. Patricia Tranquilli<\/span><\/span><\/p>\n<p style=\"text-align: justify;\"><strong><span style=\"color: #000080;\"><span style=\"font-family: arial, helvetica, sans-serif; font-size: 12pt;\">Programa:<\/span><\/span><\/strong><\/p>\n<p style=\"text-align: justify;\"><span style=\"color: #000080;\"><span style=\"font-family: arial, helvetica, sans-serif; font-size: 10pt;\">18.00 hs &#8211; Acreditaci\u00f3n<\/span><\/span><\/p>\n<p style=\"text-align: justify;\"><span style=\"color: #000080;\"><span style=\"font-family: arial, helvetica, sans-serif; font-size: 10pt;\">18.30hs &#8211;&nbsp; Apertura: Prof. Luis Morales Torres &#8211; Arq. Patricia Tranquilli<\/span><\/span><\/p>\n<p style=\"text-align: justify;\"><span style=\"color: #000080;\"><span style=\"font-family: arial, helvetica, sans-serif; font-size: 10pt;\">18.50 hs &#8211; \u00bfQui\u00e9n pone las Reglas? \u00bfQu\u00e9 es lo que discapacita?<\/span><\/span><\/p>\n<p style=\"text-align: justify;\"><span style=\"color: #000080;\"><span style=\"font-family: arial, helvetica, sans-serif; font-size: 10pt;\">VIDEO: \u201cCambiando las reglas\u201d \u2013 Moderadora: Prof. Rosana Alonso<\/span><\/span><\/p>\n<p style=\"text-align: justify;\"><span style=\"color: #000080;\"><span style=\"font-family: arial, helvetica, sans-serif; font-size: 10pt;\">19.30 &#8211; Discapacidad y Derechos &#8211; Modelo Social: Prof. Rosana Alonso- Asociaci\u00f3n Autodeterminaci\u00f3n e Inclusi\u00f3n de las Personas con Discapacidad &#8211; ISFD N\u00ba 21 &#8211; Dr. Ricardo Rojas. Profesorado de Educaci\u00f3n Especial.&nbsp;<\/span><\/span><\/p>\n<p style=\"text-align: justify;\"><span style=\"color: #000080;\"><span style=\"font-family: arial, helvetica, sans-serif; font-size: 10pt;\">19.50 \u2013 Itinerarios Peatonales Accesibles: Arq. Cecilia Gonz\u00e1lez Campo &#8211; Fundaci\u00f3n Rumbos<\/span><\/span><\/p>\n<p style=\"text-align: justify;\"><span style=\"color: #000080;\"><span style=\"font-family: arial, helvetica, sans-serif; font-size: 10pt;\">20.00 &#8211; Intervalo<\/span><\/span><\/p>\n<p style=\"text-align: justify;\"><span style=\"color: #000080;\"><span style=\"font-family: arial, helvetica, sans-serif; font-size: 10pt;\">20.20 &#8211; Educaci\u00f3n T\u00e9cnica y Accesibilidad &#8211; Prof. Julio Rodr\u00edguez &#8211; Especialidad Construcciones &#8211; E.E.S.T. N\u00ba1 &#8211; Mor\u00f3n<\/span><\/span><\/p>\n<p style=\"text-align: justify;\"><span style=\"color: #000080;\"><span style=\"font-family: arial, helvetica, sans-serif; font-size: 10pt;\">20.40 \u2013 Educaci\u00f3n, Discapacidad Visual y Accesibilidad: Video. Prof. Ana Galli y Trad. Mabel Romero &#8211; Biblioteca Parlante Sur &#8211; Haedo<\/span><\/span><\/p>\n<p style=\"text-align: justify;\"><span style=\"color: #000080;\"><span style=\"font-family: arial, helvetica, sans-serif; font-size: 10pt;\">21.00 &#8211; Formaci\u00f3n Profesional y Accesibilidad: Prof. Dar\u00edo Recalde &#8211; Especialidad Electromec\u00e1nica&nbsp; &#8211; CFP N\u00ba 401 &#8211; Libertad &#8211; Merlo<\/span><\/span><\/p>\n<p style=\"text-align: justify;\"><span style=\"color: #000080;\"><span style=\"font-family: arial, helvetica, sans-serif; font-size: 10pt;\">21.20 &#8211; Preguntas &#8211; Cierre<\/span><\/span><\/p>\n<p style=\"text-align: justify;\"><a href=\"https:\/\/isfd30-bue.infd.edu.ar\/sitio\/wp-content\/uploads\/2022\/09\/Invitacion-2o-Jornada-Accesibilidad.pdf\" target=\"_blank\" rel=\"noopener\"><span style=\"color: #0000ff;\">Descargar Flyer y Programa<\/span><\/a><\/p>\n","protected":false},"excerpt":{"rendered":"<p>Gesti\u00f3n de la Accesibilidad en Entornos Educativos y Formativos Mi\u00e9rcoles 28 de septiembre de 2022 a las 18:00 Hs. (actividad presencial y gratuita) Requiere inscripci\u00f3n previa Fecha l\u00edmite de para la inscripci\u00f3n: jueves 22 de septiembre (inclusive) Para ver la s\u00edntesis de la Jornada (click aqu\u00ed) Invitan y organizan:&nbsp; Instituto Superior de Formaci\u00f3n Docente N\u00ba &#8230; <a title=\"2\u00b0 Jornada de Accesibilidad\" class=\"read-more\" href=\"https:\/\/isfd30-bue.infd.edu.ar\/sitio\/proyectos\/jornada_accesibilidad\/\" aria-label=\"More on 2\u00b0 Jornada de Accesibilidad\">[+]<\/a><\/p>\n","protected":false},"author":900,"featured_media":0,"parent":827,"menu_order":-3,"comment_status":"closed","ping_status":"closed","template":"","meta":[],"acf":[],"_links":{"self":[{"href":"https:\/\/isfd30-bue.infd.edu.ar\/sitio\/wp-json\/wp\/v2\/pages\/1841"}],"collection":[{"href":"https:\/\/isfd30-bue.infd.edu.ar\/sitio\/wp-json\/wp\/v2\/pages"}],"about":[{"href":"https:\/\/isfd30-bue.infd.edu.ar\/sitio\/wp-json\/wp\/v2\/types\/page"}],"author":[{"embeddable":true,"href":"https:\/\/isfd30-bue.infd.edu.ar\/sitio\/wp-json\/wp\/v2\/users\/900"}],"replies":[{"embeddable":true,"href":"https:\/\/isfd30-bue.infd.edu.ar\/sitio\/wp-json\/wp\/v2\/comments?post=1841"}],"version-history":[{"count":8,"href":"https:\/\/isfd30-bue.infd.edu.ar\/sitio\/wp-json\/wp\/v2\/pages\/1841\/revisions"}],"predecessor-version":[{"id":2311,"href":"https:\/\/isfd30-bue.infd.edu.ar\/sitio\/wp-json\/wp\/v2\/pages\/1841\/revisions\/2311"}],"up":[{"embeddable":true,"href":"https:\/\/isfd30-bue.infd.edu.ar\/sitio\/wp-json\/wp\/v2\/pages\/827"}],"wp:attachment":[{"href":"https:\/\/isfd30-bue.infd.edu.ar\/sitio\/wp-json\/wp\/v2\/media?parent=1841"}],"curies":[{"name":"wp","href":"https:\/\/api.w.org\/{rel}","templated":true}]}}