{"id":1562,"date":"2021-03-02T12:01:19","date_gmt":"2021-03-02T15:01:19","guid":{"rendered":"https:\/\/isfd30-bue.infd.edu.ar\/sitio\/?page_id=1562"},"modified":"2025-12-13T12:28:43","modified_gmt":"2025-12-13T15:28:43","slug":"pases","status":"publish","type":"page","link":"https:\/\/isfd30-bue.infd.edu.ar\/sitio\/pases\/","title":{"rendered":"Pases"},"content":{"rendered":"<p style=\"text-align: justify;\"><span style=\"font-family: arial, helvetica, sans-serif; font-size: 12pt; color: #000080;\">Los\/las interesados\/as en hacer pases hacia y desde el Instituto deben saber cu\u00e1l es el procedimiento descripto en la normativa vigente (<strong>Manual de Procedimientos Administrativos para la Educaci\u00f3n Superior y R\u00e9gimen Acad\u00e9mico Marco &#8211; Res. 4196\/24<\/strong>):<\/span><\/p>\n<p style=\"text-align: justify;\"><span style=\"font-family: arial, helvetica, sans-serif; font-size: 10pt; color: #000080;\"><strong>Desarrollo del procedimiento:\u00a0<\/strong>El tr\u00e1mite de pase solo se realiza para carreras vigentes en la Provincia de Buenos Aires.<\/span><\/p>\n<p style=\"text-align: justify;\"><span style=\"font-family: arial, helvetica, sans-serif; font-size: 10pt; color: #000080;\"><strong>La\/el estudiante:<\/strong> solicita su inscripci\u00f3n por nota a la Direcci\u00f3n del Instituto al que aspira ingresar, fundamentando el motivo del pase, adjuntando certificaci\u00f3n que lo justifique y constancia que acredite su condici\u00f3n de estudiante de la carrera e instituto del que proviene (<em>constancia de acreditaci\u00f3n total de las unidades curriculares -porcentaje de materias aprobadas- con detalle de fecha de acreditaci\u00f3n, libro y folio de registro, carrera y Resoluci\u00f3n de la Provincia de Buenos Aires, situaci\u00f3n acad\u00e9mica de las unidades curriculares en curso con asistencia e informe acad\u00e9mico al momento del pedido de pase, y legajo original)<\/em>.<\/span><\/p>\n<p style=\"text-align: justify;\"><span style=\"font-family: arial, helvetica, sans-serif; font-size: 10pt; color: #000080;\"><strong>El Instituto:<\/strong><br \/>\u2022 Si hay vacantes, Secretar\u00eda verifica a qu\u00e9 jurisdicci\u00f3n pertenece la instituci\u00f3n de origen y si las causas que motivan la solicitud se ajustan a la normativa vigente. <strong>El tr\u00e1mite solamente se realiza para el mismo Plan de Estudios en la Provincia de Buenos Aires (estudiantes de carreras cuyo plan de estudios no est\u00e1 vigente deben inscribirse en 1er a\u00f1o y tramitar equivalencias)<\/strong>.<br \/>\u2022 Tramita el pase (<em>solicitando la informaci\u00f3n que se detalla en el Manual<\/em>)<\/span><\/p>\n\n\n<p><\/p>\n","protected":false},"excerpt":{"rendered":"<p>Los\/las interesados\/as en hacer pases hacia y desde el Instituto deben saber cu\u00e1l es el procedimiento descripto en la normativa vigente (Manual de Procedimientos Administrativos para la Educaci\u00f3n Superior y R\u00e9gimen Acad\u00e9mico Marco &#8211; Res. 4196\/24): Desarrollo del procedimiento:\u00a0El tr\u00e1mite de pase solo se realiza para carreras vigentes en la Provincia de Buenos Aires. La\/el &#8230; <a title=\"Pases\" class=\"read-more\" href=\"https:\/\/isfd30-bue.infd.edu.ar\/sitio\/pases\/\" aria-label=\"More on Pases\">[+]<\/a><\/p>\n","protected":false},"author":901,"featured_media":0,"parent":0,"menu_order":0,"comment_status":"closed","ping_status":"closed","template":"","meta":[],"acf":[],"_links":{"self":[{"href":"https:\/\/isfd30-bue.infd.edu.ar\/sitio\/wp-json\/wp\/v2\/pages\/1562"}],"collection":[{"href":"https:\/\/isfd30-bue.infd.edu.ar\/sitio\/wp-json\/wp\/v2\/pages"}],"about":[{"href":"https:\/\/isfd30-bue.infd.edu.ar\/sitio\/wp-json\/wp\/v2\/types\/page"}],"author":[{"embeddable":true,"href":"https:\/\/isfd30-bue.infd.edu.ar\/sitio\/wp-json\/wp\/v2\/users\/901"}],"replies":[{"embeddable":true,"href":"https:\/\/isfd30-bue.infd.edu.ar\/sitio\/wp-json\/wp\/v2\/comments?post=1562"}],"version-history":[{"count":8,"href":"https:\/\/isfd30-bue.infd.edu.ar\/sitio\/wp-json\/wp\/v2\/pages\/1562\/revisions"}],"predecessor-version":[{"id":2914,"href":"https:\/\/isfd30-bue.infd.edu.ar\/sitio\/wp-json\/wp\/v2\/pages\/1562\/revisions\/2914"}],"wp:attachment":[{"href":"https:\/\/isfd30-bue.infd.edu.ar\/sitio\/wp-json\/wp\/v2\/media?parent=1562"}],"curies":[{"name":"wp","href":"https:\/\/api.w.org\/{rel}","templated":true}]}}