{"id":1102,"date":"2019-04-01T12:52:01","date_gmt":"2019-04-01T15:52:01","guid":{"rendered":"https:\/\/isfd30-bue.infd.edu.ar\/sitio\/?page_id=1102"},"modified":"2020-02-03T18:53:46","modified_gmt":"2020-02-03T21:53:46","slug":"los-30-del-30","status":"publish","type":"page","link":"https:\/\/isfd30-bue.infd.edu.ar\/sitio\/proyectos\/los-30-del-30\/","title":{"rendered":"Los 30 del 30"},"content":{"rendered":"<p style=\"text-align: justify;\"><span style=\"font-family: arial, helvetica, sans-serif; font-size: 10pt; color: #000080;\">En el a\u00f1o 2019 se cumplieron 30 a\u00f1os de la creaci\u00f3n del Instituto Superior de Formaci\u00f3n Docente N\u00ba 30. Con tal motivo se planificaron una serie de actividades cuya finalidad era hacer un festejo que durara todo el a\u00f1o. Estas son las rese\u00f1as de algunas de esas actividades :<\/span><\/p>\n<p><span style=\"font-family: arial, helvetica, sans-serif; font-size: 10pt; color: #000080;\">3 de abril &#8211; Conmemoraci\u00f3n del D\u00eda del Veterano y de los Ca\u00eddos en la Guerra de Malvinas <a href=\"https:\/\/isfd30-bue.infd.edu.ar\/sitio\/dia-del-veterano\/\">(para ver hacer click aqu\u00ed)<\/a><\/span><\/p>\n<p><span style=\"font-family: arial, helvetica, sans-serif; font-size: 10pt; color: #000080;\">24 de abril &#8211; Charla sobre Neuroling\u00fc\u00edstica en Educaci\u00f3n <a href=\"https:\/\/isfd30-bue.infd.edu.ar\/sitio\/neurolinguistica-en-educacion\/\">(para ver hacer click aqu\u00ed)<\/a><\/span><\/p>\n<p><span style=\"font-family: arial, helvetica, sans-serif; font-size: 10pt; color: #000080;\">3 de julio &#8211; Charla sobre Dise\u00f1o Universal para el Aprendizaje (<a href=\"https:\/\/isfd30-bue.infd.edu.ar\/sitio\/charla-sobre-educacion-especial\/\">para ver hacer click aqu\u00ed<\/a>)<\/span><\/p>\n<p><span style=\"font-family: arial, helvetica, sans-serif; font-size: 10pt; color: #000080;\">7 de octubre &#8211; Charla sobre energ\u00edas renovables (<a href=\"https:\/\/isfd30-bue.infd.edu.ar\/sitio\/charla-introduccion-a-las-energias-renovables\/\">para ver hacer click aqu\u00ed<\/a>)<\/span><\/p>\n<p><span style=\"font-family: arial, helvetica, sans-serif; font-size: 10pt; color: #000080;\">19 de octubre &#8211; S\u00e1bado de inmersi\u00f3n 2019 (<a href=\"https:\/\/isfd30-bue.infd.edu.ar\/sitio\/sabado-de-inmersion-2019\/\">para ver hacer click aqu\u00ed<\/a>)<\/span><\/p>\n<p><span style=\"font-family: arial, helvetica, sans-serif; font-size: 10pt; color: #000080;\">8 de noviembre &#8211; Acto Central (<a href=\"https:\/\/isfd30-bue.infd.edu.ar\/sitio\/acto-central-30-anos\/\">para ver hacer click aqu\u00ed<\/a>)<\/span><\/p>\n","protected":false},"excerpt":{"rendered":"<p>En el a\u00f1o 2019 se cumplieron 30 a\u00f1os de la creaci\u00f3n del Instituto Superior de Formaci\u00f3n Docente N\u00ba 30. Con tal motivo se planificaron una serie de actividades cuya finalidad era hacer un festejo que durara todo el a\u00f1o. Estas son las rese\u00f1as de algunas de esas actividades : 3 de abril &#8211; Conmemoraci\u00f3n del &#8230; <a title=\"Los 30 del 30\" class=\"read-more\" href=\"https:\/\/isfd30-bue.infd.edu.ar\/sitio\/proyectos\/los-30-del-30\/\" aria-label=\"More on Los 30 del 30\">[+]<\/a><\/p>\n","protected":false},"author":901,"featured_media":0,"parent":827,"menu_order":0,"comment_status":"closed","ping_status":"closed","template":"","meta":[],"acf":[],"_links":{"self":[{"href":"https:\/\/isfd30-bue.infd.edu.ar\/sitio\/wp-json\/wp\/v2\/pages\/1102"}],"collection":[{"href":"https:\/\/isfd30-bue.infd.edu.ar\/sitio\/wp-json\/wp\/v2\/pages"}],"about":[{"href":"https:\/\/isfd30-bue.infd.edu.ar\/sitio\/wp-json\/wp\/v2\/types\/page"}],"author":[{"embeddable":true,"href":"https:\/\/isfd30-bue.infd.edu.ar\/sitio\/wp-json\/wp\/v2\/users\/901"}],"replies":[{"embeddable":true,"href":"https:\/\/isfd30-bue.infd.edu.ar\/sitio\/wp-json\/wp\/v2\/comments?post=1102"}],"version-history":[{"count":10,"href":"https:\/\/isfd30-bue.infd.edu.ar\/sitio\/wp-json\/wp\/v2\/pages\/1102\/revisions"}],"predecessor-version":[{"id":1366,"href":"https:\/\/isfd30-bue.infd.edu.ar\/sitio\/wp-json\/wp\/v2\/pages\/1102\/revisions\/1366"}],"up":[{"embeddable":true,"href":"https:\/\/isfd30-bue.infd.edu.ar\/sitio\/wp-json\/wp\/v2\/pages\/827"}],"wp:attachment":[{"href":"https:\/\/isfd30-bue.infd.edu.ar\/sitio\/wp-json\/wp\/v2\/media?parent=1102"}],"curies":[{"name":"wp","href":"https:\/\/api.w.org\/{rel}","templated":true}]}}