{"id":1066,"date":"2019-03-27T14:43:21","date_gmt":"2019-03-27T17:43:21","guid":{"rendered":"https:\/\/isfd30-bue.infd.edu.ar\/sitio\/?page_id=1066"},"modified":"2019-05-08T15:19:51","modified_gmt":"2019-05-08T18:19:51","slug":"aspyboot","status":"publish","type":"page","link":"https:\/\/isfd30-bue.infd.edu.ar\/sitio\/proyectos\/aspyboot\/","title":{"rendered":"Aspyboot"},"content":{"rendered":"<p style=\"text-align: justify;\"><span style=\"color: #000080;\">El Proyecto Aspyboot fue llevado a cabo en el transcurso del a\u00f1o 2018, por estudiantes de 4to. a\u00f1o del Profesorado de Educaci\u00f3n Secundaria en Tecnolog\u00edas de Electr\u00f3nica, en el marco de la c\u00e1tedra \u00abFundamentos y T\u00e9cnicas de la Electr\u00f3nica Industrial\u00bb, a cargo del Profesor H\u00e9ctor Vallejos.<\/span><\/p>\n<p><span style=\"color: #000080;\">Los estudiantes que participaron de este proyecto fueron:<\/span><\/p>\n<p><span style=\"color: #000080;\">Germ\u00e1n Gonz\u00e1lez<\/span><br \/>\n<span style=\"color: #000080;\">Lucas Llanos<\/span><br \/>\n<span style=\"color: #000080;\">H\u00e9ctor M\u00e9ndez<\/span><br \/>\n<span style=\"color: #000080;\">Rub\u00e9n Pastrana<\/span><br \/>\n<span style=\"color: #000080;\">V\u00edctor S\u00e1ndez<\/span><br \/>\n<span style=\"color: #000080;\">Daniel Sosa<\/span><br \/>\n<span style=\"color: #000080;\">Andr\u00e9s Valenzuela<\/span><\/p>\n<p><iframe loading=\"lazy\" src=\"https:\/\/www.youtube.com\/embed\/xL9galFVckg\" width=\"560\" height=\"315\" frameborder=\"0\" allowfullscreen=\"allowfullscreen\"><\/iframe><\/p>\n","protected":false},"excerpt":{"rendered":"<p>El Proyecto Aspyboot fue llevado a cabo en el transcurso del a\u00f1o 2018, por estudiantes de 4to. a\u00f1o del Profesorado de Educaci\u00f3n Secundaria en Tecnolog\u00edas de Electr\u00f3nica, en el marco de la c\u00e1tedra \u00abFundamentos y T\u00e9cnicas de la Electr\u00f3nica Industrial\u00bb, a cargo del Profesor H\u00e9ctor Vallejos. Los estudiantes que participaron de este proyecto fueron: Germ\u00e1n &#8230; <a title=\"Aspyboot\" class=\"read-more\" href=\"https:\/\/isfd30-bue.infd.edu.ar\/sitio\/proyectos\/aspyboot\/\" aria-label=\"More on Aspyboot\">[+]<\/a><\/p>\n","protected":false},"author":901,"featured_media":0,"parent":827,"menu_order":0,"comment_status":"closed","ping_status":"closed","template":"","meta":[],"acf":[],"_links":{"self":[{"href":"https:\/\/isfd30-bue.infd.edu.ar\/sitio\/wp-json\/wp\/v2\/pages\/1066"}],"collection":[{"href":"https:\/\/isfd30-bue.infd.edu.ar\/sitio\/wp-json\/wp\/v2\/pages"}],"about":[{"href":"https:\/\/isfd30-bue.infd.edu.ar\/sitio\/wp-json\/wp\/v2\/types\/page"}],"author":[{"embeddable":true,"href":"https:\/\/isfd30-bue.infd.edu.ar\/sitio\/wp-json\/wp\/v2\/users\/901"}],"replies":[{"embeddable":true,"href":"https:\/\/isfd30-bue.infd.edu.ar\/sitio\/wp-json\/wp\/v2\/comments?post=1066"}],"version-history":[{"count":4,"href":"https:\/\/isfd30-bue.infd.edu.ar\/sitio\/wp-json\/wp\/v2\/pages\/1066\/revisions"}],"predecessor-version":[{"id":1198,"href":"https:\/\/isfd30-bue.infd.edu.ar\/sitio\/wp-json\/wp\/v2\/pages\/1066\/revisions\/1198"}],"up":[{"embeddable":true,"href":"https:\/\/isfd30-bue.infd.edu.ar\/sitio\/wp-json\/wp\/v2\/pages\/827"}],"wp:attachment":[{"href":"https:\/\/isfd30-bue.infd.edu.ar\/sitio\/wp-json\/wp\/v2\/media?parent=1066"}],"curies":[{"name":"wp","href":"https:\/\/api.w.org\/{rel}","templated":true}]}}