{"id":1052,"date":"2019-03-27T14:11:46","date_gmt":"2019-03-27T17:11:46","guid":{"rendered":"https:\/\/isfd30-bue.infd.edu.ar\/sitio\/?page_id=1052"},"modified":"2020-02-03T17:01:50","modified_gmt":"2020-02-03T20:01:50","slug":"sabado-de-inmersion","status":"publish","type":"page","link":"https:\/\/isfd30-bue.infd.edu.ar\/sitio\/proyectos\/sabado-de-inmersion\/","title":{"rendered":"S\u00e1bado de Inmersi\u00f3n"},"content":{"rendered":"<p style=\"text-align: justify;\"><span style=\"font-family: arial, helvetica, sans-serif; font-size: 10pt; color: #000080;\"><span style=\"color: #000080;\">El \u201cS\u00e1bado de Inmersi\u00f3n\u201d es un proyecto del Profesorado de Ingl\u00e9s que naci\u00f3 en 2011. Entre los variados objetivos de este proyecto se cuentan el ejercicio y disfrute de la lengua extranjera en contextos informales que desaf\u00edan la l\u00f3gica aulica tradicional, y el intercambio colaborativo entre alumnos y docentes de los distintos niveles, lo que reafirma un sentimiento de pertenencia institucional que a lo largo de los a\u00f1os viene impactando de manera positiva tanto en las trayectorias acad\u00e9micas individuales como en las relaciones diarias entre los miembros de nuestra comunidad educativa.<\/span><\/span><\/p>\n<p style=\"text-align: justify;\"><span style=\"font-family: arial, helvetica, sans-serif; font-size: 10pt; color: #000080;\">Todos los a\u00f1os, docentes de distintas \u00e1reas se unen para trabajar en equipos y ofrecer actividades recreativas que brindan a los alumnos una oportunidad para desplegar sus competencias comunicativas en contextos no-acad\u00e9micos.<\/span><\/p>\n<p style=\"text-align: justify;\"><span style=\"font-family: arial, helvetica, sans-serif; font-size: 10pt; color: #000080;\">Una jornada de real aprendizaje comunicativo y significativo, dos cualidades pedag\u00f3gicas que esperamos sigan orientando nuestra propuesta institucional durante los pr\u00f3ximos a\u00f1os, e inspirando a los alumnos a asumir una pr\u00e1ctica docente honesta, alegre y comprometida.<\/span><\/p>\n<p style=\"text-align: justify;\"><span style=\"font-family: arial, helvetica, sans-serif; font-size: 10pt; color: #000080;\"><a href=\"https:\/\/isfd30-bue.infd.edu.ar\/sitio\/sabado-de-inmersion\/\">S\u00e1bado de Inmersi\u00f3n 2015 (click aqu\u00ed)<\/a><\/span><\/p>\n<p style=\"text-align: justify;\"><span style=\"font-family: arial, helvetica, sans-serif; font-size: 10pt; color: #000080;\"><a href=\"https:\/\/isfd30-bue.infd.edu.ar\/sitio\/sabado-de-inmersion-2019\/\">S\u00e1bado de Inmersi\u00f3n 2019 (click aqu\u00ed)<\/a><\/span><\/p>\n","protected":false},"excerpt":{"rendered":"<p>El \u201cS\u00e1bado de Inmersi\u00f3n\u201d es un proyecto del Profesorado de Ingl\u00e9s que naci\u00f3 en 2011. Entre los variados objetivos de este proyecto se cuentan el ejercicio y disfrute de la lengua extranjera en contextos informales que desaf\u00edan la l\u00f3gica aulica tradicional, y el intercambio colaborativo entre alumnos y docentes de los distintos niveles, lo que &#8230; <a title=\"S\u00e1bado de Inmersi\u00f3n\" class=\"read-more\" href=\"https:\/\/isfd30-bue.infd.edu.ar\/sitio\/proyectos\/sabado-de-inmersion\/\" aria-label=\"More on S\u00e1bado de Inmersi\u00f3n\">[+]<\/a><\/p>\n","protected":false},"author":901,"featured_media":0,"parent":827,"menu_order":0,"comment_status":"closed","ping_status":"closed","template":"","meta":[],"acf":[],"_links":{"self":[{"href":"https:\/\/isfd30-bue.infd.edu.ar\/sitio\/wp-json\/wp\/v2\/pages\/1052"}],"collection":[{"href":"https:\/\/isfd30-bue.infd.edu.ar\/sitio\/wp-json\/wp\/v2\/pages"}],"about":[{"href":"https:\/\/isfd30-bue.infd.edu.ar\/sitio\/wp-json\/wp\/v2\/types\/page"}],"author":[{"embeddable":true,"href":"https:\/\/isfd30-bue.infd.edu.ar\/sitio\/wp-json\/wp\/v2\/users\/901"}],"replies":[{"embeddable":true,"href":"https:\/\/isfd30-bue.infd.edu.ar\/sitio\/wp-json\/wp\/v2\/comments?post=1052"}],"version-history":[{"count":8,"href":"https:\/\/isfd30-bue.infd.edu.ar\/sitio\/wp-json\/wp\/v2\/pages\/1052\/revisions"}],"predecessor-version":[{"id":1349,"href":"https:\/\/isfd30-bue.infd.edu.ar\/sitio\/wp-json\/wp\/v2\/pages\/1052\/revisions\/1349"}],"up":[{"embeddable":true,"href":"https:\/\/isfd30-bue.infd.edu.ar\/sitio\/wp-json\/wp\/v2\/pages\/827"}],"wp:attachment":[{"href":"https:\/\/isfd30-bue.infd.edu.ar\/sitio\/wp-json\/wp\/v2\/media?parent=1052"}],"curies":[{"name":"wp","href":"https:\/\/api.w.org\/{rel}","templated":true}]}}